{"id":9982,"date":"2025-02-09T16:12:24","date_gmt":"2025-02-09T15:12:24","guid":{"rendered":"https:\/\/legrenierdelatour.be\/brocante\/?post_type=product&#038;p=9982"},"modified":"2025-02-09T16:12:25","modified_gmt":"2025-02-09T15:12:25","slug":"vide-poches-joseph-kutter-et-sosthene-weis-villeroy-boch","status":"publish","type":"product","link":"https:\/\/legrenierdelatour.be\/brocante\/produit\/vide-poches-joseph-kutter-et-sosthene-weis-villeroy-boch\/","title":{"rendered":"Vide-poches Joseph Kutter et Sosth\u00e8ne Weis, Villeroy &#038; Boch"},"content":{"rendered":"<p>Bo\u00eete comprenant deux vide-poches, l&rsquo;un comportant une peinture de Joseph Kutter (c\u00f4t\u00e9 de 13,5 cm) et l\u2019autre portant une aquarelle de Sosth\u00e8ne Weis (9 cm de c\u00f4t\u00e9). Cette bo\u00eete a \u00e9t\u00e9 \u00e9dit\u00e9e par eu.lu, et est une \u00e9dition du Mus\u00e9e National d\u2019histoire et d\u2019art, Luxembourg. Cet ensemble manufactur\u00e9 par Villeroy &amp; Boch est dat\u00e9 de 2005 et est dans sa bo\u00eete d\u2019origine.<\/p>\n<div>R\u00e9f 39.79<\/div>\n","protected":false},"excerpt":{"rendered":"<p>Bo\u00eete comprenant deux vide-poches, l&rsquo;un comportant une peinture de Joseph Kutter (c\u00f4t\u00e9 de 13,5 cm) et l\u2019autre portant une aquarelle de Sosth\u00e8ne Weis (9 cm de c\u00f4t\u00e9). Cette bo\u00eete a \u00e9t\u00e9 \u00e9dit\u00e9e par eu.lu, et est une \u00e9dition du Mus\u00e9e National d\u2019histoire et d\u2019art, Luxembourg. Cet ensemble manufactur\u00e9 par Villeroy &amp; Boch est dat\u00e9 de&hellip;&nbsp;<a href=\"https:\/\/legrenierdelatour.be\/brocante\/produit\/vide-poches-joseph-kutter-et-sosthene-weis-villeroy-boch\/\" class=\"\" rel=\"bookmark\">Lire la suite &raquo;<span class=\"screen-reader-text\">Vide-poches Joseph Kutter et Sosth\u00e8ne Weis, Villeroy &#038; Boch<\/span><\/a><\/p>\n","protected":false},"featured_media":9978,"comment_status":"open","ping_status":"closed","template":"","meta":{"neve_meta_sidebar":"","neve_meta_container":"","neve_meta_enable_content_width":"off","neve_meta_content_width":100,"neve_meta_title_alignment":"","neve_meta_author_avatar":"","neve_post_elements_order":"","neve_meta_disable_header":"","neve_meta_disable_footer":"","neve_meta_disable_title":""},"product_brand":[],"product_cat":[165,30,166,167,29],"product_tag":[],"class_list":{"0":"post-9982","1":"product","2":"type-product","3":"status-publish","4":"has-post-thumbnail","6":"product_cat-luxembourg","7":"product_cat-luxemburgensia","8":"product_cat-luxemburgensia-luxemburgensia","9":"product_cat-peintures-et-sculptures","10":"product_cat-villeroy-boch","12":"first","13":"instock","14":"shipping-taxable","15":"purchasable","16":"product-type-simple"},"_links":{"self":[{"href":"https:\/\/legrenierdelatour.be\/brocante\/wp-json\/wp\/v2\/product\/9982","targetHints":{"allow":["GET"]}}],"collection":[{"href":"https:\/\/legrenierdelatour.be\/brocante\/wp-json\/wp\/v2\/product"}],"about":[{"href":"https:\/\/legrenierdelatour.be\/brocante\/wp-json\/wp\/v2\/types\/product"}],"replies":[{"embeddable":true,"href":"https:\/\/legrenierdelatour.be\/brocante\/wp-json\/wp\/v2\/comments?post=9982"}],"wp:featuredmedia":[{"embeddable":true,"href":"https:\/\/legrenierdelatour.be\/brocante\/wp-json\/wp\/v2\/media\/9978"}],"wp:attachment":[{"href":"https:\/\/legrenierdelatour.be\/brocante\/wp-json\/wp\/v2\/media?parent=9982"}],"wp:term":[{"taxonomy":"product_brand","embeddable":true,"href":"https:\/\/legrenierdelatour.be\/brocante\/wp-json\/wp\/v2\/product_brand?post=9982"},{"taxonomy":"product_cat","embeddable":true,"href":"https:\/\/legrenierdelatour.be\/brocante\/wp-json\/wp\/v2\/product_cat?post=9982"},{"taxonomy":"product_tag","embeddable":true,"href":"https:\/\/legrenierdelatour.be\/brocante\/wp-json\/wp\/v2\/product_tag?post=9982"}],"curies":[{"name":"wp","href":"https:\/\/api.w.org\/{rel}","templated":true}]}}