{"id":998,"date":"2022-03-25T12:37:42","date_gmt":"2022-03-25T11:37:42","guid":{"rendered":"https:\/\/legrenierdelatour.be\/brocante\/?post_type=product&#038;p=998"},"modified":"2022-05-19T16:34:46","modified_gmt":"2022-05-19T14:34:46","slug":"tasses-arcopal-fruits","status":"publish","type":"product","link":"https:\/\/legrenierdelatour.be\/brocante\/produit\/tasses-arcopal-fruits\/","title":{"rendered":"Tasses Arcopal \u00ab\u00a0Fruits\u00a0\u00bb"},"content":{"rendered":"<p>Trois tasses (8,5 cm diam\u00e8tre) Arcopal avec motifs de fruits, produites en France dans les ann\u00e9es 1970-80.<\/p>\n<div>R\u00e9f 10.10<\/div>\n","protected":false},"excerpt":{"rendered":"<p>Trois tasses (8,5 cm diam\u00e8tre) Arcopal avec motifs de fruits, produites en France dans les ann\u00e9es 1970-80. R\u00e9f 10.10<\/p>\n","protected":false},"featured_media":983,"comment_status":"open","ping_status":"closed","template":"","meta":{"neve_meta_sidebar":"","neve_meta_container":"","neve_meta_enable_content_width":"off","neve_meta_content_width":100,"neve_meta_title_alignment":"","neve_meta_author_avatar":"","neve_post_elements_order":"","neve_meta_disable_header":"","neve_meta_disable_footer":"","neve_meta_disable_title":""},"product_brand":[],"product_cat":[115,116,172,163,22],"product_tag":[88,28],"class_list":{"0":"post-998","1":"product","2":"type-product","3":"status-publish","4":"has-post-thumbnail","6":"product_cat-arcopal","7":"product_cat-cristal-darques","8":"product_cat-en-cuisine","9":"product_cat-productions-francaises","10":"product_cat-verrerie","11":"product_tag-arcopal","12":"product_tag-vintage","14":"first","15":"instock","16":"shipping-taxable","17":"purchasable","18":"product-type-simple"},"_links":{"self":[{"href":"https:\/\/legrenierdelatour.be\/brocante\/wp-json\/wp\/v2\/product\/998","targetHints":{"allow":["GET"]}}],"collection":[{"href":"https:\/\/legrenierdelatour.be\/brocante\/wp-json\/wp\/v2\/product"}],"about":[{"href":"https:\/\/legrenierdelatour.be\/brocante\/wp-json\/wp\/v2\/types\/product"}],"replies":[{"embeddable":true,"href":"https:\/\/legrenierdelatour.be\/brocante\/wp-json\/wp\/v2\/comments?post=998"}],"wp:featuredmedia":[{"embeddable":true,"href":"https:\/\/legrenierdelatour.be\/brocante\/wp-json\/wp\/v2\/media\/983"}],"wp:attachment":[{"href":"https:\/\/legrenierdelatour.be\/brocante\/wp-json\/wp\/v2\/media?parent=998"}],"wp:term":[{"taxonomy":"product_brand","embeddable":true,"href":"https:\/\/legrenierdelatour.be\/brocante\/wp-json\/wp\/v2\/product_brand?post=998"},{"taxonomy":"product_cat","embeddable":true,"href":"https:\/\/legrenierdelatour.be\/brocante\/wp-json\/wp\/v2\/product_cat?post=998"},{"taxonomy":"product_tag","embeddable":true,"href":"https:\/\/legrenierdelatour.be\/brocante\/wp-json\/wp\/v2\/product_tag?post=998"}],"curies":[{"name":"wp","href":"https:\/\/api.w.org\/{rel}","templated":true}]}}