{"id":9954,"date":"2025-02-05T15:12:32","date_gmt":"2025-02-05T14:12:32","guid":{"rendered":"https:\/\/legrenierdelatour.be\/brocante\/?post_type=product&#038;p=9954"},"modified":"2025-02-05T15:12:32","modified_gmt":"2025-02-05T14:12:32","slug":"applique-a-rouleaux-vintage-me-marbach-1960","status":"publish","type":"product","link":"https:\/\/legrenierdelatour.be\/brocante\/produit\/applique-a-rouleaux-vintage-me-marbach-1960\/","title":{"rendered":"Applique \u00e0 rouleaux vintage, ME Marbach 1960"},"content":{"rendered":"<p>Belle lampe applique (20 cm de haut \/ 28 cm de large) compos\u00e9e 4\u00a0rouleaux en plastique \u00e9pais structur\u00e9. Cette belle applique en plexiglas est issue de la manufacture allemande ME Marbach Leuchten, dans les ann\u00e9es 1960. Les rouleaux de plexiglas translucides sont gaufr\u00e9s et donnent une lumi\u00e8re d\u00e9multipli\u00e9e tr\u00e8s particuli\u00e8re. C\u2019est une illustration parfaite de la p\u00e9riode Space Age. Le syst\u00e8me d\u2019allumage se fait via une cordelette. Cette lampe est en tr\u00e8s bon \u00e9tat.<\/p>\n<div>Deux exemplaires disponibles.<\/p>\n<div>R\u00e9f 39.70<\/div>\n<\/div>\n","protected":false},"excerpt":{"rendered":"<p>Belle lampe applique (20 cm de haut \/ 28 cm de large) compos\u00e9e 4\u00a0rouleaux en plastique \u00e9pais structur\u00e9. Cette belle applique en plexiglas est issue de la manufacture allemande ME Marbach Leuchten, dans les ann\u00e9es 1960. Les rouleaux de plexiglas translucides sont gaufr\u00e9s et donnent une lumi\u00e8re d\u00e9multipli\u00e9e tr\u00e8s particuli\u00e8re. C\u2019est une illustration parfaite de&hellip;&nbsp;<a href=\"https:\/\/legrenierdelatour.be\/brocante\/produit\/applique-a-rouleaux-vintage-me-marbach-1960\/\" class=\"\" rel=\"bookmark\">Lire la suite &raquo;<span class=\"screen-reader-text\">Applique \u00e0 rouleaux vintage, ME Marbach 1960<\/span><\/a><\/p>\n","protected":false},"featured_media":9952,"comment_status":"open","ping_status":"closed","template":"","meta":{"neve_meta_sidebar":"","neve_meta_container":"","neve_meta_enable_content_width":"off","neve_meta_content_width":100,"neve_meta_title_alignment":"","neve_meta_author_avatar":"","neve_post_elements_order":"","neve_meta_disable_header":"","neve_meta_disable_footer":"","neve_meta_disable_title":""},"product_brand":[],"product_cat":[24],"product_tag":[],"class_list":{"0":"post-9954","1":"product","2":"type-product","3":"status-publish","4":"has-post-thumbnail","6":"product_cat-luminaires","8":"first","9":"instock","10":"shipping-taxable","11":"purchasable","12":"product-type-simple"},"_links":{"self":[{"href":"https:\/\/legrenierdelatour.be\/brocante\/wp-json\/wp\/v2\/product\/9954","targetHints":{"allow":["GET"]}}],"collection":[{"href":"https:\/\/legrenierdelatour.be\/brocante\/wp-json\/wp\/v2\/product"}],"about":[{"href":"https:\/\/legrenierdelatour.be\/brocante\/wp-json\/wp\/v2\/types\/product"}],"replies":[{"embeddable":true,"href":"https:\/\/legrenierdelatour.be\/brocante\/wp-json\/wp\/v2\/comments?post=9954"}],"wp:featuredmedia":[{"embeddable":true,"href":"https:\/\/legrenierdelatour.be\/brocante\/wp-json\/wp\/v2\/media\/9952"}],"wp:attachment":[{"href":"https:\/\/legrenierdelatour.be\/brocante\/wp-json\/wp\/v2\/media?parent=9954"}],"wp:term":[{"taxonomy":"product_brand","embeddable":true,"href":"https:\/\/legrenierdelatour.be\/brocante\/wp-json\/wp\/v2\/product_brand?post=9954"},{"taxonomy":"product_cat","embeddable":true,"href":"https:\/\/legrenierdelatour.be\/brocante\/wp-json\/wp\/v2\/product_cat?post=9954"},{"taxonomy":"product_tag","embeddable":true,"href":"https:\/\/legrenierdelatour.be\/brocante\/wp-json\/wp\/v2\/product_tag?post=9954"}],"curies":[{"name":"wp","href":"https:\/\/api.w.org\/{rel}","templated":true}]}}