{"id":9943,"date":"2025-02-05T14:04:25","date_gmt":"2025-02-05T13:04:25","guid":{"rendered":"https:\/\/legrenierdelatour.be\/brocante\/?post_type=product&#038;p=9943"},"modified":"2025-02-05T14:06:13","modified_gmt":"2025-02-05T13:06:13","slug":"peinture-grund-s-collignon-1988","status":"publish","type":"product","link":"https:\/\/legrenierdelatour.be\/brocante\/produit\/peinture-grund-s-collignon-1988\/","title":{"rendered":"Peinture \u00ab\u00a0Grund\u00a0\u00bb S Collignon 1988"},"content":{"rendered":"<p>Peinture \u00e0 l\u2019huile sur toile (60&#215;40 cm) repr\u00e9senatnt une vue du Grund \u00e0 Luxembourg; Elle est sign\u00e9e G (S?) Collignon et dat\u00e9e de 1988. Annot\u00e9e \u00e0 l\u2019arri\u00e8re \u00ab\u00a0Grund 1988\u00a0\u00bb. Cet artiste sans doute luxembourgeois, n\u2019a pas pu \u00eatre identifi\u00e9 pr\u00e9cis\u00e9ment.<\/p>\n<div>R\u00e9f 39.68<\/div>\n","protected":false},"excerpt":{"rendered":"<p>Peinture \u00e0 l\u2019huile sur toile (60&#215;40 cm) repr\u00e9senatnt une vue du Grund \u00e0 Luxembourg; Elle est sign\u00e9e G (S?) Collignon et dat\u00e9e de 1988. Annot\u00e9e \u00e0 l\u2019arri\u00e8re \u00ab\u00a0Grund 1988\u00a0\u00bb. Cet artiste sans doute luxembourgeois, n\u2019a pas pu \u00eatre identifi\u00e9 pr\u00e9cis\u00e9ment. R\u00e9f 39.68<\/p>\n","protected":false},"featured_media":9944,"comment_status":"open","ping_status":"closed","template":"","meta":{"neve_meta_sidebar":"","neve_meta_container":"","neve_meta_enable_content_width":"off","neve_meta_content_width":100,"neve_meta_title_alignment":"","neve_meta_author_avatar":"","neve_post_elements_order":"","neve_meta_disable_header":"","neve_meta_disable_footer":"","neve_meta_disable_title":""},"product_brand":[],"product_cat":[166,167],"product_tag":[],"class_list":{"0":"post-9943","1":"product","2":"type-product","3":"status-publish","4":"has-post-thumbnail","6":"product_cat-luxemburgensia-luxemburgensia","7":"product_cat-peintures-et-sculptures","9":"first","10":"instock","11":"shipping-taxable","12":"purchasable","13":"product-type-simple"},"_links":{"self":[{"href":"https:\/\/legrenierdelatour.be\/brocante\/wp-json\/wp\/v2\/product\/9943","targetHints":{"allow":["GET"]}}],"collection":[{"href":"https:\/\/legrenierdelatour.be\/brocante\/wp-json\/wp\/v2\/product"}],"about":[{"href":"https:\/\/legrenierdelatour.be\/brocante\/wp-json\/wp\/v2\/types\/product"}],"replies":[{"embeddable":true,"href":"https:\/\/legrenierdelatour.be\/brocante\/wp-json\/wp\/v2\/comments?post=9943"}],"wp:featuredmedia":[{"embeddable":true,"href":"https:\/\/legrenierdelatour.be\/brocante\/wp-json\/wp\/v2\/media\/9944"}],"wp:attachment":[{"href":"https:\/\/legrenierdelatour.be\/brocante\/wp-json\/wp\/v2\/media?parent=9943"}],"wp:term":[{"taxonomy":"product_brand","embeddable":true,"href":"https:\/\/legrenierdelatour.be\/brocante\/wp-json\/wp\/v2\/product_brand?post=9943"},{"taxonomy":"product_cat","embeddable":true,"href":"https:\/\/legrenierdelatour.be\/brocante\/wp-json\/wp\/v2\/product_cat?post=9943"},{"taxonomy":"product_tag","embeddable":true,"href":"https:\/\/legrenierdelatour.be\/brocante\/wp-json\/wp\/v2\/product_tag?post=9943"}],"curies":[{"name":"wp","href":"https:\/\/api.w.org\/{rel}","templated":true}]}}