{"id":994,"date":"2022-03-25T11:49:44","date_gmt":"2022-03-25T10:49:44","guid":{"rendered":"https:\/\/legrenierdelatour.be\/brocante\/?post_type=product&#038;p=994"},"modified":"2022-03-25T11:49:44","modified_gmt":"2022-03-25T10:49:44","slug":"aiguiere-hubert-bequet-363-29","status":"publish","type":"product","link":"https:\/\/legrenierdelatour.be\/brocante\/produit\/aiguiere-hubert-bequet-363-29\/","title":{"rendered":"Aigui\u00e8re Hubert Bequet 363 29"},"content":{"rendered":"<p>Cruche aigui\u00e8re (29 cm haut) produite par Hubert Bequet selon la forme 363, avec d\u00e9cor de fleurs et rehauts dor\u00e9s, en parfait \u00e9tat.<\/p>\n<div>R\u00e9f 10.6<\/div>\n","protected":false},"excerpt":{"rendered":"<p>Cruche aigui\u00e8re (29 cm haut) produite par Hubert Bequet selon la forme 363, avec d\u00e9cor de fleurs et rehauts dor\u00e9s, en parfait \u00e9tat. R\u00e9f 10.6<\/p>\n","protected":false},"featured_media":980,"comment_status":"open","ping_status":"closed","template":"","meta":{"neve_meta_sidebar":"","neve_meta_container":"","neve_meta_enable_content_width":"off","neve_meta_content_width":100,"neve_meta_title_alignment":"","neve_meta_author_avatar":"","neve_post_elements_order":"","neve_meta_disable_header":"","neve_meta_disable_footer":"","neve_meta_disable_title":""},"product_brand":[],"product_cat":[37,16,36],"product_tag":[40,19,38],"class_list":{"0":"post-994","1":"product","2":"type-product","3":"status-publish","4":"has-post-thumbnail","6":"product_cat-belgique","7":"product_cat-ceramique","8":"product_cat-hubert-bequet","9":"product_tag-belgique","10":"product_tag-faience","11":"product_tag-hubert-bequet","13":"first","14":"instock","15":"shipping-taxable","16":"purchasable","17":"product-type-simple"},"_links":{"self":[{"href":"https:\/\/legrenierdelatour.be\/brocante\/wp-json\/wp\/v2\/product\/994","targetHints":{"allow":["GET"]}}],"collection":[{"href":"https:\/\/legrenierdelatour.be\/brocante\/wp-json\/wp\/v2\/product"}],"about":[{"href":"https:\/\/legrenierdelatour.be\/brocante\/wp-json\/wp\/v2\/types\/product"}],"replies":[{"embeddable":true,"href":"https:\/\/legrenierdelatour.be\/brocante\/wp-json\/wp\/v2\/comments?post=994"}],"wp:featuredmedia":[{"embeddable":true,"href":"https:\/\/legrenierdelatour.be\/brocante\/wp-json\/wp\/v2\/media\/980"}],"wp:attachment":[{"href":"https:\/\/legrenierdelatour.be\/brocante\/wp-json\/wp\/v2\/media?parent=994"}],"wp:term":[{"taxonomy":"product_brand","embeddable":true,"href":"https:\/\/legrenierdelatour.be\/brocante\/wp-json\/wp\/v2\/product_brand?post=994"},{"taxonomy":"product_cat","embeddable":true,"href":"https:\/\/legrenierdelatour.be\/brocante\/wp-json\/wp\/v2\/product_cat?post=994"},{"taxonomy":"product_tag","embeddable":true,"href":"https:\/\/legrenierdelatour.be\/brocante\/wp-json\/wp\/v2\/product_tag?post=994"}],"curies":[{"name":"wp","href":"https:\/\/api.w.org\/{rel}","templated":true}]}}