{"id":9938,"date":"2025-02-04T17:52:57","date_gmt":"2025-02-04T16:52:57","guid":{"rendered":"https:\/\/legrenierdelatour.be\/brocante\/?post_type=product&#038;p=9938"},"modified":"2025-02-04T17:54:35","modified_gmt":"2025-02-04T16:54:35","slug":"aquarelle-maison-de-village-mars-schmit-1975","status":"publish","type":"product","link":"https:\/\/legrenierdelatour.be\/brocante\/produit\/aquarelle-maison-de-village-mars-schmit-1975\/","title":{"rendered":"Aquarelle \u00ab\u00a0Maison de village\u00a0\u00bb, Mars Schmit 1975"},"content":{"rendered":"<p>Aquarelle (54&#215;44 cm cadre compris) repr\u00e9sentant une maison de village luxembourgeoise. Elle est sign\u00e9e en bas \u00e0 droite par Mars Schmit et dat\u00e9e de 1975. L\u2019encadrement professionnel a \u00e9t\u00e9 r\u00e9alis\u00e9 par la maison Bradtke \u00e0 Luxembourg. Cette aquarelle est en tr\u00e8s bel \u00e9tat.\u00a0Mars Schmit (1931Luxembourg-1990 Luxembourg) un artiste luxembourgeois connu pour ses paysages \u00e0 l\u2019aquarelle du Grand Duch\u00e9 de Luxembourg. Autodidacte, il re\u00e7u diff\u00e9rents prix internationaux (Rome 1964 entre autres).<\/p>\n<p>R\u00e9f 39.67<\/p>\n","protected":false},"excerpt":{"rendered":"<p>Aquarelle (54&#215;44 cm cadre compris) repr\u00e9sentant une maison de village luxembourgeoise. Elle est sign\u00e9e en bas \u00e0 droite par Mars Schmit et dat\u00e9e de 1975. L\u2019encadrement professionnel a \u00e9t\u00e9 r\u00e9alis\u00e9 par la maison Bradtke \u00e0 Luxembourg. Cette aquarelle est en tr\u00e8s bel \u00e9tat.\u00a0Mars Schmit (1931Luxembourg-1990 Luxembourg) un artiste luxembourgeois connu pour ses paysages \u00e0 l\u2019aquarelle&hellip;&nbsp;<a href=\"https:\/\/legrenierdelatour.be\/brocante\/produit\/aquarelle-maison-de-village-mars-schmit-1975\/\" class=\"\" rel=\"bookmark\">Lire la suite &raquo;<span class=\"screen-reader-text\">Aquarelle \u00ab\u00a0Maison de village\u00a0\u00bb, Mars Schmit 1975<\/span><\/a><\/p>\n","protected":false},"featured_media":9939,"comment_status":"open","ping_status":"closed","template":"","meta":{"neve_meta_sidebar":"","neve_meta_container":"","neve_meta_enable_content_width":"off","neve_meta_content_width":100,"neve_meta_title_alignment":"","neve_meta_author_avatar":"","neve_post_elements_order":"","neve_meta_disable_header":"","neve_meta_disable_footer":"","neve_meta_disable_title":""},"product_brand":[],"product_cat":[166,167],"product_tag":[],"class_list":{"0":"post-9938","1":"product","2":"type-product","3":"status-publish","4":"has-post-thumbnail","6":"product_cat-luxemburgensia-luxemburgensia","7":"product_cat-peintures-et-sculptures","9":"first","10":"instock","11":"shipping-taxable","12":"purchasable","13":"product-type-simple"},"_links":{"self":[{"href":"https:\/\/legrenierdelatour.be\/brocante\/wp-json\/wp\/v2\/product\/9938","targetHints":{"allow":["GET"]}}],"collection":[{"href":"https:\/\/legrenierdelatour.be\/brocante\/wp-json\/wp\/v2\/product"}],"about":[{"href":"https:\/\/legrenierdelatour.be\/brocante\/wp-json\/wp\/v2\/types\/product"}],"replies":[{"embeddable":true,"href":"https:\/\/legrenierdelatour.be\/brocante\/wp-json\/wp\/v2\/comments?post=9938"}],"wp:featuredmedia":[{"embeddable":true,"href":"https:\/\/legrenierdelatour.be\/brocante\/wp-json\/wp\/v2\/media\/9939"}],"wp:attachment":[{"href":"https:\/\/legrenierdelatour.be\/brocante\/wp-json\/wp\/v2\/media?parent=9938"}],"wp:term":[{"taxonomy":"product_brand","embeddable":true,"href":"https:\/\/legrenierdelatour.be\/brocante\/wp-json\/wp\/v2\/product_brand?post=9938"},{"taxonomy":"product_cat","embeddable":true,"href":"https:\/\/legrenierdelatour.be\/brocante\/wp-json\/wp\/v2\/product_cat?post=9938"},{"taxonomy":"product_tag","embeddable":true,"href":"https:\/\/legrenierdelatour.be\/brocante\/wp-json\/wp\/v2\/product_tag?post=9938"}],"curies":[{"name":"wp","href":"https:\/\/api.w.org\/{rel}","templated":true}]}}