{"id":9921,"date":"2025-02-02T14:54:26","date_gmt":"2025-02-02T13:54:26","guid":{"rendered":"https:\/\/legrenierdelatour.be\/brocante\/?post_type=product&#038;p=9921"},"modified":"2025-02-02T14:55:33","modified_gmt":"2025-02-02T13:55:33","slug":"ensemble-de-photographies-originales-daquarelles-de-geo-fosty","status":"publish","type":"product","link":"https:\/\/legrenierdelatour.be\/brocante\/produit\/ensemble-de-photographies-originales-daquarelles-de-geo-fosty\/","title":{"rendered":"Ensemble de photographies originales d&rsquo;aquarelles de G\u00e9o Fosty"},"content":{"rendered":"<div>Ensemble de 7 photographies (40&#215;30) d\u2019aquarelles de G\u00e9o Fosty, s\u00e9lectionn\u00e9es pour reproduction.<\/div>\n<div>G\u00e9o Fosty est n\u00e9 \u00e0 Arlon le 7 avril 1913. Il a fait ses \u00e9tudes \u00e0 l&rsquo;Acad\u00e9mie des Beaux-arts de Bruxelles, d&rsquo;o\u00f9 il sortit en 1934.<\/div>\n<div>Il se lance alors dans le dessin humoristique et la caricature, dans une p\u00e9riode riche d&rsquo;inspiration. Il ira m\u00eame jusqu&rsquo;\u00e0 repr\u00e9senter Staline et Hitler en fr\u00e8res Siamois.<\/div>\n<div>C&rsquo;est en 1939 qu&rsquo;il entre comme professeur de dessin \u00e0 l&rsquo;Ath\u00e9n\u00e9e Royal d\u2019Arlon, o\u00f9 il enseignera jusqu\u2019en 1972.<\/div>\n<div>En mai 1940, il a particip\u00e9 \u00e0 la campagne des 18 jours, puis, apr\u00e8s la capitulation de l&rsquo;Arm\u00e9e belge, a \u00e9t\u00e9 retenu prisonnier de guerre. Sur place, le prisonnier fut autoris\u00e9 \u00e0 dessiner, d&rsquo;abord quelques croquis sur des carnets, puis a pu r\u00e9aliser des dessins plus travaill\u00e9s, \u00e0 l&rsquo;ext\u00e9rieur du camp, quelques aquarelles, et m\u00eame une gravure sur une plaque de zinc.<\/div>\n<div>Sa carri\u00e8re de professeur de dessin, il l&rsquo;a reprise au lendemain de la guerre, marquant des g\u00e9n\u00e9rations d&rsquo;\u00e9tudiants de l&rsquo;Ath\u00e9n\u00e9e Royal d&rsquo;Arlon de son enseignement et de ses traits d&rsquo;esprit.<\/div>\n<div>\u00c0 c\u00f4t\u00e9 de cela, il produit de nombreux dessins et aquarelles, excelle dans l&rsquo;art de l&rsquo;eau-forte et de la pointe s\u00e8che. Son sujet de pr\u00e9dilection : les paysages du Luxembourg, ce Luxembourg historique, celui qui ne conna\u00eet pas les fronti\u00e8res du papier, mais qui r\u00e9unit et rassemble. Un homme qui a dessin\u00e9 pour dire ce qu&rsquo;il pense au travers de caricatures, ce qu&rsquo;il vit lors de sa captivit\u00e9, ce qu&rsquo;il aime, dans ces beaux paysages d&rsquo;Arlon et des alentours.<\/div>\n<div>R\u00e9f 18.35<\/div>\n","protected":false},"excerpt":{"rendered":"<p>Ensemble de 7 photographies (40&#215;30) d\u2019aquarelles de G\u00e9o Fosty, s\u00e9lectionn\u00e9es pour reproduction. G\u00e9o Fosty est n\u00e9 \u00e0 Arlon le 7 avril 1913. Il a fait ses \u00e9tudes \u00e0 l&rsquo;Acad\u00e9mie des Beaux-arts de Bruxelles, d&rsquo;o\u00f9 il sortit en 1934. Il se lance alors dans le dessin humoristique et la caricature, dans une p\u00e9riode riche d&rsquo;inspiration. Il&hellip;&nbsp;<a href=\"https:\/\/legrenierdelatour.be\/brocante\/produit\/ensemble-de-photographies-originales-daquarelles-de-geo-fosty\/\" class=\"\" rel=\"bookmark\">Lire la suite &raquo;<span class=\"screen-reader-text\">Ensemble de photographies originales d&rsquo;aquarelles de G\u00e9o Fosty<\/span><\/a><\/p>\n","protected":false},"featured_media":9923,"comment_status":"open","ping_status":"closed","template":"","meta":{"neve_meta_sidebar":"","neve_meta_container":"","neve_meta_enable_content_width":"off","neve_meta_content_width":100,"neve_meta_title_alignment":"","neve_meta_author_avatar":"","neve_post_elements_order":"","neve_meta_disable_header":"","neve_meta_disable_footer":"","neve_meta_disable_title":""},"product_brand":[],"product_cat":[31,167],"product_tag":[],"class_list":{"0":"post-9921","1":"product","2":"type-product","3":"status-publish","4":"has-post-thumbnail","6":"product_cat-pays-darlon","7":"product_cat-peintures-et-sculptures","9":"first","10":"instock","11":"shipping-taxable","12":"purchasable","13":"product-type-simple"},"_links":{"self":[{"href":"https:\/\/legrenierdelatour.be\/brocante\/wp-json\/wp\/v2\/product\/9921","targetHints":{"allow":["GET"]}}],"collection":[{"href":"https:\/\/legrenierdelatour.be\/brocante\/wp-json\/wp\/v2\/product"}],"about":[{"href":"https:\/\/legrenierdelatour.be\/brocante\/wp-json\/wp\/v2\/types\/product"}],"replies":[{"embeddable":true,"href":"https:\/\/legrenierdelatour.be\/brocante\/wp-json\/wp\/v2\/comments?post=9921"}],"wp:featuredmedia":[{"embeddable":true,"href":"https:\/\/legrenierdelatour.be\/brocante\/wp-json\/wp\/v2\/media\/9923"}],"wp:attachment":[{"href":"https:\/\/legrenierdelatour.be\/brocante\/wp-json\/wp\/v2\/media?parent=9921"}],"wp:term":[{"taxonomy":"product_brand","embeddable":true,"href":"https:\/\/legrenierdelatour.be\/brocante\/wp-json\/wp\/v2\/product_brand?post=9921"},{"taxonomy":"product_cat","embeddable":true,"href":"https:\/\/legrenierdelatour.be\/brocante\/wp-json\/wp\/v2\/product_cat?post=9921"},{"taxonomy":"product_tag","embeddable":true,"href":"https:\/\/legrenierdelatour.be\/brocante\/wp-json\/wp\/v2\/product_tag?post=9921"}],"curies":[{"name":"wp","href":"https:\/\/api.w.org\/{rel}","templated":true}]}}