{"id":991,"date":"2022-03-24T11:30:41","date_gmt":"2022-03-24T10:30:41","guid":{"rendered":"https:\/\/legrenierdelatour.be\/brocante\/?post_type=product&#038;p=991"},"modified":"2022-05-19T16:37:43","modified_gmt":"2022-05-19T14:37:43","slug":"pot-a-lait-johann-haviland","status":"publish","type":"product","link":"https:\/\/legrenierdelatour.be\/brocante\/produit\/pot-a-lait-johann-haviland\/","title":{"rendered":"Pot \u00e0 lait Johann Haviland"},"content":{"rendered":"<p>Petit pot \u00e0 lait (7 cm haut) produit par Johann Haviland Bavaria (1855 \u00e0 Limoges, d\u00e8s 1907 en Allemagne &#8211; 1980), en porcelaine proche du design de la porcelaine de Limoges. Il est en tr\u00e8s bon \u00e9tat.<\/p>\n<div>R\u00e9f 10.3<\/div>\n","protected":false},"excerpt":{"rendered":"<p>Petit pot \u00e0 lait (7 cm haut) produit par Johann Haviland Bavaria (1855 \u00e0 Limoges, d\u00e8s 1907 en Allemagne &#8211; 1980), en porcelaine proche du design de la porcelaine de Limoges. Il est en tr\u00e8s bon \u00e9tat. R\u00e9f 10.3<\/p>\n","protected":false},"featured_media":986,"comment_status":"open","ping_status":"closed","template":"","meta":{"neve_meta_sidebar":"","neve_meta_container":"","neve_meta_enable_content_width":"off","neve_meta_content_width":100,"neve_meta_title_alignment":"","neve_meta_author_avatar":"","neve_post_elements_order":"","neve_meta_disable_header":"","neve_meta_disable_footer":"","neve_meta_disable_title":""},"product_brand":[],"product_cat":[16,59,185],"product_tag":[92,90,74,28],"class_list":{"0":"post-991","1":"product","2":"type-product","3":"status-publish","4":"has-post-thumbnail","6":"product_cat-ceramique","7":"product_cat-france","8":"product_cat-limoges","9":"product_tag-haviland","10":"product_tag-limoges","11":"product_tag-porcelaine","12":"product_tag-vintage","14":"first","15":"instock","16":"shipping-taxable","17":"purchasable","18":"product-type-simple"},"_links":{"self":[{"href":"https:\/\/legrenierdelatour.be\/brocante\/wp-json\/wp\/v2\/product\/991","targetHints":{"allow":["GET"]}}],"collection":[{"href":"https:\/\/legrenierdelatour.be\/brocante\/wp-json\/wp\/v2\/product"}],"about":[{"href":"https:\/\/legrenierdelatour.be\/brocante\/wp-json\/wp\/v2\/types\/product"}],"replies":[{"embeddable":true,"href":"https:\/\/legrenierdelatour.be\/brocante\/wp-json\/wp\/v2\/comments?post=991"}],"wp:featuredmedia":[{"embeddable":true,"href":"https:\/\/legrenierdelatour.be\/brocante\/wp-json\/wp\/v2\/media\/986"}],"wp:attachment":[{"href":"https:\/\/legrenierdelatour.be\/brocante\/wp-json\/wp\/v2\/media?parent=991"}],"wp:term":[{"taxonomy":"product_brand","embeddable":true,"href":"https:\/\/legrenierdelatour.be\/brocante\/wp-json\/wp\/v2\/product_brand?post=991"},{"taxonomy":"product_cat","embeddable":true,"href":"https:\/\/legrenierdelatour.be\/brocante\/wp-json\/wp\/v2\/product_cat?post=991"},{"taxonomy":"product_tag","embeddable":true,"href":"https:\/\/legrenierdelatour.be\/brocante\/wp-json\/wp\/v2\/product_tag?post=991"}],"curies":[{"name":"wp","href":"https:\/\/api.w.org\/{rel}","templated":true}]}}