{"id":990,"date":"2022-03-24T11:10:45","date_gmt":"2022-03-24T10:10:45","guid":{"rendered":"https:\/\/legrenierdelatour.be\/brocante\/?post_type=product&#038;p=990"},"modified":"2022-05-19T16:38:02","modified_gmt":"2022-05-19T14:38:02","slug":"coupe-panier-a-fruits-en-faience","status":"publish","type":"product","link":"https:\/\/legrenierdelatour.be\/brocante\/produit\/coupe-panier-a-fruits-en-faience\/","title":{"rendered":"Coupe panier \u00e0 fruits en fa\u00efence"},"content":{"rendered":"<p>Petite coupe (19 cm diam\u00e8tre) en fa\u00efence, est d\u00e9cor\u00e9e de fruits et de fleurs, et a une anse en scoubidous. Pas de marque vissible, mais elle est en excellent \u00e9tat. Elle date sans doute des ann\u00e9es 1960.<\/p>\n<div>R\u00e9f 10.2<\/div>\n","protected":false},"excerpt":{"rendered":"<p>Petite coupe (19 cm diam\u00e8tre) en fa\u00efence, est d\u00e9cor\u00e9e de fruits et de fleurs, et a une anse en scoubidous. Pas de marque vissible, mais elle est en excellent \u00e9tat. Elle date sans doute des ann\u00e9es 1960. R\u00e9f 10.2<\/p>\n","protected":false},"featured_media":976,"comment_status":"open","ping_status":"closed","template":"","meta":{"neve_meta_sidebar":"","neve_meta_container":"","neve_meta_enable_content_width":"off","neve_meta_content_width":100,"neve_meta_title_alignment":"","neve_meta_author_avatar":"","neve_post_elements_order":"","neve_meta_disable_header":"","neve_meta_disable_footer":"","neve_meta_disable_title":""},"product_brand":[],"product_cat":[172,16],"product_tag":[19,28],"class_list":{"0":"post-990","1":"product","2":"type-product","3":"status-publish","4":"has-post-thumbnail","6":"product_cat-en-cuisine","7":"product_cat-ceramique","8":"product_tag-faience","9":"product_tag-vintage","11":"first","12":"instock","13":"shipping-taxable","14":"purchasable","15":"product-type-simple"},"_links":{"self":[{"href":"https:\/\/legrenierdelatour.be\/brocante\/wp-json\/wp\/v2\/product\/990","targetHints":{"allow":["GET"]}}],"collection":[{"href":"https:\/\/legrenierdelatour.be\/brocante\/wp-json\/wp\/v2\/product"}],"about":[{"href":"https:\/\/legrenierdelatour.be\/brocante\/wp-json\/wp\/v2\/types\/product"}],"replies":[{"embeddable":true,"href":"https:\/\/legrenierdelatour.be\/brocante\/wp-json\/wp\/v2\/comments?post=990"}],"wp:featuredmedia":[{"embeddable":true,"href":"https:\/\/legrenierdelatour.be\/brocante\/wp-json\/wp\/v2\/media\/976"}],"wp:attachment":[{"href":"https:\/\/legrenierdelatour.be\/brocante\/wp-json\/wp\/v2\/media?parent=990"}],"wp:term":[{"taxonomy":"product_brand","embeddable":true,"href":"https:\/\/legrenierdelatour.be\/brocante\/wp-json\/wp\/v2\/product_brand?post=990"},{"taxonomy":"product_cat","embeddable":true,"href":"https:\/\/legrenierdelatour.be\/brocante\/wp-json\/wp\/v2\/product_cat?post=990"},{"taxonomy":"product_tag","embeddable":true,"href":"https:\/\/legrenierdelatour.be\/brocante\/wp-json\/wp\/v2\/product_tag?post=990"}],"curies":[{"name":"wp","href":"https:\/\/api.w.org\/{rel}","templated":true}]}}