{"id":9887,"date":"2025-02-01T13:03:29","date_gmt":"2025-02-01T12:03:29","guid":{"rendered":"https:\/\/legrenierdelatour.be\/brocante\/?post_type=product&#038;p=9887"},"modified":"2025-02-01T13:03:29","modified_gmt":"2025-02-01T12:03:29","slug":"grand-plat-en-cristal-ambre-1930-50","status":"publish","type":"product","link":"https:\/\/legrenierdelatour.be\/brocante\/produit\/grand-plat-en-cristal-ambre-1930-50\/","title":{"rendered":"Grand plat en cristal ambr\u00e9, 1930-50"},"content":{"rendered":"<p>Grand plat en cristal moul\u00e9 et taill\u00e9 ambr\u00e9 (30 cm de diam\u00e8tre) At d\u00e9co, sans marque visible.<\/p>\n<div>R\u00e9f 39.55<\/div>\n","protected":false},"excerpt":{"rendered":"<p>Grand plat en cristal moul\u00e9 et taill\u00e9 ambr\u00e9 (30 cm de diam\u00e8tre) At d\u00e9co, sans marque visible. R\u00e9f 39.55<\/p>\n","protected":false},"featured_media":9890,"comment_status":"open","ping_status":"closed","template":"","meta":{"neve_meta_sidebar":"","neve_meta_container":"","neve_meta_enable_content_width":"off","neve_meta_content_width":100,"neve_meta_title_alignment":"","neve_meta_author_avatar":"","neve_post_elements_order":"","neve_meta_disable_header":"","neve_meta_disable_footer":"","neve_meta_disable_title":""},"product_brand":[],"product_cat":[22],"product_tag":[],"class_list":{"0":"post-9887","1":"product","2":"type-product","3":"status-publish","4":"has-post-thumbnail","6":"product_cat-verrerie","8":"first","9":"instock","10":"shipping-taxable","11":"purchasable","12":"product-type-simple"},"_links":{"self":[{"href":"https:\/\/legrenierdelatour.be\/brocante\/wp-json\/wp\/v2\/product\/9887","targetHints":{"allow":["GET"]}}],"collection":[{"href":"https:\/\/legrenierdelatour.be\/brocante\/wp-json\/wp\/v2\/product"}],"about":[{"href":"https:\/\/legrenierdelatour.be\/brocante\/wp-json\/wp\/v2\/types\/product"}],"replies":[{"embeddable":true,"href":"https:\/\/legrenierdelatour.be\/brocante\/wp-json\/wp\/v2\/comments?post=9887"}],"wp:featuredmedia":[{"embeddable":true,"href":"https:\/\/legrenierdelatour.be\/brocante\/wp-json\/wp\/v2\/media\/9890"}],"wp:attachment":[{"href":"https:\/\/legrenierdelatour.be\/brocante\/wp-json\/wp\/v2\/media?parent=9887"}],"wp:term":[{"taxonomy":"product_brand","embeddable":true,"href":"https:\/\/legrenierdelatour.be\/brocante\/wp-json\/wp\/v2\/product_brand?post=9887"},{"taxonomy":"product_cat","embeddable":true,"href":"https:\/\/legrenierdelatour.be\/brocante\/wp-json\/wp\/v2\/product_cat?post=9887"},{"taxonomy":"product_tag","embeddable":true,"href":"https:\/\/legrenierdelatour.be\/brocante\/wp-json\/wp\/v2\/product_tag?post=9887"}],"curies":[{"name":"wp","href":"https:\/\/api.w.org\/{rel}","templated":true}]}}