{"id":9879,"date":"2025-02-01T11:54:41","date_gmt":"2025-02-01T10:54:41","guid":{"rendered":"https:\/\/legrenierdelatour.be\/brocante\/?post_type=product&#038;p=9879"},"modified":"2025-02-01T12:00:42","modified_gmt":"2025-02-01T11:00:42","slug":"plat-en-verre-moule-bleu","status":"publish","type":"product","link":"https:\/\/legrenierdelatour.be\/brocante\/produit\/plat-en-verre-moule-bleu\/","title":{"rendered":"Plat en verre moul\u00e9 bleu, August Walther &#038; Sohn"},"content":{"rendered":"<p>Grand plat en verre moul\u00e9 bleu (29,5 cm de diam\u00e8tre) sans marque visible. Ce plat a \u00e9t\u00e9 produit par la manufacture August Walther &amp; Sohn en Allemagne (cr\u00e9\u00e9e en 1865). Ce plat date des ann\u00e9es 1932-37. Ce mod\u00e8le \u00ab\u00a0Sigrid\u00a0\u00bb apparait dans les catalogues de 1935 et 1937.<\/p>\n<div>R\u00e9f 39.53<\/div>\n","protected":false},"excerpt":{"rendered":"<p>Grand plat en verre moul\u00e9 bleu (29,5 cm de diam\u00e8tre) sans marque visible. Ce plat a \u00e9t\u00e9 produit par la manufacture August Walther &amp; Sohn en Allemagne (cr\u00e9\u00e9e en 1865). Ce plat date des ann\u00e9es 1932-37. Ce mod\u00e8le \u00ab\u00a0Sigrid\u00a0\u00bb apparait dans les catalogues de 1935 et 1937. R\u00e9f 39.53<\/p>\n","protected":false},"featured_media":9881,"comment_status":"open","ping_status":"closed","template":"","meta":{"neve_meta_sidebar":"","neve_meta_container":"","neve_meta_enable_content_width":"off","neve_meta_content_width":100,"neve_meta_title_alignment":"","neve_meta_author_avatar":"","neve_post_elements_order":"","neve_meta_disable_header":"","neve_meta_disable_footer":"","neve_meta_disable_title":""},"product_brand":[],"product_cat":[22],"product_tag":[],"class_list":{"0":"post-9879","1":"product","2":"type-product","3":"status-publish","4":"has-post-thumbnail","6":"product_cat-verrerie","8":"first","9":"instock","10":"shipping-taxable","11":"purchasable","12":"product-type-simple"},"_links":{"self":[{"href":"https:\/\/legrenierdelatour.be\/brocante\/wp-json\/wp\/v2\/product\/9879","targetHints":{"allow":["GET"]}}],"collection":[{"href":"https:\/\/legrenierdelatour.be\/brocante\/wp-json\/wp\/v2\/product"}],"about":[{"href":"https:\/\/legrenierdelatour.be\/brocante\/wp-json\/wp\/v2\/types\/product"}],"replies":[{"embeddable":true,"href":"https:\/\/legrenierdelatour.be\/brocante\/wp-json\/wp\/v2\/comments?post=9879"}],"wp:featuredmedia":[{"embeddable":true,"href":"https:\/\/legrenierdelatour.be\/brocante\/wp-json\/wp\/v2\/media\/9881"}],"wp:attachment":[{"href":"https:\/\/legrenierdelatour.be\/brocante\/wp-json\/wp\/v2\/media?parent=9879"}],"wp:term":[{"taxonomy":"product_brand","embeddable":true,"href":"https:\/\/legrenierdelatour.be\/brocante\/wp-json\/wp\/v2\/product_brand?post=9879"},{"taxonomy":"product_cat","embeddable":true,"href":"https:\/\/legrenierdelatour.be\/brocante\/wp-json\/wp\/v2\/product_cat?post=9879"},{"taxonomy":"product_tag","embeddable":true,"href":"https:\/\/legrenierdelatour.be\/brocante\/wp-json\/wp\/v2\/product_tag?post=9879"}],"curies":[{"name":"wp","href":"https:\/\/api.w.org\/{rel}","templated":true}]}}