{"id":9876,"date":"2025-02-01T11:34:00","date_gmt":"2025-02-01T10:34:00","guid":{"rendered":"https:\/\/legrenierdelatour.be\/brocante\/?post_type=product&#038;p=9876"},"modified":"2025-02-01T11:34:00","modified_gmt":"2025-02-01T10:34:00","slug":"petit-plat-en-verre-fume-art-deco","status":"publish","type":"product","link":"https:\/\/legrenierdelatour.be\/brocante\/produit\/petit-plat-en-verre-fume-art-deco\/","title":{"rendered":"Petit plat en verre fum\u00e9, Art D\u00e9co"},"content":{"rendered":"<p>Petit plat en verre moul\u00e9 (17 cm de long) de couleur fum\u00e9e, cercl\u00e9 d\u2019un bord argent\u00e9. Le d\u00e9cor Art d\u00e9co date cet objet des ann\u00e9es 1930-50.<\/p>\n<div>R\u00e9f 39.52<\/div>\n","protected":false},"excerpt":{"rendered":"<p>Petit plat en verre moul\u00e9 (17 cm de long) de couleur fum\u00e9e, cercl\u00e9 d\u2019un bord argent\u00e9. Le d\u00e9cor Art d\u00e9co date cet objet des ann\u00e9es 1930-50. R\u00e9f 39.52<\/p>\n","protected":false},"featured_media":9877,"comment_status":"open","ping_status":"closed","template":"","meta":{"neve_meta_sidebar":"","neve_meta_container":"","neve_meta_enable_content_width":"off","neve_meta_content_width":100,"neve_meta_title_alignment":"","neve_meta_author_avatar":"","neve_post_elements_order":"","neve_meta_disable_header":"","neve_meta_disable_footer":"","neve_meta_disable_title":""},"product_brand":[],"product_cat":[22],"product_tag":[],"class_list":{"0":"post-9876","1":"product","2":"type-product","3":"status-publish","4":"has-post-thumbnail","6":"product_cat-verrerie","8":"first","9":"instock","10":"shipping-taxable","11":"purchasable","12":"product-type-simple"},"_links":{"self":[{"href":"https:\/\/legrenierdelatour.be\/brocante\/wp-json\/wp\/v2\/product\/9876","targetHints":{"allow":["GET"]}}],"collection":[{"href":"https:\/\/legrenierdelatour.be\/brocante\/wp-json\/wp\/v2\/product"}],"about":[{"href":"https:\/\/legrenierdelatour.be\/brocante\/wp-json\/wp\/v2\/types\/product"}],"replies":[{"embeddable":true,"href":"https:\/\/legrenierdelatour.be\/brocante\/wp-json\/wp\/v2\/comments?post=9876"}],"wp:featuredmedia":[{"embeddable":true,"href":"https:\/\/legrenierdelatour.be\/brocante\/wp-json\/wp\/v2\/media\/9877"}],"wp:attachment":[{"href":"https:\/\/legrenierdelatour.be\/brocante\/wp-json\/wp\/v2\/media?parent=9876"}],"wp:term":[{"taxonomy":"product_brand","embeddable":true,"href":"https:\/\/legrenierdelatour.be\/brocante\/wp-json\/wp\/v2\/product_brand?post=9876"},{"taxonomy":"product_cat","embeddable":true,"href":"https:\/\/legrenierdelatour.be\/brocante\/wp-json\/wp\/v2\/product_cat?post=9876"},{"taxonomy":"product_tag","embeddable":true,"href":"https:\/\/legrenierdelatour.be\/brocante\/wp-json\/wp\/v2\/product_tag?post=9876"}],"curies":[{"name":"wp","href":"https:\/\/api.w.org\/{rel}","templated":true}]}}