{"id":9858,"date":"2025-01-31T17:16:20","date_gmt":"2025-01-31T16:16:20","guid":{"rendered":"https:\/\/legrenierdelatour.be\/brocante\/?post_type=product&#038;p=9858"},"modified":"2025-01-31T17:16:21","modified_gmt":"2025-01-31T16:16:21","slug":"cafetiere-en-faience-fine-lamort-echternach-1820","status":"publish","type":"product","link":"https:\/\/legrenierdelatour.be\/brocante\/produit\/cafetiere-en-faience-fine-lamort-echternach-1820\/","title":{"rendered":"Cafeti\u00e8re en fa\u00efence fine Lamort Echternach, 1820"},"content":{"rendered":"<p>Cafeti\u00e8re en fa\u00efence fine (26 cm de haut) sans couvercle. Cette cafeti\u00e8re a une petite f\u00ealure et l\u2019anse a \u00e9t\u00e9 recoll\u00e9e. Elle porte dessous le cachet en creux \u00ab\u00a0Lamort Echternach Luxembourg\u00a0\u00bb et le chiffre \u00ab\u00a02\u00a0\u00bb. Elle porte un d\u00e9cor de fleurettes bleu Saxe. La fa\u00efencerie d\u2019Echternach, fond\u00e9e en 1797 par Jean Henri Dondelinger, est exploit\u00e9e non sans difficult\u00e9 jusque dans les ann\u00e9es 1870 par ses h\u00e9ritiers et l\u2019industriel Charles Lamort. Cette cafeti\u00e8re date de + ou &#8211; 1820.<\/p>\n<div>R\u00e9f 39.43<\/div>\n","protected":false},"excerpt":{"rendered":"<p>Cafeti\u00e8re en fa\u00efence fine (26 cm de haut) sans couvercle. Cette cafeti\u00e8re a une petite f\u00ealure et l\u2019anse a \u00e9t\u00e9 recoll\u00e9e. Elle porte dessous le cachet en creux \u00ab\u00a0Lamort Echternach Luxembourg\u00a0\u00bb et le chiffre \u00ab\u00a02\u00a0\u00bb. Elle porte un d\u00e9cor de fleurettes bleu Saxe. La fa\u00efencerie d\u2019Echternach, fond\u00e9e en 1797 par Jean Henri Dondelinger, est exploit\u00e9e&hellip;&nbsp;<a href=\"https:\/\/legrenierdelatour.be\/brocante\/produit\/cafetiere-en-faience-fine-lamort-echternach-1820\/\" class=\"\" rel=\"bookmark\">Lire la suite &raquo;<span class=\"screen-reader-text\">Cafeti\u00e8re en fa\u00efence fine Lamort Echternach, 1820<\/span><\/a><\/p>\n","protected":false},"featured_media":9849,"comment_status":"open","ping_status":"closed","template":"","meta":{"neve_meta_sidebar":"","neve_meta_container":"","neve_meta_enable_content_width":"off","neve_meta_content_width":100,"neve_meta_title_alignment":"","neve_meta_author_avatar":"","neve_post_elements_order":"","neve_meta_disable_header":"","neve_meta_disable_footer":"","neve_meta_disable_title":""},"product_brand":[],"product_cat":[16,165,166],"product_tag":[],"class_list":{"0":"post-9858","1":"product","2":"type-product","3":"status-publish","4":"has-post-thumbnail","6":"product_cat-ceramique","7":"product_cat-luxembourg","8":"product_cat-luxemburgensia-luxemburgensia","10":"first","11":"instock","12":"shipping-taxable","13":"purchasable","14":"product-type-simple"},"_links":{"self":[{"href":"https:\/\/legrenierdelatour.be\/brocante\/wp-json\/wp\/v2\/product\/9858","targetHints":{"allow":["GET"]}}],"collection":[{"href":"https:\/\/legrenierdelatour.be\/brocante\/wp-json\/wp\/v2\/product"}],"about":[{"href":"https:\/\/legrenierdelatour.be\/brocante\/wp-json\/wp\/v2\/types\/product"}],"replies":[{"embeddable":true,"href":"https:\/\/legrenierdelatour.be\/brocante\/wp-json\/wp\/v2\/comments?post=9858"}],"wp:featuredmedia":[{"embeddable":true,"href":"https:\/\/legrenierdelatour.be\/brocante\/wp-json\/wp\/v2\/media\/9849"}],"wp:attachment":[{"href":"https:\/\/legrenierdelatour.be\/brocante\/wp-json\/wp\/v2\/media?parent=9858"}],"wp:term":[{"taxonomy":"product_brand","embeddable":true,"href":"https:\/\/legrenierdelatour.be\/brocante\/wp-json\/wp\/v2\/product_brand?post=9858"},{"taxonomy":"product_cat","embeddable":true,"href":"https:\/\/legrenierdelatour.be\/brocante\/wp-json\/wp\/v2\/product_cat?post=9858"},{"taxonomy":"product_tag","embeddable":true,"href":"https:\/\/legrenierdelatour.be\/brocante\/wp-json\/wp\/v2\/product_tag?post=9858"}],"curies":[{"name":"wp","href":"https:\/\/api.w.org\/{rel}","templated":true}]}}