{"id":9846,"date":"2025-01-31T16:45:44","date_gmt":"2025-01-31T15:45:44","guid":{"rendered":"https:\/\/legrenierdelatour.be\/brocante\/?post_type=product&#038;p=9846"},"modified":"2025-01-31T16:45:45","modified_gmt":"2025-01-31T15:45:45","slug":"plat-en-verre-fume-walther-kristallglas-art-deco","status":"publish","type":"product","link":"https:\/\/legrenierdelatour.be\/brocante\/produit\/plat-en-verre-fume-walther-kristallglas-art-deco\/","title":{"rendered":"Plat en verre fum\u00e9, Walther Kristallglas, Art D\u00e9co"},"content":{"rendered":"<p>Beau plat en verre moul\u00e9 (26 cm de diam\u00e8tre) de couleur fum\u00e9e, avec un d\u00e9cor g\u00e9om\u00e9trique. Il s\u2019agit d\u2019une production de Walther Kristallglas en Allemagne, mod\u00e8le Ath\u00e8nes. Ce beau plat Art D\u00e9co des ann\u00e9es 1930 est en parfait \u00e9tat.<\/p>\n<div>R\u00e9f 39.39<\/div>\n","protected":false},"excerpt":{"rendered":"<p>Beau plat en verre moul\u00e9 (26 cm de diam\u00e8tre) de couleur fum\u00e9e, avec un d\u00e9cor g\u00e9om\u00e9trique. Il s\u2019agit d\u2019une production de Walther Kristallglas en Allemagne, mod\u00e8le Ath\u00e8nes. Ce beau plat Art D\u00e9co des ann\u00e9es 1930 est en parfait \u00e9tat. R\u00e9f 39.39<\/p>\n","protected":false},"featured_media":9847,"comment_status":"open","ping_status":"closed","template":"","meta":{"neve_meta_sidebar":"","neve_meta_container":"","neve_meta_enable_content_width":"off","neve_meta_content_width":100,"neve_meta_title_alignment":"","neve_meta_author_avatar":"","neve_post_elements_order":"","neve_meta_disable_header":"","neve_meta_disable_footer":"","neve_meta_disable_title":""},"product_brand":[],"product_cat":[22],"product_tag":[],"class_list":{"0":"post-9846","1":"product","2":"type-product","3":"status-publish","4":"has-post-thumbnail","6":"product_cat-verrerie","8":"first","9":"instock","10":"shipping-taxable","11":"purchasable","12":"product-type-simple"},"_links":{"self":[{"href":"https:\/\/legrenierdelatour.be\/brocante\/wp-json\/wp\/v2\/product\/9846","targetHints":{"allow":["GET"]}}],"collection":[{"href":"https:\/\/legrenierdelatour.be\/brocante\/wp-json\/wp\/v2\/product"}],"about":[{"href":"https:\/\/legrenierdelatour.be\/brocante\/wp-json\/wp\/v2\/types\/product"}],"replies":[{"embeddable":true,"href":"https:\/\/legrenierdelatour.be\/brocante\/wp-json\/wp\/v2\/comments?post=9846"}],"wp:featuredmedia":[{"embeddable":true,"href":"https:\/\/legrenierdelatour.be\/brocante\/wp-json\/wp\/v2\/media\/9847"}],"wp:attachment":[{"href":"https:\/\/legrenierdelatour.be\/brocante\/wp-json\/wp\/v2\/media?parent=9846"}],"wp:term":[{"taxonomy":"product_brand","embeddable":true,"href":"https:\/\/legrenierdelatour.be\/brocante\/wp-json\/wp\/v2\/product_brand?post=9846"},{"taxonomy":"product_cat","embeddable":true,"href":"https:\/\/legrenierdelatour.be\/brocante\/wp-json\/wp\/v2\/product_cat?post=9846"},{"taxonomy":"product_tag","embeddable":true,"href":"https:\/\/legrenierdelatour.be\/brocante\/wp-json\/wp\/v2\/product_tag?post=9846"}],"curies":[{"name":"wp","href":"https:\/\/api.w.org\/{rel}","templated":true}]}}