{"id":9819,"date":"2025-01-30T17:26:32","date_gmt":"2025-01-30T16:26:32","guid":{"rendered":"https:\/\/legrenierdelatour.be\/brocante\/?post_type=product&#038;p=9819"},"modified":"2025-01-30T17:26:32","modified_gmt":"2025-01-30T16:26:32","slug":"boite-a-biscuit-en-verre-et-metal-19e-siecle","status":"publish","type":"product","link":"https:\/\/legrenierdelatour.be\/brocante\/produit\/boite-a-biscuit-en-verre-et-metal-19e-siecle\/","title":{"rendered":"Bo\u00eete \u00e0 biscuit en verre et m\u00e9tal, 19\u00e8 si\u00e8cle"},"content":{"rendered":"<p>Belle bo\u00eete \u00e0 biscuit ancienne (20 cm de haut couvercle compris) en verre grav\u00e9, avec parure et couvercle en m\u00e9tal. Il n\u2019y a pas de marque visible. Ce seau \u00e0 biscuit date sans doute du 19\u00e8 si\u00e8cle et est en parfait \u00e9tat.<\/p>\n<div>R\u00e9f 39.31<\/div>\n","protected":false},"excerpt":{"rendered":"<p>Belle bo\u00eete \u00e0 biscuit ancienne (20 cm de haut couvercle compris) en verre grav\u00e9, avec parure et couvercle en m\u00e9tal. Il n\u2019y a pas de marque visible. Ce seau \u00e0 biscuit date sans doute du 19\u00e8 si\u00e8cle et est en parfait \u00e9tat. R\u00e9f 39.31<\/p>\n","protected":false},"featured_media":9820,"comment_status":"open","ping_status":"closed","template":"","meta":{"neve_meta_sidebar":"","neve_meta_container":"","neve_meta_enable_content_width":"off","neve_meta_content_width":100,"neve_meta_title_alignment":"","neve_meta_author_avatar":"","neve_post_elements_order":"","neve_meta_disable_header":"","neve_meta_disable_footer":"","neve_meta_disable_title":""},"product_brand":[],"product_cat":[22],"product_tag":[],"class_list":{"0":"post-9819","1":"product","2":"type-product","3":"status-publish","4":"has-post-thumbnail","6":"product_cat-verrerie","8":"first","9":"instock","10":"shipping-taxable","11":"purchasable","12":"product-type-simple"},"_links":{"self":[{"href":"https:\/\/legrenierdelatour.be\/brocante\/wp-json\/wp\/v2\/product\/9819","targetHints":{"allow":["GET"]}}],"collection":[{"href":"https:\/\/legrenierdelatour.be\/brocante\/wp-json\/wp\/v2\/product"}],"about":[{"href":"https:\/\/legrenierdelatour.be\/brocante\/wp-json\/wp\/v2\/types\/product"}],"replies":[{"embeddable":true,"href":"https:\/\/legrenierdelatour.be\/brocante\/wp-json\/wp\/v2\/comments?post=9819"}],"wp:featuredmedia":[{"embeddable":true,"href":"https:\/\/legrenierdelatour.be\/brocante\/wp-json\/wp\/v2\/media\/9820"}],"wp:attachment":[{"href":"https:\/\/legrenierdelatour.be\/brocante\/wp-json\/wp\/v2\/media?parent=9819"}],"wp:term":[{"taxonomy":"product_brand","embeddable":true,"href":"https:\/\/legrenierdelatour.be\/brocante\/wp-json\/wp\/v2\/product_brand?post=9819"},{"taxonomy":"product_cat","embeddable":true,"href":"https:\/\/legrenierdelatour.be\/brocante\/wp-json\/wp\/v2\/product_cat?post=9819"},{"taxonomy":"product_tag","embeddable":true,"href":"https:\/\/legrenierdelatour.be\/brocante\/wp-json\/wp\/v2\/product_tag?post=9819"}],"curies":[{"name":"wp","href":"https:\/\/api.w.org\/{rel}","templated":true}]}}