{"id":9809,"date":"2025-01-30T16:26:01","date_gmt":"2025-01-30T15:26:01","guid":{"rendered":"https:\/\/legrenierdelatour.be\/brocante\/?post_type=product&#038;p=9809"},"modified":"2025-01-30T16:26:01","modified_gmt":"2025-01-30T15:26:01","slug":"bonbonniere-en-cristal-grave-sur-pieds","status":"publish","type":"product","link":"https:\/\/legrenierdelatour.be\/brocante\/produit\/bonbonniere-en-cristal-grave-sur-pieds\/","title":{"rendered":"Bonbonni\u00e8re en cristal grav\u00e9 sur pieds"},"content":{"rendered":"<p>Jolie bonbonni\u00e8re en cristal grav\u00e9 sur 3 pieds (12, 5 cm de diam\u00e8tre) en parfait \u00e9tat. Il n\u2019y a pas de marque visible. Cette jolie bonbonni\u00e8re grav\u00e9e de fleurs est \u00a0en parfait \u00e9tat.<\/p>\n<div>R\u00e9f 39.26<\/div>\n","protected":false},"excerpt":{"rendered":"<p>Jolie bonbonni\u00e8re en cristal grav\u00e9 sur 3 pieds (12, 5 cm de diam\u00e8tre) en parfait \u00e9tat. Il n\u2019y a pas de marque visible. Cette jolie bonbonni\u00e8re grav\u00e9e de fleurs est \u00a0en parfait \u00e9tat. R\u00e9f 39.26<\/p>\n","protected":false},"featured_media":9810,"comment_status":"open","ping_status":"closed","template":"","meta":{"neve_meta_sidebar":"","neve_meta_container":"","neve_meta_enable_content_width":"off","neve_meta_content_width":100,"neve_meta_title_alignment":"","neve_meta_author_avatar":"","neve_post_elements_order":"","neve_meta_disable_header":"","neve_meta_disable_footer":"","neve_meta_disable_title":""},"product_brand":[],"product_cat":[22],"product_tag":[],"class_list":{"0":"post-9809","1":"product","2":"type-product","3":"status-publish","4":"has-post-thumbnail","6":"product_cat-verrerie","8":"first","9":"instock","10":"shipping-taxable","11":"purchasable","12":"product-type-simple"},"_links":{"self":[{"href":"https:\/\/legrenierdelatour.be\/brocante\/wp-json\/wp\/v2\/product\/9809","targetHints":{"allow":["GET"]}}],"collection":[{"href":"https:\/\/legrenierdelatour.be\/brocante\/wp-json\/wp\/v2\/product"}],"about":[{"href":"https:\/\/legrenierdelatour.be\/brocante\/wp-json\/wp\/v2\/types\/product"}],"replies":[{"embeddable":true,"href":"https:\/\/legrenierdelatour.be\/brocante\/wp-json\/wp\/v2\/comments?post=9809"}],"wp:featuredmedia":[{"embeddable":true,"href":"https:\/\/legrenierdelatour.be\/brocante\/wp-json\/wp\/v2\/media\/9810"}],"wp:attachment":[{"href":"https:\/\/legrenierdelatour.be\/brocante\/wp-json\/wp\/v2\/media?parent=9809"}],"wp:term":[{"taxonomy":"product_brand","embeddable":true,"href":"https:\/\/legrenierdelatour.be\/brocante\/wp-json\/wp\/v2\/product_brand?post=9809"},{"taxonomy":"product_cat","embeddable":true,"href":"https:\/\/legrenierdelatour.be\/brocante\/wp-json\/wp\/v2\/product_cat?post=9809"},{"taxonomy":"product_tag","embeddable":true,"href":"https:\/\/legrenierdelatour.be\/brocante\/wp-json\/wp\/v2\/product_tag?post=9809"}],"curies":[{"name":"wp","href":"https:\/\/api.w.org\/{rel}","templated":true}]}}