{"id":9805,"date":"2025-01-28T18:18:08","date_gmt":"2025-01-28T17:18:08","guid":{"rendered":"https:\/\/legrenierdelatour.be\/brocante\/?post_type=product&#038;p=9805"},"modified":"2025-01-28T18:18:08","modified_gmt":"2025-01-28T17:18:08","slug":"vide-poche-pomme-cristal-de-vannes-le-chatel","status":"publish","type":"product","link":"https:\/\/legrenierdelatour.be\/brocante\/produit\/vide-poche-pomme-cristal-de-vannes-le-chatel\/","title":{"rendered":"Vide-poche \u00ab\u00a0Pomme\u00a0\u00bb, cristal de Vannes le Ch\u00e2tel"},"content":{"rendered":"<p>Petit vide-poche en forme de pomme (9 cm de large) portant le cachet dessous de la cristallerie de Vannes le Ch\u00e2tel (depuis 1765). Il date sans doute des ann\u00e9es 1960.<\/p>\n<div>Deux exemplaires disponibles.<\/div>\n<div>R\u00e9f 39.25<\/div>\n","protected":false},"excerpt":{"rendered":"<p>Petit vide-poche en forme de pomme (9 cm de large) portant le cachet dessous de la cristallerie de Vannes le Ch\u00e2tel (depuis 1765). Il date sans doute des ann\u00e9es 1960. Deux exemplaires disponibles. R\u00e9f 39.25<\/p>\n","protected":false},"featured_media":9807,"comment_status":"open","ping_status":"closed","template":"","meta":{"neve_meta_sidebar":"","neve_meta_container":"","neve_meta_enable_content_width":"off","neve_meta_content_width":100,"neve_meta_title_alignment":"","neve_meta_author_avatar":"","neve_post_elements_order":"","neve_meta_disable_header":"","neve_meta_disable_footer":"","neve_meta_disable_title":""},"product_brand":[],"product_cat":[163,22],"product_tag":[],"class_list":{"0":"post-9805","1":"product","2":"type-product","3":"status-publish","4":"has-post-thumbnail","6":"product_cat-productions-francaises","7":"product_cat-verrerie","9":"first","10":"instock","11":"shipping-taxable","12":"purchasable","13":"product-type-simple"},"_links":{"self":[{"href":"https:\/\/legrenierdelatour.be\/brocante\/wp-json\/wp\/v2\/product\/9805","targetHints":{"allow":["GET"]}}],"collection":[{"href":"https:\/\/legrenierdelatour.be\/brocante\/wp-json\/wp\/v2\/product"}],"about":[{"href":"https:\/\/legrenierdelatour.be\/brocante\/wp-json\/wp\/v2\/types\/product"}],"replies":[{"embeddable":true,"href":"https:\/\/legrenierdelatour.be\/brocante\/wp-json\/wp\/v2\/comments?post=9805"}],"wp:featuredmedia":[{"embeddable":true,"href":"https:\/\/legrenierdelatour.be\/brocante\/wp-json\/wp\/v2\/media\/9807"}],"wp:attachment":[{"href":"https:\/\/legrenierdelatour.be\/brocante\/wp-json\/wp\/v2\/media?parent=9805"}],"wp:term":[{"taxonomy":"product_brand","embeddable":true,"href":"https:\/\/legrenierdelatour.be\/brocante\/wp-json\/wp\/v2\/product_brand?post=9805"},{"taxonomy":"product_cat","embeddable":true,"href":"https:\/\/legrenierdelatour.be\/brocante\/wp-json\/wp\/v2\/product_cat?post=9805"},{"taxonomy":"product_tag","embeddable":true,"href":"https:\/\/legrenierdelatour.be\/brocante\/wp-json\/wp\/v2\/product_tag?post=9805"}],"curies":[{"name":"wp","href":"https:\/\/api.w.org\/{rel}","templated":true}]}}