{"id":9787,"date":"2025-01-26T15:31:22","date_gmt":"2025-01-26T14:31:22","guid":{"rendered":"https:\/\/legrenierdelatour.be\/brocante\/?post_type=product&#038;p=9787"},"modified":"2025-01-26T15:31:22","modified_gmt":"2025-01-26T14:31:22","slug":"boite-a-poudre-en-opaline-vallerystahl-19e","status":"publish","type":"product","link":"https:\/\/legrenierdelatour.be\/brocante\/produit\/boite-a-poudre-en-opaline-vallerystahl-19e\/","title":{"rendered":"Bo\u00eete \u00e0 poudre en opaline Vallerystahl, 19\u00e8"},"content":{"rendered":"<p>Bo\u00eete \u00e0 poudre en opaline (14 cm de haut couvercle compris) avec d\u00e9cor (un peu pass\u00e9) de fleurs rouge et dorures. Le couvercle a \u00e9t\u00e9t accident\u00e9. Elle est estampill\u00e9e \u00e0 l\u2019int\u00e9rieur \u00ab\u00a0Vallerysthal\u00a0\u00bb, une manufacture cristallerie de Moselle, une des plus anciennes de France (17\u00e8 si\u00e8cle). Ce type de bo\u00eete date de la fin du 19\u00e8 si\u00e8cle- d\u00e9but du 20\u00e8 si\u00e8cle.<\/p>\n<div>R\u00e9f 39.20<\/div>\n","protected":false},"excerpt":{"rendered":"<p>Bo\u00eete \u00e0 poudre en opaline (14 cm de haut couvercle compris) avec d\u00e9cor (un peu pass\u00e9) de fleurs rouge et dorures. Le couvercle a \u00e9t\u00e9t accident\u00e9. Elle est estampill\u00e9e \u00e0 l\u2019int\u00e9rieur \u00ab\u00a0Vallerysthal\u00a0\u00bb, une manufacture cristallerie de Moselle, une des plus anciennes de France (17\u00e8 si\u00e8cle). Ce type de bo\u00eete date de la fin du 19\u00e8&hellip;&nbsp;<a href=\"https:\/\/legrenierdelatour.be\/brocante\/produit\/boite-a-poudre-en-opaline-vallerystahl-19e\/\" class=\"\" rel=\"bookmark\">Lire la suite &raquo;<span class=\"screen-reader-text\">Bo\u00eete \u00e0 poudre en opaline Vallerystahl, 19\u00e8<\/span><\/a><\/p>\n","protected":false},"featured_media":9788,"comment_status":"open","ping_status":"closed","template":"","meta":{"neve_meta_sidebar":"","neve_meta_container":"","neve_meta_enable_content_width":"off","neve_meta_content_width":100,"neve_meta_title_alignment":"","neve_meta_author_avatar":"","neve_post_elements_order":"","neve_meta_disable_header":"","neve_meta_disable_footer":"","neve_meta_disable_title":""},"product_brand":[],"product_cat":[160,163,22],"product_tag":[],"class_list":{"0":"post-9787","1":"product","2":"type-product","3":"status-publish","4":"has-post-thumbnail","6":"product_cat-la-mode","7":"product_cat-productions-francaises","8":"product_cat-verrerie","10":"first","11":"instock","12":"shipping-taxable","13":"purchasable","14":"product-type-simple"},"_links":{"self":[{"href":"https:\/\/legrenierdelatour.be\/brocante\/wp-json\/wp\/v2\/product\/9787","targetHints":{"allow":["GET"]}}],"collection":[{"href":"https:\/\/legrenierdelatour.be\/brocante\/wp-json\/wp\/v2\/product"}],"about":[{"href":"https:\/\/legrenierdelatour.be\/brocante\/wp-json\/wp\/v2\/types\/product"}],"replies":[{"embeddable":true,"href":"https:\/\/legrenierdelatour.be\/brocante\/wp-json\/wp\/v2\/comments?post=9787"}],"wp:featuredmedia":[{"embeddable":true,"href":"https:\/\/legrenierdelatour.be\/brocante\/wp-json\/wp\/v2\/media\/9788"}],"wp:attachment":[{"href":"https:\/\/legrenierdelatour.be\/brocante\/wp-json\/wp\/v2\/media?parent=9787"}],"wp:term":[{"taxonomy":"product_brand","embeddable":true,"href":"https:\/\/legrenierdelatour.be\/brocante\/wp-json\/wp\/v2\/product_brand?post=9787"},{"taxonomy":"product_cat","embeddable":true,"href":"https:\/\/legrenierdelatour.be\/brocante\/wp-json\/wp\/v2\/product_cat?post=9787"},{"taxonomy":"product_tag","embeddable":true,"href":"https:\/\/legrenierdelatour.be\/brocante\/wp-json\/wp\/v2\/product_tag?post=9787"}],"curies":[{"name":"wp","href":"https:\/\/api.w.org\/{rel}","templated":true}]}}