{"id":9768,"date":"2025-01-24T17:04:18","date_gmt":"2025-01-24T16:04:18","guid":{"rendered":"https:\/\/legrenierdelatour.be\/brocante\/?post_type=product&#038;p=9768"},"modified":"2025-01-24T17:51:36","modified_gmt":"2025-01-24T16:51:36","slug":"flacon-a-parfum-en-cristal-rouge-val-st-lambert-art-deco","status":"publish","type":"product","link":"https:\/\/legrenierdelatour.be\/brocante\/produit\/flacon-a-parfum-en-cristal-rouge-val-st-lambert-art-deco\/","title":{"rendered":"Flacon \u00e0 parfum en cristal rouge, Val St Lambert Art D\u00e9co Gloria"},"content":{"rendered":"<p>Beau flacon en cristal transparant et rouge (10 cm de haut), Art D\u00e9co. Il s\u2019agit d\u2019une production du Val St Lambert, dans les ann\u00e9es 1930. Il s&rsquo;agit d&rsquo;un \u00e9l\u00e9ment de la garniture Gloria. Il est sign\u00e9 par gravure dessous.<\/p>\n<div>R\u00e9f 39.10<\/div>\n","protected":false},"excerpt":{"rendered":"<p>Beau flacon en cristal transparant et rouge (10 cm de haut), Art D\u00e9co. Il s\u2019agit d\u2019une production du Val St Lambert, dans les ann\u00e9es 1930. Il s&rsquo;agit d&rsquo;un \u00e9l\u00e9ment de la garniture Gloria. Il est sign\u00e9 par gravure dessous. R\u00e9f 39.10<\/p>\n","protected":false},"featured_media":9769,"comment_status":"open","ping_status":"closed","template":"","meta":{"neve_meta_sidebar":"","neve_meta_container":"","neve_meta_enable_content_width":"off","neve_meta_content_width":100,"neve_meta_title_alignment":"","neve_meta_author_avatar":"","neve_post_elements_order":"","neve_meta_disable_header":"","neve_meta_disable_footer":"","neve_meta_disable_title":""},"product_brand":[],"product_cat":[162,63,22],"product_tag":[],"class_list":{"0":"post-9768","1":"product","2":"type-product","3":"status-publish","4":"has-post-thumbnail","6":"product_cat-productions-belges","7":"product_cat-val-saint-lambert","8":"product_cat-verrerie","10":"first","11":"instock","12":"shipping-taxable","13":"purchasable","14":"product-type-simple"},"_links":{"self":[{"href":"https:\/\/legrenierdelatour.be\/brocante\/wp-json\/wp\/v2\/product\/9768","targetHints":{"allow":["GET"]}}],"collection":[{"href":"https:\/\/legrenierdelatour.be\/brocante\/wp-json\/wp\/v2\/product"}],"about":[{"href":"https:\/\/legrenierdelatour.be\/brocante\/wp-json\/wp\/v2\/types\/product"}],"replies":[{"embeddable":true,"href":"https:\/\/legrenierdelatour.be\/brocante\/wp-json\/wp\/v2\/comments?post=9768"}],"wp:featuredmedia":[{"embeddable":true,"href":"https:\/\/legrenierdelatour.be\/brocante\/wp-json\/wp\/v2\/media\/9769"}],"wp:attachment":[{"href":"https:\/\/legrenierdelatour.be\/brocante\/wp-json\/wp\/v2\/media?parent=9768"}],"wp:term":[{"taxonomy":"product_brand","embeddable":true,"href":"https:\/\/legrenierdelatour.be\/brocante\/wp-json\/wp\/v2\/product_brand?post=9768"},{"taxonomy":"product_cat","embeddable":true,"href":"https:\/\/legrenierdelatour.be\/brocante\/wp-json\/wp\/v2\/product_cat?post=9768"},{"taxonomy":"product_tag","embeddable":true,"href":"https:\/\/legrenierdelatour.be\/brocante\/wp-json\/wp\/v2\/product_tag?post=9768"}],"curies":[{"name":"wp","href":"https:\/\/api.w.org\/{rel}","templated":true}]}}