{"id":9753,"date":"2025-01-23T15:58:02","date_gmt":"2025-01-23T14:58:02","guid":{"rendered":"https:\/\/legrenierdelatour.be\/brocante\/?post_type=product&#038;p=9753"},"modified":"2025-01-23T15:58:02","modified_gmt":"2025-01-23T14:58:02","slug":"plat-en-cristal-taille-pologne-1960","status":"publish","type":"product","link":"https:\/\/legrenierdelatour.be\/brocante\/produit\/plat-en-cristal-taille-pologne-1960\/","title":{"rendered":"Plat en cristal taill\u00e9, Pologne 1960"},"content":{"rendered":"<p>Beau plat (21 cm de diam\u00e8tre, 7 cm de haut) en cristal taill\u00e9 de motifs de fleurs. Il s\u2019agit sans doute d\u2019un eproduction polonaise des ann\u00e9es 1960. Il est en parfait \u00e9tat.<\/p>\n<div>R\u00e9f 39.05<\/div>\n","protected":false},"excerpt":{"rendered":"<p>Beau plat (21 cm de diam\u00e8tre, 7 cm de haut) en cristal taill\u00e9 de motifs de fleurs. Il s\u2019agit sans doute d\u2019un eproduction polonaise des ann\u00e9es 1960. Il est en parfait \u00e9tat. R\u00e9f 39.05<\/p>\n","protected":false},"featured_media":9754,"comment_status":"open","ping_status":"closed","template":"","meta":{"neve_meta_sidebar":"","neve_meta_container":"","neve_meta_enable_content_width":"off","neve_meta_content_width":100,"neve_meta_title_alignment":"","neve_meta_author_avatar":"","neve_post_elements_order":"","neve_meta_disable_header":"","neve_meta_disable_footer":"","neve_meta_disable_title":""},"product_brand":[],"product_cat":[22],"product_tag":[],"class_list":{"0":"post-9753","1":"product","2":"type-product","3":"status-publish","4":"has-post-thumbnail","6":"product_cat-verrerie","8":"first","9":"instock","10":"shipping-taxable","11":"purchasable","12":"product-type-simple"},"_links":{"self":[{"href":"https:\/\/legrenierdelatour.be\/brocante\/wp-json\/wp\/v2\/product\/9753","targetHints":{"allow":["GET"]}}],"collection":[{"href":"https:\/\/legrenierdelatour.be\/brocante\/wp-json\/wp\/v2\/product"}],"about":[{"href":"https:\/\/legrenierdelatour.be\/brocante\/wp-json\/wp\/v2\/types\/product"}],"replies":[{"embeddable":true,"href":"https:\/\/legrenierdelatour.be\/brocante\/wp-json\/wp\/v2\/comments?post=9753"}],"wp:featuredmedia":[{"embeddable":true,"href":"https:\/\/legrenierdelatour.be\/brocante\/wp-json\/wp\/v2\/media\/9754"}],"wp:attachment":[{"href":"https:\/\/legrenierdelatour.be\/brocante\/wp-json\/wp\/v2\/media?parent=9753"}],"wp:term":[{"taxonomy":"product_brand","embeddable":true,"href":"https:\/\/legrenierdelatour.be\/brocante\/wp-json\/wp\/v2\/product_brand?post=9753"},{"taxonomy":"product_cat","embeddable":true,"href":"https:\/\/legrenierdelatour.be\/brocante\/wp-json\/wp\/v2\/product_cat?post=9753"},{"taxonomy":"product_tag","embeddable":true,"href":"https:\/\/legrenierdelatour.be\/brocante\/wp-json\/wp\/v2\/product_tag?post=9753"}],"curies":[{"name":"wp","href":"https:\/\/api.w.org\/{rel}","templated":true}]}}