{"id":9710,"date":"2024-12-28T13:34:52","date_gmt":"2024-12-28T12:34:52","guid":{"rendered":"https:\/\/legrenierdelatour.be\/brocante\/?post_type=product&#038;p=9710"},"modified":"2024-12-28T13:35:51","modified_gmt":"2024-12-28T12:35:51","slug":"vide-poche-en-cristal-taille-et-grave-cristallerie-julia","status":"publish","type":"product","link":"https:\/\/legrenierdelatour.be\/brocante\/produit\/vide-poche-en-cristal-taille-et-grave-cristallerie-julia\/","title":{"rendered":"Vide-poche en cristal taill\u00e9 et grav\u00e9, Cristallerie Julia"},"content":{"rendered":"<p>Vide-poche en cristal taill\u00e9 (14 cm de diam\u00e8tre) sur 3 pieds, issu de la manufacture polonaise Julia (qui existe depuis 1866).<\/p>\n<div>R\u00e9f 38.93<\/div>\n","protected":false},"excerpt":{"rendered":"<p>Vide-poche en cristal taill\u00e9 (14 cm de diam\u00e8tre) sur 3 pieds, issu de la manufacture polonaise Julia (qui existe depuis 1866). R\u00e9f 38.93<\/p>\n","protected":false},"featured_media":9711,"comment_status":"open","ping_status":"closed","template":"","meta":{"neve_meta_sidebar":"","neve_meta_container":"","neve_meta_enable_content_width":"off","neve_meta_content_width":100,"neve_meta_title_alignment":"","neve_meta_author_avatar":"","neve_post_elements_order":"","neve_meta_disable_header":"","neve_meta_disable_footer":"","neve_meta_disable_title":""},"product_brand":[],"product_cat":[22],"product_tag":[],"class_list":{"0":"post-9710","1":"product","2":"type-product","3":"status-publish","4":"has-post-thumbnail","6":"product_cat-verrerie","8":"first","9":"instock","10":"shipping-taxable","11":"purchasable","12":"product-type-simple"},"_links":{"self":[{"href":"https:\/\/legrenierdelatour.be\/brocante\/wp-json\/wp\/v2\/product\/9710","targetHints":{"allow":["GET"]}}],"collection":[{"href":"https:\/\/legrenierdelatour.be\/brocante\/wp-json\/wp\/v2\/product"}],"about":[{"href":"https:\/\/legrenierdelatour.be\/brocante\/wp-json\/wp\/v2\/types\/product"}],"replies":[{"embeddable":true,"href":"https:\/\/legrenierdelatour.be\/brocante\/wp-json\/wp\/v2\/comments?post=9710"}],"wp:featuredmedia":[{"embeddable":true,"href":"https:\/\/legrenierdelatour.be\/brocante\/wp-json\/wp\/v2\/media\/9711"}],"wp:attachment":[{"href":"https:\/\/legrenierdelatour.be\/brocante\/wp-json\/wp\/v2\/media?parent=9710"}],"wp:term":[{"taxonomy":"product_brand","embeddable":true,"href":"https:\/\/legrenierdelatour.be\/brocante\/wp-json\/wp\/v2\/product_brand?post=9710"},{"taxonomy":"product_cat","embeddable":true,"href":"https:\/\/legrenierdelatour.be\/brocante\/wp-json\/wp\/v2\/product_cat?post=9710"},{"taxonomy":"product_tag","embeddable":true,"href":"https:\/\/legrenierdelatour.be\/brocante\/wp-json\/wp\/v2\/product_tag?post=9710"}],"curies":[{"name":"wp","href":"https:\/\/api.w.org\/{rel}","templated":true}]}}