{"id":9707,"date":"2024-12-27T16:03:57","date_gmt":"2024-12-27T15:03:57","guid":{"rendered":"https:\/\/legrenierdelatour.be\/brocante\/?post_type=product&#038;p=9707"},"modified":"2024-12-27T16:03:58","modified_gmt":"2024-12-27T15:03:58","slug":"plateau-aperitif-luxval-severina","status":"publish","type":"product","link":"https:\/\/legrenierdelatour.be\/brocante\/produit\/plateau-aperitif-luxval-severina\/","title":{"rendered":"Plateau ap\u00e9ritif Luxval S\u00e9verina"},"content":{"rendered":"<p>Grand plat \u00e0 ap\u00e9ritif en verre rosaline moul\u00e9 (27 cm de diam\u00e8tre) produite par Luxval dans la collection S\u00e9v\u00e9rina. Il s&rsquo;agit d&rsquo;un design de Charles Graffart et Ren\u00e9 Delvenne. Il est en parfait \u00e9tat.<\/p>\n<div>R\u00e9f 38.85<\/div>\n","protected":false},"excerpt":{"rendered":"<p>Grand plat \u00e0 ap\u00e9ritif en verre rosaline moul\u00e9 (27 cm de diam\u00e8tre) produite par Luxval dans la collection S\u00e9v\u00e9rina. Il s&rsquo;agit d&rsquo;un design de Charles Graffart et Ren\u00e9 Delvenne. Il est en parfait \u00e9tat. R\u00e9f 38.85<\/p>\n","protected":false},"featured_media":9708,"comment_status":"open","ping_status":"closed","template":"","meta":{"neve_meta_sidebar":"","neve_meta_container":"","neve_meta_enable_content_width":"off","neve_meta_content_width":100,"neve_meta_title_alignment":"","neve_meta_author_avatar":"","neve_post_elements_order":"","neve_meta_disable_header":"","neve_meta_disable_footer":"","neve_meta_disable_title":""},"product_brand":[],"product_cat":[64,162,63,22],"product_tag":[],"class_list":{"0":"post-9707","1":"product","2":"type-product","3":"status-publish","4":"has-post-thumbnail","6":"product_cat-luxval","7":"product_cat-productions-belges","8":"product_cat-val-saint-lambert","9":"product_cat-verrerie","11":"first","12":"instock","13":"shipping-taxable","14":"purchasable","15":"product-type-simple"},"_links":{"self":[{"href":"https:\/\/legrenierdelatour.be\/brocante\/wp-json\/wp\/v2\/product\/9707","targetHints":{"allow":["GET"]}}],"collection":[{"href":"https:\/\/legrenierdelatour.be\/brocante\/wp-json\/wp\/v2\/product"}],"about":[{"href":"https:\/\/legrenierdelatour.be\/brocante\/wp-json\/wp\/v2\/types\/product"}],"replies":[{"embeddable":true,"href":"https:\/\/legrenierdelatour.be\/brocante\/wp-json\/wp\/v2\/comments?post=9707"}],"wp:featuredmedia":[{"embeddable":true,"href":"https:\/\/legrenierdelatour.be\/brocante\/wp-json\/wp\/v2\/media\/9708"}],"wp:attachment":[{"href":"https:\/\/legrenierdelatour.be\/brocante\/wp-json\/wp\/v2\/media?parent=9707"}],"wp:term":[{"taxonomy":"product_brand","embeddable":true,"href":"https:\/\/legrenierdelatour.be\/brocante\/wp-json\/wp\/v2\/product_brand?post=9707"},{"taxonomy":"product_cat","embeddable":true,"href":"https:\/\/legrenierdelatour.be\/brocante\/wp-json\/wp\/v2\/product_cat?post=9707"},{"taxonomy":"product_tag","embeddable":true,"href":"https:\/\/legrenierdelatour.be\/brocante\/wp-json\/wp\/v2\/product_tag?post=9707"}],"curies":[{"name":"wp","href":"https:\/\/api.w.org\/{rel}","templated":true}]}}