{"id":9703,"date":"2024-12-27T15:34:54","date_gmt":"2024-12-27T14:34:54","guid":{"rendered":"https:\/\/legrenierdelatour.be\/brocante\/?post_type=product&#038;p=9703"},"modified":"2024-12-27T15:34:54","modified_gmt":"2024-12-27T14:34:54","slug":"grande-assiette-en-verre-andries-dirk-copier-art-deco","status":"publish","type":"product","link":"https:\/\/legrenierdelatour.be\/brocante\/produit\/grande-assiette-en-verre-andries-dirk-copier-art-deco\/","title":{"rendered":"Grande assiette en verre Andries Dirk Copier, Art D\u00e9co"},"content":{"rendered":"<p>Grande assiette en verre moul\u00e9 (31 cm de diam\u00e8tre) ne portant pas de marque visible. Il s\u2019agit sans doute d\u2019un plat Art D\u00e9co de Andries Dirk Copier (1901-1991), verrier de la Glasfabriek de Leerdam, Modernisme n\u00e9erlandais.<\/p>\n<div>R\u00e9f 38.83<\/div>\n","protected":false},"excerpt":{"rendered":"<p>Grande assiette en verre moul\u00e9 (31 cm de diam\u00e8tre) ne portant pas de marque visible. Il s\u2019agit sans doute d\u2019un plat Art D\u00e9co de Andries Dirk Copier (1901-1991), verrier de la Glasfabriek de Leerdam, Modernisme n\u00e9erlandais. R\u00e9f 38.83<\/p>\n","protected":false},"featured_media":9704,"comment_status":"open","ping_status":"closed","template":"","meta":{"neve_meta_sidebar":"","neve_meta_container":"","neve_meta_enable_content_width":"off","neve_meta_content_width":100,"neve_meta_title_alignment":"","neve_meta_author_avatar":"","neve_post_elements_order":"","neve_meta_disable_header":"","neve_meta_disable_footer":"","neve_meta_disable_title":""},"product_brand":[],"product_cat":[22],"product_tag":[],"class_list":{"0":"post-9703","1":"product","2":"type-product","3":"status-publish","4":"has-post-thumbnail","6":"product_cat-verrerie","8":"first","9":"instock","10":"shipping-taxable","11":"purchasable","12":"product-type-simple"},"_links":{"self":[{"href":"https:\/\/legrenierdelatour.be\/brocante\/wp-json\/wp\/v2\/product\/9703","targetHints":{"allow":["GET"]}}],"collection":[{"href":"https:\/\/legrenierdelatour.be\/brocante\/wp-json\/wp\/v2\/product"}],"about":[{"href":"https:\/\/legrenierdelatour.be\/brocante\/wp-json\/wp\/v2\/types\/product"}],"replies":[{"embeddable":true,"href":"https:\/\/legrenierdelatour.be\/brocante\/wp-json\/wp\/v2\/comments?post=9703"}],"wp:featuredmedia":[{"embeddable":true,"href":"https:\/\/legrenierdelatour.be\/brocante\/wp-json\/wp\/v2\/media\/9704"}],"wp:attachment":[{"href":"https:\/\/legrenierdelatour.be\/brocante\/wp-json\/wp\/v2\/media?parent=9703"}],"wp:term":[{"taxonomy":"product_brand","embeddable":true,"href":"https:\/\/legrenierdelatour.be\/brocante\/wp-json\/wp\/v2\/product_brand?post=9703"},{"taxonomy":"product_cat","embeddable":true,"href":"https:\/\/legrenierdelatour.be\/brocante\/wp-json\/wp\/v2\/product_cat?post=9703"},{"taxonomy":"product_tag","embeddable":true,"href":"https:\/\/legrenierdelatour.be\/brocante\/wp-json\/wp\/v2\/product_tag?post=9703"}],"curies":[{"name":"wp","href":"https:\/\/api.w.org\/{rel}","templated":true}]}}