{"id":9687,"date":"2024-12-26T17:25:32","date_gmt":"2024-12-26T16:25:32","guid":{"rendered":"https:\/\/legrenierdelatour.be\/brocante\/?post_type=product&#038;p=9687"},"modified":"2024-12-26T17:25:32","modified_gmt":"2024-12-26T16:25:32","slug":"plat-en-cristal-cristallerie-lorraine-vintage","status":"publish","type":"product","link":"https:\/\/legrenierdelatour.be\/brocante\/produit\/plat-en-cristal-cristallerie-lorraine-vintage\/","title":{"rendered":"Plat en cristal, Cristallerie Lorraine, vintage"},"content":{"rendered":"<p>Beau plat en cristal (18 cm de diam\u00e8tre) portant le cachet dessous de la \u00ab\u00a0Cristallerie Lorraine\u00a0\u00bb. Cette cristallerie (1925-1997) est appel\u00e9e aussi Cristallerie de Lemberg et est situ\u00e9e en Moselle (F). Il date sans doute des ann\u00e9es 1970.<\/p>\n<div>R\u00e9f 38.71<\/div>\n","protected":false},"excerpt":{"rendered":"<p>Beau plat en cristal (18 cm de diam\u00e8tre) portant le cachet dessous de la \u00ab\u00a0Cristallerie Lorraine\u00a0\u00bb. Cette cristallerie (1925-1997) est appel\u00e9e aussi Cristallerie de Lemberg et est situ\u00e9e en Moselle (F). Il date sans doute des ann\u00e9es 1970. R\u00e9f 38.71<\/p>\n","protected":false},"featured_media":9688,"comment_status":"open","ping_status":"closed","template":"","meta":{"neve_meta_sidebar":"","neve_meta_container":"","neve_meta_enable_content_width":"off","neve_meta_content_width":100,"neve_meta_title_alignment":"","neve_meta_author_avatar":"","neve_post_elements_order":"","neve_meta_disable_header":"","neve_meta_disable_footer":"","neve_meta_disable_title":""},"product_brand":[],"product_cat":[163,22],"product_tag":[],"class_list":{"0":"post-9687","1":"product","2":"type-product","3":"status-publish","4":"has-post-thumbnail","6":"product_cat-productions-francaises","7":"product_cat-verrerie","9":"first","10":"instock","11":"shipping-taxable","12":"purchasable","13":"product-type-simple"},"_links":{"self":[{"href":"https:\/\/legrenierdelatour.be\/brocante\/wp-json\/wp\/v2\/product\/9687","targetHints":{"allow":["GET"]}}],"collection":[{"href":"https:\/\/legrenierdelatour.be\/brocante\/wp-json\/wp\/v2\/product"}],"about":[{"href":"https:\/\/legrenierdelatour.be\/brocante\/wp-json\/wp\/v2\/types\/product"}],"replies":[{"embeddable":true,"href":"https:\/\/legrenierdelatour.be\/brocante\/wp-json\/wp\/v2\/comments?post=9687"}],"wp:featuredmedia":[{"embeddable":true,"href":"https:\/\/legrenierdelatour.be\/brocante\/wp-json\/wp\/v2\/media\/9688"}],"wp:attachment":[{"href":"https:\/\/legrenierdelatour.be\/brocante\/wp-json\/wp\/v2\/media?parent=9687"}],"wp:term":[{"taxonomy":"product_brand","embeddable":true,"href":"https:\/\/legrenierdelatour.be\/brocante\/wp-json\/wp\/v2\/product_brand?post=9687"},{"taxonomy":"product_cat","embeddable":true,"href":"https:\/\/legrenierdelatour.be\/brocante\/wp-json\/wp\/v2\/product_cat?post=9687"},{"taxonomy":"product_tag","embeddable":true,"href":"https:\/\/legrenierdelatour.be\/brocante\/wp-json\/wp\/v2\/product_tag?post=9687"}],"curies":[{"name":"wp","href":"https:\/\/api.w.org\/{rel}","templated":true}]}}