{"id":9675,"date":"2024-12-26T15:43:40","date_gmt":"2024-12-26T14:43:40","guid":{"rendered":"https:\/\/legrenierdelatour.be\/brocante\/?post_type=product&#038;p=9675"},"modified":"2024-12-26T15:43:40","modified_gmt":"2024-12-26T14:43:40","slug":"peinture-recolte-du-foin-adolf-rheinert","status":"publish","type":"product","link":"https:\/\/legrenierdelatour.be\/brocante\/produit\/peinture-recolte-du-foin-adolf-rheinert\/","title":{"rendered":"Peinture \u00ab\u00a0R\u00e9colte du foin\u00a0\u00bb, Adolf Rheinert"},"content":{"rendered":"<p>Belle peinture \u00e0 l&rsquo;huile sur toile (57&#215;45 cm cadre compris) repr\u00e9sentant une charette \u00e0 foin dans un paysage de campagne. Elle est sign\u00e9e en bas \u00e0 gauche A. Rheinert. A l&rsquo;arr\u00e8re se trouve la notice difficilement d\u00e9chiffrable mais notamment le lieu Richrath pr\u00e8s de D\u00fcsseldorf en Allemagne. Il s\u2019agit d\u2019une oeuvre de l\u2019artiste allemand Adolf Rheinert (1879-1958), ayant v\u00e9cu pr\u00e8s de D\u00fcsseldorf.<\/p>\n<div>R\u00e9f 38.68<\/div>\n","protected":false},"excerpt":{"rendered":"<p>Belle peinture \u00e0 l&rsquo;huile sur toile (57&#215;45 cm cadre compris) repr\u00e9sentant une charette \u00e0 foin dans un paysage de campagne. Elle est sign\u00e9e en bas \u00e0 gauche A. Rheinert. A l&rsquo;arr\u00e8re se trouve la notice difficilement d\u00e9chiffrable mais notamment le lieu Richrath pr\u00e8s de D\u00fcsseldorf en Allemagne. Il s\u2019agit d\u2019une oeuvre de l\u2019artiste allemand Adolf&hellip;&nbsp;<a href=\"https:\/\/legrenierdelatour.be\/brocante\/produit\/peinture-recolte-du-foin-adolf-rheinert\/\" class=\"\" rel=\"bookmark\">Lire la suite &raquo;<span class=\"screen-reader-text\">Peinture \u00ab\u00a0R\u00e9colte du foin\u00a0\u00bb, Adolf Rheinert<\/span><\/a><\/p>\n","protected":false},"featured_media":9676,"comment_status":"open","ping_status":"closed","template":"","meta":{"neve_meta_sidebar":"","neve_meta_container":"","neve_meta_enable_content_width":"off","neve_meta_content_width":100,"neve_meta_title_alignment":"","neve_meta_author_avatar":"","neve_post_elements_order":"","neve_meta_disable_header":"","neve_meta_disable_footer":"","neve_meta_disable_title":""},"product_brand":[],"product_cat":[167],"product_tag":[],"class_list":{"0":"post-9675","1":"product","2":"type-product","3":"status-publish","4":"has-post-thumbnail","6":"product_cat-peintures-et-sculptures","8":"first","9":"instock","10":"shipping-taxable","11":"purchasable","12":"product-type-simple"},"_links":{"self":[{"href":"https:\/\/legrenierdelatour.be\/brocante\/wp-json\/wp\/v2\/product\/9675","targetHints":{"allow":["GET"]}}],"collection":[{"href":"https:\/\/legrenierdelatour.be\/brocante\/wp-json\/wp\/v2\/product"}],"about":[{"href":"https:\/\/legrenierdelatour.be\/brocante\/wp-json\/wp\/v2\/types\/product"}],"replies":[{"embeddable":true,"href":"https:\/\/legrenierdelatour.be\/brocante\/wp-json\/wp\/v2\/comments?post=9675"}],"wp:featuredmedia":[{"embeddable":true,"href":"https:\/\/legrenierdelatour.be\/brocante\/wp-json\/wp\/v2\/media\/9676"}],"wp:attachment":[{"href":"https:\/\/legrenierdelatour.be\/brocante\/wp-json\/wp\/v2\/media?parent=9675"}],"wp:term":[{"taxonomy":"product_brand","embeddable":true,"href":"https:\/\/legrenierdelatour.be\/brocante\/wp-json\/wp\/v2\/product_brand?post=9675"},{"taxonomy":"product_cat","embeddable":true,"href":"https:\/\/legrenierdelatour.be\/brocante\/wp-json\/wp\/v2\/product_cat?post=9675"},{"taxonomy":"product_tag","embeddable":true,"href":"https:\/\/legrenierdelatour.be\/brocante\/wp-json\/wp\/v2\/product_tag?post=9675"}],"curies":[{"name":"wp","href":"https:\/\/api.w.org\/{rel}","templated":true}]}}