{"id":9671,"date":"2024-12-26T15:06:11","date_gmt":"2024-12-26T14:06:11","guid":{"rendered":"https:\/\/legrenierdelatour.be\/brocante\/?post_type=product&#038;p=9671"},"modified":"2024-12-26T15:06:11","modified_gmt":"2024-12-26T14:06:11","slug":"peinture-la-marlagne-j-brosius-1941","status":"publish","type":"product","link":"https:\/\/legrenierdelatour.be\/brocante\/produit\/peinture-la-marlagne-j-brosius-1941\/","title":{"rendered":"Peinture \u00ab\u00a0La Marlagne\u00a0\u00bb, J.Brosius 1941"},"content":{"rendered":"<p>Peinture \u00e0 l\u2019huile sur panneau (58&#215;48 cm cadre compris) d\u2019un paysage de bois, intitul\u00e9 \u00ab\u00a0Automne dans le bois de la Marlagne\u00a0\u00bb et sign\u00e9e en bas \u00e0 droite J. Brosius. Cette peinture est dat\u00e9e de 1941 et est en bon \u00e9tat.\u00a0Julian Brosius (1917-2004) est un artiste arlonais d\u2019origine luxembourgeoise, qui a peint certains endroits d\u2019Arlon.<\/p>\n<div>R\u00e9f 38.67<\/div>\n","protected":false},"excerpt":{"rendered":"<p>Peinture \u00e0 l\u2019huile sur panneau (58&#215;48 cm cadre compris) d\u2019un paysage de bois, intitul\u00e9 \u00ab\u00a0Automne dans le bois de la Marlagne\u00a0\u00bb et sign\u00e9e en bas \u00e0 droite J. Brosius. Cette peinture est dat\u00e9e de 1941 et est en bon \u00e9tat.\u00a0Julian Brosius (1917-2004) est un artiste arlonais d\u2019origine luxembourgeoise, qui a peint certains endroits d\u2019Arlon. R\u00e9f&hellip;&nbsp;<a href=\"https:\/\/legrenierdelatour.be\/brocante\/produit\/peinture-la-marlagne-j-brosius-1941\/\" class=\"\" rel=\"bookmark\">Lire la suite &raquo;<span class=\"screen-reader-text\">Peinture \u00ab\u00a0La Marlagne\u00a0\u00bb, J.Brosius 1941<\/span><\/a><\/p>\n","protected":false},"featured_media":9672,"comment_status":"open","ping_status":"closed","template":"","meta":{"neve_meta_sidebar":"","neve_meta_container":"","neve_meta_enable_content_width":"off","neve_meta_content_width":100,"neve_meta_title_alignment":"","neve_meta_author_avatar":"","neve_post_elements_order":"","neve_meta_disable_header":"","neve_meta_disable_footer":"","neve_meta_disable_title":""},"product_brand":[],"product_cat":[31,167],"product_tag":[],"class_list":{"0":"post-9671","1":"product","2":"type-product","3":"status-publish","4":"has-post-thumbnail","6":"product_cat-pays-darlon","7":"product_cat-peintures-et-sculptures","9":"first","10":"instock","11":"shipping-taxable","12":"purchasable","13":"product-type-simple"},"_links":{"self":[{"href":"https:\/\/legrenierdelatour.be\/brocante\/wp-json\/wp\/v2\/product\/9671","targetHints":{"allow":["GET"]}}],"collection":[{"href":"https:\/\/legrenierdelatour.be\/brocante\/wp-json\/wp\/v2\/product"}],"about":[{"href":"https:\/\/legrenierdelatour.be\/brocante\/wp-json\/wp\/v2\/types\/product"}],"replies":[{"embeddable":true,"href":"https:\/\/legrenierdelatour.be\/brocante\/wp-json\/wp\/v2\/comments?post=9671"}],"wp:featuredmedia":[{"embeddable":true,"href":"https:\/\/legrenierdelatour.be\/brocante\/wp-json\/wp\/v2\/media\/9672"}],"wp:attachment":[{"href":"https:\/\/legrenierdelatour.be\/brocante\/wp-json\/wp\/v2\/media?parent=9671"}],"wp:term":[{"taxonomy":"product_brand","embeddable":true,"href":"https:\/\/legrenierdelatour.be\/brocante\/wp-json\/wp\/v2\/product_brand?post=9671"},{"taxonomy":"product_cat","embeddable":true,"href":"https:\/\/legrenierdelatour.be\/brocante\/wp-json\/wp\/v2\/product_cat?post=9671"},{"taxonomy":"product_tag","embeddable":true,"href":"https:\/\/legrenierdelatour.be\/brocante\/wp-json\/wp\/v2\/product_tag?post=9671"}],"curies":[{"name":"wp","href":"https:\/\/api.w.org\/{rel}","templated":true}]}}