{"id":967,"date":"2022-03-24T11:03:09","date_gmt":"2022-03-24T10:03:09","guid":{"rendered":"https:\/\/legrenierdelatour.be\/brocante\/?post_type=product&#038;p=967"},"modified":"2022-05-19T16:38:24","modified_gmt":"2022-05-19T14:38:24","slug":"porte-courrier-mural-en-chene-et-laiton","status":"publish","type":"product","link":"https:\/\/legrenierdelatour.be\/brocante\/produit\/porte-courrier-mural-en-chene-et-laiton\/","title":{"rendered":"Porte-courrier mural en ch\u00eane et laiton"},"content":{"rendered":"<p>Beau porte-courrier en ch\u00eane et laiton (26x29cm), le laiton pr\u00e9snetant une d\u00e9coration de feuillage et de roses stylis\u00e9es, et il daterait des ann\u00e9es 1930-50. En tr\u00e8s bon \u00e9tat, il peut \u00eatre suspendu. Le laiton est fortement patin\u00e9 et peut \u00eatre restaur\u00e9 selon le go\u00fbt.<\/p>\n<div>R\u00e9f 10.1<\/div>\n","protected":false},"excerpt":{"rendered":"<p>Beau porte-courrier en ch\u00eane et laiton (26x29cm), le laiton pr\u00e9snetant une d\u00e9coration de feuillage et de roses stylis\u00e9es, et il daterait des ann\u00e9es 1930-50. En tr\u00e8s bon \u00e9tat, il peut \u00eatre suspendu. Le laiton est fortement patin\u00e9 et peut \u00eatre restaur\u00e9 selon le go\u00fbt. R\u00e9f 10.1<\/p>\n","protected":false},"featured_media":968,"comment_status":"open","ping_status":"closed","template":"","meta":{"neve_meta_sidebar":"","neve_meta_container":"","neve_meta_enable_content_width":"off","neve_meta_content_width":100,"neve_meta_title_alignment":"","neve_meta_author_avatar":"","neve_post_elements_order":"","neve_meta_disable_header":"","neve_meta_disable_footer":"","neve_meta_disable_title":""},"product_brand":[],"product_cat":[15,183,23],"product_tag":[21,84],"class_list":{"0":"post-967","1":"product","2":"type-product","3":"status-publish","4":"has-post-thumbnail","6":"product_cat-non-classe","7":"product_cat-bureau-et-fumoir","8":"product_cat-mobilier","9":"product_tag-art-deco","10":"product_tag-mobilier","12":"first","13":"instock","14":"shipping-taxable","15":"purchasable","16":"product-type-simple"},"_links":{"self":[{"href":"https:\/\/legrenierdelatour.be\/brocante\/wp-json\/wp\/v2\/product\/967","targetHints":{"allow":["GET"]}}],"collection":[{"href":"https:\/\/legrenierdelatour.be\/brocante\/wp-json\/wp\/v2\/product"}],"about":[{"href":"https:\/\/legrenierdelatour.be\/brocante\/wp-json\/wp\/v2\/types\/product"}],"replies":[{"embeddable":true,"href":"https:\/\/legrenierdelatour.be\/brocante\/wp-json\/wp\/v2\/comments?post=967"}],"wp:featuredmedia":[{"embeddable":true,"href":"https:\/\/legrenierdelatour.be\/brocante\/wp-json\/wp\/v2\/media\/968"}],"wp:attachment":[{"href":"https:\/\/legrenierdelatour.be\/brocante\/wp-json\/wp\/v2\/media?parent=967"}],"wp:term":[{"taxonomy":"product_brand","embeddable":true,"href":"https:\/\/legrenierdelatour.be\/brocante\/wp-json\/wp\/v2\/product_brand?post=967"},{"taxonomy":"product_cat","embeddable":true,"href":"https:\/\/legrenierdelatour.be\/brocante\/wp-json\/wp\/v2\/product_cat?post=967"},{"taxonomy":"product_tag","embeddable":true,"href":"https:\/\/legrenierdelatour.be\/brocante\/wp-json\/wp\/v2\/product_tag?post=967"}],"curies":[{"name":"wp","href":"https:\/\/api.w.org\/{rel}","templated":true}]}}