{"id":966,"date":"2022-03-24T09:29:03","date_gmt":"2022-03-24T08:29:03","guid":{"rendered":"https:\/\/legrenierdelatour.be\/brocante\/?post_type=product&#038;p=966"},"modified":"2022-10-16T16:23:55","modified_gmt":"2022-10-16T14:23:55","slug":"carreaux-de-faience-avec-representations-de-saints-limoges","status":"publish","type":"product","link":"https:\/\/legrenierdelatour.be\/brocante\/produit\/carreaux-de-faience-avec-representations-de-saints-limoges\/","title":{"rendered":"Carreaux de fa\u00efence avec repr\u00e9sentations de Saints Limoges"},"content":{"rendered":"<p>Quatre petits carreaux de fa\u00efence (11 cm de c\u00f4t\u00e9), avec des repr\u00e9sentations de Saints : Saint Guy, Sainte Brigitte, Saint Philippe et Saint Yves. Produits par la manufacture Fernand M\u00e9ry S.A \u00e0 Limoges en France, sans doute dans les ann\u00e9es 1970.<\/p>\n<p>Les carreaux sont vendus s\u00e9par\u00e9ment et le prix s&rsquo;entend \u00e0 la pi\u00e8ce. Sainte Brigitte n&rsquo;est plus disponible.<\/p>\n<div>R\u00e9f 9.102<\/div>\n","protected":false},"excerpt":{"rendered":"<p>Quatre petits carreaux de fa\u00efence (11 cm de c\u00f4t\u00e9), avec des repr\u00e9sentations de Saints : Saint Guy, Sainte Brigitte, Saint Philippe et Saint Yves. Produits par la manufacture Fernand M\u00e9ry S.A \u00e0 Limoges en France, sans doute dans les ann\u00e9es 1970. Les carreaux sont vendus s\u00e9par\u00e9ment et le prix s&rsquo;entend \u00e0 la pi\u00e8ce. Sainte Brigitte&hellip;&nbsp;<a href=\"https:\/\/legrenierdelatour.be\/brocante\/produit\/carreaux-de-faience-avec-representations-de-saints-limoges\/\" class=\"\" rel=\"bookmark\">Lire la suite &raquo;<span class=\"screen-reader-text\">Carreaux de fa\u00efence avec repr\u00e9sentations de Saints Limoges<\/span><\/a><\/p>\n","protected":false},"featured_media":955,"comment_status":"open","ping_status":"closed","template":"","meta":{"neve_meta_sidebar":"","neve_meta_container":"","neve_meta_enable_content_width":"off","neve_meta_content_width":100,"neve_meta_title_alignment":"","neve_meta_author_avatar":"","neve_post_elements_order":"","neve_meta_disable_header":"","neve_meta_disable_footer":"","neve_meta_disable_title":""},"product_brand":[],"product_cat":[16,59,185,34],"product_tag":[19,90,35,28],"class_list":{"0":"post-966","1":"product","2":"type-product","3":"status-publish","4":"has-post-thumbnail","6":"product_cat-ceramique","7":"product_cat-france","8":"product_cat-limoges","9":"product_cat-religiosa","10":"product_tag-faience","11":"product_tag-limoges","12":"product_tag-religion","13":"product_tag-vintage","15":"first","16":"instock","17":"shipping-taxable","18":"purchasable","19":"product-type-simple"},"_links":{"self":[{"href":"https:\/\/legrenierdelatour.be\/brocante\/wp-json\/wp\/v2\/product\/966","targetHints":{"allow":["GET"]}}],"collection":[{"href":"https:\/\/legrenierdelatour.be\/brocante\/wp-json\/wp\/v2\/product"}],"about":[{"href":"https:\/\/legrenierdelatour.be\/brocante\/wp-json\/wp\/v2\/types\/product"}],"replies":[{"embeddable":true,"href":"https:\/\/legrenierdelatour.be\/brocante\/wp-json\/wp\/v2\/comments?post=966"}],"wp:featuredmedia":[{"embeddable":true,"href":"https:\/\/legrenierdelatour.be\/brocante\/wp-json\/wp\/v2\/media\/955"}],"wp:attachment":[{"href":"https:\/\/legrenierdelatour.be\/brocante\/wp-json\/wp\/v2\/media?parent=966"}],"wp:term":[{"taxonomy":"product_brand","embeddable":true,"href":"https:\/\/legrenierdelatour.be\/brocante\/wp-json\/wp\/v2\/product_brand?post=966"},{"taxonomy":"product_cat","embeddable":true,"href":"https:\/\/legrenierdelatour.be\/brocante\/wp-json\/wp\/v2\/product_cat?post=966"},{"taxonomy":"product_tag","embeddable":true,"href":"https:\/\/legrenierdelatour.be\/brocante\/wp-json\/wp\/v2\/product_tag?post=966"}],"curies":[{"name":"wp","href":"https:\/\/api.w.org\/{rel}","templated":true}]}}