{"id":9648,"date":"2024-12-18T12:44:13","date_gmt":"2024-12-18T11:44:13","guid":{"rendered":"https:\/\/legrenierdelatour.be\/brocante\/?post_type=product&#038;p=9648"},"modified":"2024-12-26T17:28:49","modified_gmt":"2024-12-26T16:28:49","slug":"verres-a-vin-en-cristal-taille","status":"publish","type":"product","link":"https:\/\/legrenierdelatour.be\/brocante\/produit\/verres-a-vin-en-cristal-taille\/","title":{"rendered":"Verres \u00e0 vin en cristal taill\u00e9"},"content":{"rendered":"<p>6 verres (16 cm de haut) en cristal taill\u00e9 dont la manufacture n\u2019a pas pu \u00eatre d\u00e9termin\u00e9e. Ils sont en excellent \u00e9tat et sont issus de la manufacture du Val St Lambert.<\/p>\n<div>R\u00e9f 38.60<\/div>\n","protected":false},"excerpt":{"rendered":"<p>6 verres (16 cm de haut) en cristal taill\u00e9 dont la manufacture n\u2019a pas pu \u00eatre d\u00e9termin\u00e9e. Ils sont en excellent \u00e9tat et sont issus de la manufacture du Val St Lambert. R\u00e9f 38.60<\/p>\n","protected":false},"featured_media":9649,"comment_status":"open","ping_status":"closed","template":"","meta":{"neve_meta_sidebar":"","neve_meta_container":"","neve_meta_enable_content_width":"off","neve_meta_content_width":100,"neve_meta_title_alignment":"","neve_meta_author_avatar":"","neve_post_elements_order":"","neve_meta_disable_header":"","neve_meta_disable_footer":"","neve_meta_disable_title":""},"product_brand":[],"product_cat":[22],"product_tag":[],"class_list":{"0":"post-9648","1":"product","2":"type-product","3":"status-publish","4":"has-post-thumbnail","6":"product_cat-verrerie","8":"first","9":"instock","10":"shipping-taxable","11":"purchasable","12":"product-type-simple"},"_links":{"self":[{"href":"https:\/\/legrenierdelatour.be\/brocante\/wp-json\/wp\/v2\/product\/9648","targetHints":{"allow":["GET"]}}],"collection":[{"href":"https:\/\/legrenierdelatour.be\/brocante\/wp-json\/wp\/v2\/product"}],"about":[{"href":"https:\/\/legrenierdelatour.be\/brocante\/wp-json\/wp\/v2\/types\/product"}],"replies":[{"embeddable":true,"href":"https:\/\/legrenierdelatour.be\/brocante\/wp-json\/wp\/v2\/comments?post=9648"}],"wp:featuredmedia":[{"embeddable":true,"href":"https:\/\/legrenierdelatour.be\/brocante\/wp-json\/wp\/v2\/media\/9649"}],"wp:attachment":[{"href":"https:\/\/legrenierdelatour.be\/brocante\/wp-json\/wp\/v2\/media?parent=9648"}],"wp:term":[{"taxonomy":"product_brand","embeddable":true,"href":"https:\/\/legrenierdelatour.be\/brocante\/wp-json\/wp\/v2\/product_brand?post=9648"},{"taxonomy":"product_cat","embeddable":true,"href":"https:\/\/legrenierdelatour.be\/brocante\/wp-json\/wp\/v2\/product_cat?post=9648"},{"taxonomy":"product_tag","embeddable":true,"href":"https:\/\/legrenierdelatour.be\/brocante\/wp-json\/wp\/v2\/product_tag?post=9648"}],"curies":[{"name":"wp","href":"https:\/\/api.w.org\/{rel}","templated":true}]}}