{"id":9615,"date":"2024-12-17T13:05:02","date_gmt":"2024-12-17T12:05:02","guid":{"rendered":"https:\/\/legrenierdelatour.be\/brocante\/?post_type=product&#038;p=9615"},"modified":"2024-12-17T13:16:04","modified_gmt":"2024-12-17T12:16:04","slug":"vase-en-cristal-taille-rouge-val-st-lambert-art-deco","status":"publish","type":"product","link":"https:\/\/legrenierdelatour.be\/brocante\/produit\/vase-en-cristal-taille-rouge-val-st-lambert-art-deco\/","title":{"rendered":"Vase en cristal taill\u00e9 rouge, Val St Lambert, Art D\u00e9co"},"content":{"rendered":"<p>Beau vase en cristal taill\u00e9 rouge (17 cm de haut) issu de la manufacture allemande bavoiroise Nachtman. Le vase est en parfait \u00e9tat.<\/p>\n<div>R\u00e9f 38.46<\/div>\n","protected":false},"excerpt":{"rendered":"<p>Beau vase en cristal taill\u00e9 rouge (17 cm de haut) issu de la manufacture allemande bavoiroise Nachtman. Le vase est en parfait \u00e9tat. R\u00e9f 38.46<\/p>\n","protected":false},"featured_media":9616,"comment_status":"open","ping_status":"closed","template":"","meta":{"neve_meta_sidebar":"","neve_meta_container":"","neve_meta_enable_content_width":"off","neve_meta_content_width":100,"neve_meta_title_alignment":"","neve_meta_author_avatar":"","neve_post_elements_order":"","neve_meta_disable_header":"","neve_meta_disable_footer":"","neve_meta_disable_title":""},"product_brand":[],"product_cat":[162,63,22],"product_tag":[],"class_list":{"0":"post-9615","1":"product","2":"type-product","3":"status-publish","4":"has-post-thumbnail","6":"product_cat-productions-belges","7":"product_cat-val-saint-lambert","8":"product_cat-verrerie","10":"first","11":"instock","12":"shipping-taxable","13":"purchasable","14":"product-type-simple"},"_links":{"self":[{"href":"https:\/\/legrenierdelatour.be\/brocante\/wp-json\/wp\/v2\/product\/9615","targetHints":{"allow":["GET"]}}],"collection":[{"href":"https:\/\/legrenierdelatour.be\/brocante\/wp-json\/wp\/v2\/product"}],"about":[{"href":"https:\/\/legrenierdelatour.be\/brocante\/wp-json\/wp\/v2\/types\/product"}],"replies":[{"embeddable":true,"href":"https:\/\/legrenierdelatour.be\/brocante\/wp-json\/wp\/v2\/comments?post=9615"}],"wp:featuredmedia":[{"embeddable":true,"href":"https:\/\/legrenierdelatour.be\/brocante\/wp-json\/wp\/v2\/media\/9616"}],"wp:attachment":[{"href":"https:\/\/legrenierdelatour.be\/brocante\/wp-json\/wp\/v2\/media?parent=9615"}],"wp:term":[{"taxonomy":"product_brand","embeddable":true,"href":"https:\/\/legrenierdelatour.be\/brocante\/wp-json\/wp\/v2\/product_brand?post=9615"},{"taxonomy":"product_cat","embeddable":true,"href":"https:\/\/legrenierdelatour.be\/brocante\/wp-json\/wp\/v2\/product_cat?post=9615"},{"taxonomy":"product_tag","embeddable":true,"href":"https:\/\/legrenierdelatour.be\/brocante\/wp-json\/wp\/v2\/product_tag?post=9615"}],"curies":[{"name":"wp","href":"https:\/\/api.w.org\/{rel}","templated":true}]}}