{"id":9607,"date":"2024-12-16T18:15:07","date_gmt":"2024-12-16T17:15:07","guid":{"rendered":"https:\/\/legrenierdelatour.be\/brocante\/?post_type=product&#038;p=9607"},"modified":"2024-12-16T18:15:07","modified_gmt":"2024-12-16T17:15:07","slug":"bonbonniere-sur-plateau-argente-2","status":"publish","type":"product","link":"https:\/\/legrenierdelatour.be\/brocante\/produit\/bonbonniere-sur-plateau-argente-2\/","title":{"rendered":"Bonbonni\u00e8re sur plateau argent\u00e9"},"content":{"rendered":"<p>Jolie bonbonni\u00e8re en verre grav\u00e9 (9 cm de diam\u00e8tre, 5 cm de haut) avec couvercle et plateau en m\u00e9tal argent\u00e9. Le plateau (15 cm de diam\u00e8tre) est poin\u00e7onn\u00e9 \u00ab\u00a0Arg 5 Jeca\u00a0\u00bb. L\u2019ensemble est en parfait \u00e9tat.<\/p>\n<div>R\u00e9f 38.44<\/div>\n","protected":false},"excerpt":{"rendered":"<p>Jolie bonbonni\u00e8re en verre grav\u00e9 (9 cm de diam\u00e8tre, 5 cm de haut) avec couvercle et plateau en m\u00e9tal argent\u00e9. Le plateau (15 cm de diam\u00e8tre) est poin\u00e7onn\u00e9 \u00ab\u00a0Arg 5 Jeca\u00a0\u00bb. L\u2019ensemble est en parfait \u00e9tat. R\u00e9f 38.44<\/p>\n","protected":false},"featured_media":9608,"comment_status":"open","ping_status":"closed","template":"","meta":{"neve_meta_sidebar":"","neve_meta_container":"","neve_meta_enable_content_width":"off","neve_meta_content_width":100,"neve_meta_title_alignment":"","neve_meta_author_avatar":"","neve_post_elements_order":"","neve_meta_disable_header":"","neve_meta_disable_footer":"","neve_meta_disable_title":""},"product_brand":[],"product_cat":[15],"product_tag":[],"class_list":{"0":"post-9607","1":"product","2":"type-product","3":"status-publish","4":"has-post-thumbnail","6":"product_cat-non-classe","8":"first","9":"instock","10":"shipping-taxable","11":"purchasable","12":"product-type-simple"},"_links":{"self":[{"href":"https:\/\/legrenierdelatour.be\/brocante\/wp-json\/wp\/v2\/product\/9607","targetHints":{"allow":["GET"]}}],"collection":[{"href":"https:\/\/legrenierdelatour.be\/brocante\/wp-json\/wp\/v2\/product"}],"about":[{"href":"https:\/\/legrenierdelatour.be\/brocante\/wp-json\/wp\/v2\/types\/product"}],"replies":[{"embeddable":true,"href":"https:\/\/legrenierdelatour.be\/brocante\/wp-json\/wp\/v2\/comments?post=9607"}],"wp:featuredmedia":[{"embeddable":true,"href":"https:\/\/legrenierdelatour.be\/brocante\/wp-json\/wp\/v2\/media\/9608"}],"wp:attachment":[{"href":"https:\/\/legrenierdelatour.be\/brocante\/wp-json\/wp\/v2\/media?parent=9607"}],"wp:term":[{"taxonomy":"product_brand","embeddable":true,"href":"https:\/\/legrenierdelatour.be\/brocante\/wp-json\/wp\/v2\/product_brand?post=9607"},{"taxonomy":"product_cat","embeddable":true,"href":"https:\/\/legrenierdelatour.be\/brocante\/wp-json\/wp\/v2\/product_cat?post=9607"},{"taxonomy":"product_tag","embeddable":true,"href":"https:\/\/legrenierdelatour.be\/brocante\/wp-json\/wp\/v2\/product_tag?post=9607"}],"curies":[{"name":"wp","href":"https:\/\/api.w.org\/{rel}","templated":true}]}}