{"id":9598,"date":"2024-12-16T18:03:36","date_gmt":"2024-12-16T17:03:36","guid":{"rendered":"https:\/\/legrenierdelatour.be\/brocante\/?post_type=product&#038;p=9598"},"modified":"2024-12-16T18:10:47","modified_gmt":"2024-12-16T17:10:47","slug":"soliflore-edouardien-en-argent-art-nouveau","status":"publish","type":"product","link":"https:\/\/legrenierdelatour.be\/brocante\/produit\/soliflore-edouardien-en-argent-art-nouveau\/","title":{"rendered":"Soliflore edouardien en argent, Art Nouveau"},"content":{"rendered":"<p>Beau soliflore en argent (15 cm de haut) avec un beau d\u00e9cor floral Art Nouveau. Il est poin\u00e7onn\u00e9 plusieurs fois \u00ab\u00a0P, BRS, une couronne, un lion, D\u00a0\u00bb . Il lui manque le petit vase en verre. Vase en argent massif Edwardian datant du d\u00e9but du 20\u00e8 si\u00e8cle.<\/p>\n<div>R\u00e9f 38.42<\/div>\n","protected":false},"excerpt":{"rendered":"<p>Beau soliflore en argent (15 cm de haut) avec un beau d\u00e9cor floral Art Nouveau. Il est poin\u00e7onn\u00e9 plusieurs fois \u00ab\u00a0P, BRS, une couronne, un lion, D\u00a0\u00bb . Il lui manque le petit vase en verre. Vase en argent massif Edwardian datant du d\u00e9but du 20\u00e8 si\u00e8cle. R\u00e9f 38.42<\/p>\n","protected":false},"featured_media":9599,"comment_status":"open","ping_status":"closed","template":"","meta":{"neve_meta_sidebar":"","neve_meta_container":"","neve_meta_enable_content_width":"off","neve_meta_content_width":100,"neve_meta_title_alignment":"","neve_meta_author_avatar":"","neve_post_elements_order":"","neve_meta_disable_header":"","neve_meta_disable_footer":"","neve_meta_disable_title":""},"product_brand":[],"product_cat":[15],"product_tag":[],"class_list":{"0":"post-9598","1":"product","2":"type-product","3":"status-publish","4":"has-post-thumbnail","6":"product_cat-non-classe","8":"first","9":"instock","10":"shipping-taxable","11":"purchasable","12":"product-type-simple"},"_links":{"self":[{"href":"https:\/\/legrenierdelatour.be\/brocante\/wp-json\/wp\/v2\/product\/9598","targetHints":{"allow":["GET"]}}],"collection":[{"href":"https:\/\/legrenierdelatour.be\/brocante\/wp-json\/wp\/v2\/product"}],"about":[{"href":"https:\/\/legrenierdelatour.be\/brocante\/wp-json\/wp\/v2\/types\/product"}],"replies":[{"embeddable":true,"href":"https:\/\/legrenierdelatour.be\/brocante\/wp-json\/wp\/v2\/comments?post=9598"}],"wp:featuredmedia":[{"embeddable":true,"href":"https:\/\/legrenierdelatour.be\/brocante\/wp-json\/wp\/v2\/media\/9599"}],"wp:attachment":[{"href":"https:\/\/legrenierdelatour.be\/brocante\/wp-json\/wp\/v2\/media?parent=9598"}],"wp:term":[{"taxonomy":"product_brand","embeddable":true,"href":"https:\/\/legrenierdelatour.be\/brocante\/wp-json\/wp\/v2\/product_brand?post=9598"},{"taxonomy":"product_cat","embeddable":true,"href":"https:\/\/legrenierdelatour.be\/brocante\/wp-json\/wp\/v2\/product_cat?post=9598"},{"taxonomy":"product_tag","embeddable":true,"href":"https:\/\/legrenierdelatour.be\/brocante\/wp-json\/wp\/v2\/product_tag?post=9598"}],"curies":[{"name":"wp","href":"https:\/\/api.w.org\/{rel}","templated":true}]}}