{"id":9594,"date":"2024-12-16T14:12:11","date_gmt":"2024-12-16T13:12:11","guid":{"rendered":"https:\/\/legrenierdelatour.be\/brocante\/?post_type=product&#038;p=9594"},"modified":"2024-12-16T14:12:11","modified_gmt":"2024-12-16T13:12:11","slug":"bonbonniere-en-metal-argente","status":"publish","type":"product","link":"https:\/\/legrenierdelatour.be\/brocante\/produit\/bonbonniere-en-metal-argente\/","title":{"rendered":"Bonbonni\u00e8re en m\u00e9tal argent\u00e9"},"content":{"rendered":"<p>Jolie bonbonni\u00e8re circulaire (16 cm de diam\u00e8tre) en m\u00e9tal argent\u00e9, portant les poin\u00e7ons \u00ab\u00a0arg , 6, jeca\u00a0\u00bb . Cette bonbonni\u00e8re date sans doute de la deuxi\u00e8me moiti\u00e9 du XX\u00e8 si\u00e8cle.<\/p>\n<div>R\u00e9f 38.41<\/div>\n","protected":false},"excerpt":{"rendered":"<p>Jolie bonbonni\u00e8re circulaire (16 cm de diam\u00e8tre) en m\u00e9tal argent\u00e9, portant les poin\u00e7ons \u00ab\u00a0arg , 6, jeca\u00a0\u00bb . Cette bonbonni\u00e8re date sans doute de la deuxi\u00e8me moiti\u00e9 du XX\u00e8 si\u00e8cle. R\u00e9f 38.41<\/p>\n","protected":false},"featured_media":9595,"comment_status":"open","ping_status":"closed","template":"","meta":{"neve_meta_sidebar":"","neve_meta_container":"","neve_meta_enable_content_width":"off","neve_meta_content_width":100,"neve_meta_title_alignment":"","neve_meta_author_avatar":"","neve_post_elements_order":"","neve_meta_disable_header":"","neve_meta_disable_footer":"","neve_meta_disable_title":""},"product_brand":[],"product_cat":[15],"product_tag":[],"class_list":{"0":"post-9594","1":"product","2":"type-product","3":"status-publish","4":"has-post-thumbnail","6":"product_cat-non-classe","8":"first","9":"instock","10":"shipping-taxable","11":"purchasable","12":"product-type-simple"},"_links":{"self":[{"href":"https:\/\/legrenierdelatour.be\/brocante\/wp-json\/wp\/v2\/product\/9594","targetHints":{"allow":["GET"]}}],"collection":[{"href":"https:\/\/legrenierdelatour.be\/brocante\/wp-json\/wp\/v2\/product"}],"about":[{"href":"https:\/\/legrenierdelatour.be\/brocante\/wp-json\/wp\/v2\/types\/product"}],"replies":[{"embeddable":true,"href":"https:\/\/legrenierdelatour.be\/brocante\/wp-json\/wp\/v2\/comments?post=9594"}],"wp:featuredmedia":[{"embeddable":true,"href":"https:\/\/legrenierdelatour.be\/brocante\/wp-json\/wp\/v2\/media\/9595"}],"wp:attachment":[{"href":"https:\/\/legrenierdelatour.be\/brocante\/wp-json\/wp\/v2\/media?parent=9594"}],"wp:term":[{"taxonomy":"product_brand","embeddable":true,"href":"https:\/\/legrenierdelatour.be\/brocante\/wp-json\/wp\/v2\/product_brand?post=9594"},{"taxonomy":"product_cat","embeddable":true,"href":"https:\/\/legrenierdelatour.be\/brocante\/wp-json\/wp\/v2\/product_cat?post=9594"},{"taxonomy":"product_tag","embeddable":true,"href":"https:\/\/legrenierdelatour.be\/brocante\/wp-json\/wp\/v2\/product_tag?post=9594"}],"curies":[{"name":"wp","href":"https:\/\/api.w.org\/{rel}","templated":true}]}}