{"id":9591,"date":"2024-12-16T13:40:57","date_gmt":"2024-12-16T12:40:57","guid":{"rendered":"https:\/\/legrenierdelatour.be\/brocante\/?post_type=product&#038;p=9591"},"modified":"2024-12-16T13:40:57","modified_gmt":"2024-12-16T12:40:57","slug":"gobelet-en-metal-argente","status":"publish","type":"product","link":"https:\/\/legrenierdelatour.be\/brocante\/produit\/gobelet-en-metal-argente\/","title":{"rendered":"Gobelet en m\u00e9tal argent\u00e9"},"content":{"rendered":"<p>Petit gobelet (7,5 cm de haut) en m\u00e9tal argent\u00e9 portant dessous 3 petits cachets illisibles. Il date sans doute des ann\u00e9es 1940-50.<\/p>\n<div>R\u00e9f 38.39<\/div>\n","protected":false},"excerpt":{"rendered":"<p>Petit gobelet (7,5 cm de haut) en m\u00e9tal argent\u00e9 portant dessous 3 petits cachets illisibles. Il date sans doute des ann\u00e9es 1940-50. R\u00e9f 38.39<\/p>\n","protected":false},"featured_media":9592,"comment_status":"open","ping_status":"closed","template":"","meta":{"neve_meta_sidebar":"","neve_meta_container":"","neve_meta_enable_content_width":"off","neve_meta_content_width":100,"neve_meta_title_alignment":"","neve_meta_author_avatar":"","neve_post_elements_order":"","neve_meta_disable_header":"","neve_meta_disable_footer":"","neve_meta_disable_title":""},"product_brand":[],"product_cat":[109],"product_tag":[],"class_list":{"0":"post-9591","1":"product","2":"type-product","3":"status-publish","4":"has-post-thumbnail","6":"product_cat-metal","8":"first","9":"instock","10":"shipping-taxable","11":"purchasable","12":"product-type-simple"},"_links":{"self":[{"href":"https:\/\/legrenierdelatour.be\/brocante\/wp-json\/wp\/v2\/product\/9591","targetHints":{"allow":["GET"]}}],"collection":[{"href":"https:\/\/legrenierdelatour.be\/brocante\/wp-json\/wp\/v2\/product"}],"about":[{"href":"https:\/\/legrenierdelatour.be\/brocante\/wp-json\/wp\/v2\/types\/product"}],"replies":[{"embeddable":true,"href":"https:\/\/legrenierdelatour.be\/brocante\/wp-json\/wp\/v2\/comments?post=9591"}],"wp:featuredmedia":[{"embeddable":true,"href":"https:\/\/legrenierdelatour.be\/brocante\/wp-json\/wp\/v2\/media\/9592"}],"wp:attachment":[{"href":"https:\/\/legrenierdelatour.be\/brocante\/wp-json\/wp\/v2\/media?parent=9591"}],"wp:term":[{"taxonomy":"product_brand","embeddable":true,"href":"https:\/\/legrenierdelatour.be\/brocante\/wp-json\/wp\/v2\/product_brand?post=9591"},{"taxonomy":"product_cat","embeddable":true,"href":"https:\/\/legrenierdelatour.be\/brocante\/wp-json\/wp\/v2\/product_cat?post=9591"},{"taxonomy":"product_tag","embeddable":true,"href":"https:\/\/legrenierdelatour.be\/brocante\/wp-json\/wp\/v2\/product_tag?post=9591"}],"curies":[{"name":"wp","href":"https:\/\/api.w.org\/{rel}","templated":true}]}}