{"id":9587,"date":"2024-12-16T13:32:29","date_gmt":"2024-12-16T12:32:29","guid":{"rendered":"https:\/\/legrenierdelatour.be\/brocante\/?post_type=product&#038;p=9587"},"modified":"2024-12-16T13:32:30","modified_gmt":"2024-12-16T12:32:30","slug":"soupiere-wmf-art-deco","status":"publish","type":"product","link":"https:\/\/legrenierdelatour.be\/brocante\/produit\/soupiere-wmf-art-deco\/","title":{"rendered":"Soupi\u00e8re WMF Art D\u00e9co"},"content":{"rendered":"<p>Belle soupi\u00e8re en m\u00e9tal argent\u00e9 (29 cm de diam\u00e8tre, 32 cm de haut) datant de 1931 (inscription \u00ab\u00a0K\u00f6nigsschuss 1931\u00a0\u00bb). Elle porte une tr\u00e8s belle d\u00e9coration florale Art d\u00e9co sur le pourtour. Elle porte dessous \u00ab\u00a0WMF 1\/0 R H\u00a0\u00bb .<\/p>\n<div>R\u00e9f 38.38<\/div>\n","protected":false},"excerpt":{"rendered":"<p>Belle soupi\u00e8re en m\u00e9tal argent\u00e9 (29 cm de diam\u00e8tre, 32 cm de haut) datant de 1931 (inscription \u00ab\u00a0K\u00f6nigsschuss 1931\u00a0\u00bb). Elle porte une tr\u00e8s belle d\u00e9coration florale Art d\u00e9co sur le pourtour. Elle porte dessous \u00ab\u00a0WMF 1\/0 R H\u00a0\u00bb . R\u00e9f 38.38<\/p>\n","protected":false},"featured_media":9588,"comment_status":"open","ping_status":"closed","template":"","meta":{"neve_meta_sidebar":"","neve_meta_container":"","neve_meta_enable_content_width":"off","neve_meta_content_width":100,"neve_meta_title_alignment":"","neve_meta_author_avatar":"","neve_post_elements_order":"","neve_meta_disable_header":"","neve_meta_disable_footer":"","neve_meta_disable_title":""},"product_brand":[],"product_cat":[109],"product_tag":[21],"class_list":{"0":"post-9587","1":"product","2":"type-product","3":"status-publish","4":"has-post-thumbnail","6":"product_cat-metal","7":"product_tag-art-deco","9":"first","10":"instock","11":"shipping-taxable","12":"purchasable","13":"product-type-simple"},"_links":{"self":[{"href":"https:\/\/legrenierdelatour.be\/brocante\/wp-json\/wp\/v2\/product\/9587","targetHints":{"allow":["GET"]}}],"collection":[{"href":"https:\/\/legrenierdelatour.be\/brocante\/wp-json\/wp\/v2\/product"}],"about":[{"href":"https:\/\/legrenierdelatour.be\/brocante\/wp-json\/wp\/v2\/types\/product"}],"replies":[{"embeddable":true,"href":"https:\/\/legrenierdelatour.be\/brocante\/wp-json\/wp\/v2\/comments?post=9587"}],"wp:featuredmedia":[{"embeddable":true,"href":"https:\/\/legrenierdelatour.be\/brocante\/wp-json\/wp\/v2\/media\/9588"}],"wp:attachment":[{"href":"https:\/\/legrenierdelatour.be\/brocante\/wp-json\/wp\/v2\/media?parent=9587"}],"wp:term":[{"taxonomy":"product_brand","embeddable":true,"href":"https:\/\/legrenierdelatour.be\/brocante\/wp-json\/wp\/v2\/product_brand?post=9587"},{"taxonomy":"product_cat","embeddable":true,"href":"https:\/\/legrenierdelatour.be\/brocante\/wp-json\/wp\/v2\/product_cat?post=9587"},{"taxonomy":"product_tag","embeddable":true,"href":"https:\/\/legrenierdelatour.be\/brocante\/wp-json\/wp\/v2\/product_tag?post=9587"}],"curies":[{"name":"wp","href":"https:\/\/api.w.org\/{rel}","templated":true}]}}