{"id":9577,"date":"2024-11-23T15:40:47","date_gmt":"2024-11-23T14:40:47","guid":{"rendered":"https:\/\/legrenierdelatour.be\/brocante\/?post_type=product&#038;p=9577"},"modified":"2024-11-23T15:40:48","modified_gmt":"2024-11-23T14:40:48","slug":"caquelons-jean-austruy","status":"publish","type":"product","link":"https:\/\/legrenierdelatour.be\/brocante\/produit\/caquelons-jean-austruy\/","title":{"rendered":"Caquelons Jean Austruy"},"content":{"rendered":"<p>Petits caquelons (10cm de diam\u00e8tre) en gr\u00e8s, issus de Vallauris. Ils sont sign\u00e9s dessous \u00ab\u00a0Austruy\u00a0\u00bb. Jean Austruy (Castres 1910-2012) \u00e9tait \u00e9l\u00e8ve \u00e0 l\u2019Ecole des Arts d\u00e9coratifs de Paris \u00e0 partir de 1936, ainsi qu\u2019aux \u00e9coles de Grenoble et Saint-Marcellin. Il poursuivit son travail dans son propre atelier d\u00e8s 1947 avec son \u00e9pouse Jaqueline et son fils Yves d\u00e8s 1966. Il cessa ses activit\u00e9s en 1990 pour se consacrer \u00e0 la sculpture d\u2019animaux en bronze distribu\u00e9s par la soci\u00e9t\u00e9 Le Dauphin. La production de gr\u00e8s commence dans les ann\u00e9es 1970.<\/p>\n<div>8 exemplaires disponibles au prix de 8\u20ac pi\u00e8ce<\/div>\n<div>R\u00e9f 38.31<\/div>\n","protected":false},"excerpt":{"rendered":"<p>Petits caquelons (10cm de diam\u00e8tre) en gr\u00e8s, issus de Vallauris. Ils sont sign\u00e9s dessous \u00ab\u00a0Austruy\u00a0\u00bb. Jean Austruy (Castres 1910-2012) \u00e9tait \u00e9l\u00e8ve \u00e0 l\u2019Ecole des Arts d\u00e9coratifs de Paris \u00e0 partir de 1936, ainsi qu\u2019aux \u00e9coles de Grenoble et Saint-Marcellin. Il poursuivit son travail dans son propre atelier d\u00e8s 1947 avec son \u00e9pouse Jaqueline et son&hellip;&nbsp;<a href=\"https:\/\/legrenierdelatour.be\/brocante\/produit\/caquelons-jean-austruy\/\" class=\"\" rel=\"bookmark\">Lire la suite &raquo;<span class=\"screen-reader-text\">Caquelons Jean Austruy<\/span><\/a><\/p>\n","protected":false},"featured_media":9578,"comment_status":"open","ping_status":"closed","template":"","meta":{"neve_meta_sidebar":"","neve_meta_container":"","neve_meta_enable_content_width":"off","neve_meta_content_width":100,"neve_meta_title_alignment":"","neve_meta_author_avatar":"","neve_post_elements_order":"","neve_meta_disable_header":"","neve_meta_disable_footer":"","neve_meta_disable_title":""},"product_brand":[],"product_cat":[59,94],"product_tag":[],"class_list":{"0":"post-9577","1":"product","2":"type-product","3":"status-publish","4":"has-post-thumbnail","6":"product_cat-france","7":"product_cat-vallauris","9":"first","10":"instock","11":"shipping-taxable","12":"purchasable","13":"product-type-simple"},"_links":{"self":[{"href":"https:\/\/legrenierdelatour.be\/brocante\/wp-json\/wp\/v2\/product\/9577","targetHints":{"allow":["GET"]}}],"collection":[{"href":"https:\/\/legrenierdelatour.be\/brocante\/wp-json\/wp\/v2\/product"}],"about":[{"href":"https:\/\/legrenierdelatour.be\/brocante\/wp-json\/wp\/v2\/types\/product"}],"replies":[{"embeddable":true,"href":"https:\/\/legrenierdelatour.be\/brocante\/wp-json\/wp\/v2\/comments?post=9577"}],"wp:featuredmedia":[{"embeddable":true,"href":"https:\/\/legrenierdelatour.be\/brocante\/wp-json\/wp\/v2\/media\/9578"}],"wp:attachment":[{"href":"https:\/\/legrenierdelatour.be\/brocante\/wp-json\/wp\/v2\/media?parent=9577"}],"wp:term":[{"taxonomy":"product_brand","embeddable":true,"href":"https:\/\/legrenierdelatour.be\/brocante\/wp-json\/wp\/v2\/product_brand?post=9577"},{"taxonomy":"product_cat","embeddable":true,"href":"https:\/\/legrenierdelatour.be\/brocante\/wp-json\/wp\/v2\/product_cat?post=9577"},{"taxonomy":"product_tag","embeddable":true,"href":"https:\/\/legrenierdelatour.be\/brocante\/wp-json\/wp\/v2\/product_tag?post=9577"}],"curies":[{"name":"wp","href":"https:\/\/api.w.org\/{rel}","templated":true}]}}