{"id":9564,"date":"2024-11-23T14:24:04","date_gmt":"2024-11-23T13:24:04","guid":{"rendered":"https:\/\/legrenierdelatour.be\/brocante\/?post_type=product&#038;p=9564"},"modified":"2024-11-23T14:24:05","modified_gmt":"2024-11-23T13:24:05","slug":"vase-jasba-1429-45-1970","status":"publish","type":"product","link":"https:\/\/legrenierdelatour.be\/brocante\/produit\/vase-jasba-1429-45-1970\/","title":{"rendered":"Vase Jasba 1429 45, 1970"},"content":{"rendered":"<p>Grand vase (45 cm) portant la marque de la manufacture Jasba en Allemagne de l\u2019Ouest (1926-1975 pour la c\u00e9ramique d\u00e9corative) \u00e0 Ransbach-Baumbach. Il porte le num\u00e9ro de forme 1529 45. Il date sans doute des ann\u00e9es 1960 et est en parfait \u00e9tat.<\/p>\n<div>R\u00e9f 38.26<\/div>\n","protected":false},"excerpt":{"rendered":"<p>Grand vase (45 cm) portant la marque de la manufacture Jasba en Allemagne de l\u2019Ouest (1926-1975 pour la c\u00e9ramique d\u00e9corative) \u00e0 Ransbach-Baumbach. Il porte le num\u00e9ro de forme 1529 45. Il date sans doute des ann\u00e9es 1960 et est en parfait \u00e9tat. R\u00e9f 38.26<\/p>\n","protected":false},"featured_media":9565,"comment_status":"open","ping_status":"closed","template":"","meta":{"neve_meta_sidebar":"","neve_meta_container":"","neve_meta_enable_content_width":"off","neve_meta_content_width":100,"neve_meta_title_alignment":"","neve_meta_author_avatar":"","neve_post_elements_order":"","neve_meta_disable_header":"","neve_meta_disable_footer":"","neve_meta_disable_title":""},"product_brand":[],"product_cat":[48,16,47],"product_tag":[],"class_list":{"0":"post-9564","1":"product","2":"type-product","3":"status-publish","4":"has-post-thumbnail","6":"product_cat-allemagne","7":"product_cat-ceramique","8":"product_cat-west-germany","10":"first","11":"instock","12":"shipping-taxable","13":"purchasable","14":"product-type-simple"},"_links":{"self":[{"href":"https:\/\/legrenierdelatour.be\/brocante\/wp-json\/wp\/v2\/product\/9564","targetHints":{"allow":["GET"]}}],"collection":[{"href":"https:\/\/legrenierdelatour.be\/brocante\/wp-json\/wp\/v2\/product"}],"about":[{"href":"https:\/\/legrenierdelatour.be\/brocante\/wp-json\/wp\/v2\/types\/product"}],"replies":[{"embeddable":true,"href":"https:\/\/legrenierdelatour.be\/brocante\/wp-json\/wp\/v2\/comments?post=9564"}],"wp:featuredmedia":[{"embeddable":true,"href":"https:\/\/legrenierdelatour.be\/brocante\/wp-json\/wp\/v2\/media\/9565"}],"wp:attachment":[{"href":"https:\/\/legrenierdelatour.be\/brocante\/wp-json\/wp\/v2\/media?parent=9564"}],"wp:term":[{"taxonomy":"product_brand","embeddable":true,"href":"https:\/\/legrenierdelatour.be\/brocante\/wp-json\/wp\/v2\/product_brand?post=9564"},{"taxonomy":"product_cat","embeddable":true,"href":"https:\/\/legrenierdelatour.be\/brocante\/wp-json\/wp\/v2\/product_cat?post=9564"},{"taxonomy":"product_tag","embeddable":true,"href":"https:\/\/legrenierdelatour.be\/brocante\/wp-json\/wp\/v2\/product_tag?post=9564"}],"curies":[{"name":"wp","href":"https:\/\/api.w.org\/{rel}","templated":true}]}}