{"id":9560,"date":"2024-11-23T13:31:23","date_gmt":"2024-11-23T12:31:23","guid":{"rendered":"https:\/\/legrenierdelatour.be\/brocante\/?post_type=product&#038;p=9560"},"modified":"2024-11-23T13:31:23","modified_gmt":"2024-11-23T12:31:23","slug":"photophore-e-n-bronze-art-nouveau","status":"publish","type":"product","link":"https:\/\/legrenierdelatour.be\/brocante\/produit\/photophore-e-n-bronze-art-nouveau\/","title":{"rendered":"Photophore e n bronze Art Nouveau"},"content":{"rendered":"<p>Photophore en bronze (10 cm de diam\u00e8tre et 8 cm de haut) ^prtant des motifs de cerises avec feuilles. Il porte dessous un poin\u00e7on d\u2019un oiseau sur couronne, qui n\u2019a pas pu \u00eatre identifi\u00e9. Le photophore date sans doute du d\u00e9but du 20\u00e8 si\u00e8cle et est en tr!s bon \u00e9tat.<\/p>\n<div>R\u00e9f 38.23<\/div>\n","protected":false},"excerpt":{"rendered":"<p>Photophore en bronze (10 cm de diam\u00e8tre et 8 cm de haut) ^prtant des motifs de cerises avec feuilles. Il porte dessous un poin\u00e7on d\u2019un oiseau sur couronne, qui n\u2019a pas pu \u00eatre identifi\u00e9. Le photophore date sans doute du d\u00e9but du 20\u00e8 si\u00e8cle et est en tr!s bon \u00e9tat. R\u00e9f 38.23<\/p>\n","protected":false},"featured_media":9561,"comment_status":"open","ping_status":"closed","template":"","meta":{"neve_meta_sidebar":"","neve_meta_container":"","neve_meta_enable_content_width":"off","neve_meta_content_width":100,"neve_meta_title_alignment":"","neve_meta_author_avatar":"","neve_post_elements_order":"","neve_meta_disable_header":"","neve_meta_disable_footer":"","neve_meta_disable_title":""},"product_brand":[],"product_cat":[109],"product_tag":[],"class_list":{"0":"post-9560","1":"product","2":"type-product","3":"status-publish","4":"has-post-thumbnail","6":"product_cat-metal","8":"first","9":"instock","10":"shipping-taxable","11":"purchasable","12":"product-type-simple"},"_links":{"self":[{"href":"https:\/\/legrenierdelatour.be\/brocante\/wp-json\/wp\/v2\/product\/9560","targetHints":{"allow":["GET"]}}],"collection":[{"href":"https:\/\/legrenierdelatour.be\/brocante\/wp-json\/wp\/v2\/product"}],"about":[{"href":"https:\/\/legrenierdelatour.be\/brocante\/wp-json\/wp\/v2\/types\/product"}],"replies":[{"embeddable":true,"href":"https:\/\/legrenierdelatour.be\/brocante\/wp-json\/wp\/v2\/comments?post=9560"}],"wp:featuredmedia":[{"embeddable":true,"href":"https:\/\/legrenierdelatour.be\/brocante\/wp-json\/wp\/v2\/media\/9561"}],"wp:attachment":[{"href":"https:\/\/legrenierdelatour.be\/brocante\/wp-json\/wp\/v2\/media?parent=9560"}],"wp:term":[{"taxonomy":"product_brand","embeddable":true,"href":"https:\/\/legrenierdelatour.be\/brocante\/wp-json\/wp\/v2\/product_brand?post=9560"},{"taxonomy":"product_cat","embeddable":true,"href":"https:\/\/legrenierdelatour.be\/brocante\/wp-json\/wp\/v2\/product_cat?post=9560"},{"taxonomy":"product_tag","embeddable":true,"href":"https:\/\/legrenierdelatour.be\/brocante\/wp-json\/wp\/v2\/product_tag?post=9560"}],"curies":[{"name":"wp","href":"https:\/\/api.w.org\/{rel}","templated":true}]}}