{"id":9549,"date":"2024-11-23T11:53:26","date_gmt":"2024-11-23T10:53:26","guid":{"rendered":"https:\/\/legrenierdelatour.be\/brocante\/?post_type=product&#038;p=9549"},"modified":"2024-11-23T11:53:27","modified_gmt":"2024-11-23T10:53:27","slug":"petit-pichet-gouda","status":"publish","type":"product","link":"https:\/\/legrenierdelatour.be\/brocante\/produit\/petit-pichet-gouda\/","title":{"rendered":"Petit pichet Gouda"},"content":{"rendered":"<p>Petit pichet (11cm de haut) portant l\u2019\u00e9tiquette \u00ab\u00a0V\u00e9ritable de Gouda, Holland\u00a0\u00bb produit par une manufacture de Gouda. Il ne porte pas de marque dessous. Il a un bel enduit mat \u00e0 dominance jaune-orange, et date sans doute des ann\u00e9es 1960-70.<\/p>\n<div>R\u00e9f 37.19<\/div>\n","protected":false},"excerpt":{"rendered":"<p>Petit pichet (11cm de haut) portant l\u2019\u00e9tiquette \u00ab\u00a0V\u00e9ritable de Gouda, Holland\u00a0\u00bb produit par une manufacture de Gouda. Il ne porte pas de marque dessous. Il a un bel enduit mat \u00e0 dominance jaune-orange, et date sans doute des ann\u00e9es 1960-70. R\u00e9f 37.19<\/p>\n","protected":false},"featured_media":9550,"comment_status":"open","ping_status":"closed","template":"","meta":{"neve_meta_sidebar":"","neve_meta_container":"","neve_meta_enable_content_width":"off","neve_meta_content_width":100,"neve_meta_title_alignment":"","neve_meta_author_avatar":"","neve_post_elements_order":"","neve_meta_disable_header":"","neve_meta_disable_footer":"","neve_meta_disable_title":""},"product_brand":[],"product_cat":[16],"product_tag":[],"class_list":{"0":"post-9549","1":"product","2":"type-product","3":"status-publish","4":"has-post-thumbnail","6":"product_cat-ceramique","8":"first","9":"instock","10":"shipping-taxable","11":"purchasable","12":"product-type-simple"},"_links":{"self":[{"href":"https:\/\/legrenierdelatour.be\/brocante\/wp-json\/wp\/v2\/product\/9549","targetHints":{"allow":["GET"]}}],"collection":[{"href":"https:\/\/legrenierdelatour.be\/brocante\/wp-json\/wp\/v2\/product"}],"about":[{"href":"https:\/\/legrenierdelatour.be\/brocante\/wp-json\/wp\/v2\/types\/product"}],"replies":[{"embeddable":true,"href":"https:\/\/legrenierdelatour.be\/brocante\/wp-json\/wp\/v2\/comments?post=9549"}],"wp:featuredmedia":[{"embeddable":true,"href":"https:\/\/legrenierdelatour.be\/brocante\/wp-json\/wp\/v2\/media\/9550"}],"wp:attachment":[{"href":"https:\/\/legrenierdelatour.be\/brocante\/wp-json\/wp\/v2\/media?parent=9549"}],"wp:term":[{"taxonomy":"product_brand","embeddable":true,"href":"https:\/\/legrenierdelatour.be\/brocante\/wp-json\/wp\/v2\/product_brand?post=9549"},{"taxonomy":"product_cat","embeddable":true,"href":"https:\/\/legrenierdelatour.be\/brocante\/wp-json\/wp\/v2\/product_cat?post=9549"},{"taxonomy":"product_tag","embeddable":true,"href":"https:\/\/legrenierdelatour.be\/brocante\/wp-json\/wp\/v2\/product_tag?post=9549"}],"curies":[{"name":"wp","href":"https:\/\/api.w.org\/{rel}","templated":true}]}}