{"id":9548,"date":"2024-11-19T10:56:22","date_gmt":"2024-11-19T09:56:22","guid":{"rendered":"https:\/\/legrenierdelatour.be\/brocante\/?post_type=product&#038;p=9548"},"modified":"2025-10-05T16:21:42","modified_gmt":"2025-10-05T14:21:42","slug":"plaques-ceramiques-vintage-sur-aluminium-oswald-tieberghien-juliette-belarti","status":"publish","type":"product","link":"https:\/\/legrenierdelatour.be\/brocante\/produit\/plaques-ceramiques-vintage-sur-aluminium-oswald-tieberghien-juliette-belarti\/","title":{"rendered":"Plaques c\u00e9ramiques vintage sur aluminium, Oswald Tieberghien, Juliette Belarti"},"content":{"rendered":"<p>Plaques c\u00e9ramique sur aluminium (10,5 cm de c\u00f4t\u00e9) datant des ann\u00e9es 1970, des designers Oswald Tieberghien (1936-2024) et Juliette Belarti connus pour leur c\u00e9ramique color\u00e9e dans la deuxi\u00e8me moiti\u00e9 du 20\u00e8 si\u00e8cle.<\/p>\n<div>\n<p>Elles sont vendues \u00e0 la pi\u00e8ce au prix de 50\u20ac. Certaines ne sont plus disponibles<\/p>\n<div>R\u00e9f 37.18<\/div>\n<\/div>\n","protected":false},"excerpt":{"rendered":"<p>Plaques c\u00e9ramique sur aluminium (10,5 cm de c\u00f4t\u00e9) datant des ann\u00e9es 1970, des designers Oswald Tieberghien (1936-2024) et Juliette Belarti connus pour leur c\u00e9ramique color\u00e9e dans la deuxi\u00e8me moiti\u00e9 du 20\u00e8 si\u00e8cle. Elles sont vendues \u00e0 la pi\u00e8ce au prix de 50\u20ac. Certaines ne sont plus disponibles R\u00e9f 37.18<\/p>\n","protected":false},"featured_media":9545,"comment_status":"open","ping_status":"closed","template":"","meta":{"neve_meta_sidebar":"","neve_meta_container":"","neve_meta_enable_content_width":"off","neve_meta_content_width":100,"neve_meta_title_alignment":"","neve_meta_author_avatar":"","neve_post_elements_order":"","neve_meta_disable_header":"","neve_meta_disable_footer":"","neve_meta_disable_title":""},"product_brand":[],"product_cat":[37,16,167],"product_tag":[],"class_list":{"0":"post-9548","1":"product","2":"type-product","3":"status-publish","4":"has-post-thumbnail","6":"product_cat-belgique","7":"product_cat-ceramique","8":"product_cat-peintures-et-sculptures","10":"first","11":"instock","12":"shipping-taxable","13":"purchasable","14":"product-type-simple"},"_links":{"self":[{"href":"https:\/\/legrenierdelatour.be\/brocante\/wp-json\/wp\/v2\/product\/9548","targetHints":{"allow":["GET"]}}],"collection":[{"href":"https:\/\/legrenierdelatour.be\/brocante\/wp-json\/wp\/v2\/product"}],"about":[{"href":"https:\/\/legrenierdelatour.be\/brocante\/wp-json\/wp\/v2\/types\/product"}],"replies":[{"embeddable":true,"href":"https:\/\/legrenierdelatour.be\/brocante\/wp-json\/wp\/v2\/comments?post=9548"}],"wp:featuredmedia":[{"embeddable":true,"href":"https:\/\/legrenierdelatour.be\/brocante\/wp-json\/wp\/v2\/media\/9545"}],"wp:attachment":[{"href":"https:\/\/legrenierdelatour.be\/brocante\/wp-json\/wp\/v2\/media?parent=9548"}],"wp:term":[{"taxonomy":"product_brand","embeddable":true,"href":"https:\/\/legrenierdelatour.be\/brocante\/wp-json\/wp\/v2\/product_brand?post=9548"},{"taxonomy":"product_cat","embeddable":true,"href":"https:\/\/legrenierdelatour.be\/brocante\/wp-json\/wp\/v2\/product_cat?post=9548"},{"taxonomy":"product_tag","embeddable":true,"href":"https:\/\/legrenierdelatour.be\/brocante\/wp-json\/wp\/v2\/product_tag?post=9548"}],"curies":[{"name":"wp","href":"https:\/\/api.w.org\/{rel}","templated":true}]}}