{"id":9547,"date":"2024-11-19T10:49:14","date_gmt":"2024-11-19T09:49:14","guid":{"rendered":"https:\/\/legrenierdelatour.be\/brocante\/?post_type=product&#038;p=9547"},"modified":"2024-11-19T10:49:14","modified_gmt":"2024-11-19T09:49:14","slug":"plaques-ceramiques-pour-porte-vintage-oswald-tieberghien-juliette-belarti","status":"publish","type":"product","link":"https:\/\/legrenierdelatour.be\/brocante\/produit\/plaques-ceramiques-pour-porte-vintage-oswald-tieberghien-juliette-belarti\/","title":{"rendered":"Plaques c\u00e9ramiques pour porte vintage, Oswald Tieberghien, Juliette Belarti"},"content":{"rendered":"<p>Plaques c\u00e9ramique pour poign\u00e9e de porte (21&#215;11 cm) datant des ann\u00e9es 1970, des designers Oswald Tieberghien (1936-2024) et Juliette Belarti connus pour leur c\u00e9ramique color\u00e9e dans la deuxi\u00e8me moiti\u00e9 du 20\u00e8 si\u00e8cle.<\/p>\n<div>Elles sont vendues \u00e0 la pi\u00e8ce au prix de 55\u20ac.<\/p>\n<div>R\u00e9f 37.17<\/div>\n<\/div>\n","protected":false},"excerpt":{"rendered":"<p>Plaques c\u00e9ramique pour poign\u00e9e de porte (21&#215;11 cm) datant des ann\u00e9es 1970, des designers Oswald Tieberghien (1936-2024) et Juliette Belarti connus pour leur c\u00e9ramique color\u00e9e dans la deuxi\u00e8me moiti\u00e9 du 20\u00e8 si\u00e8cle. Elles sont vendues \u00e0 la pi\u00e8ce au prix de 55\u20ac. R\u00e9f 37.17<\/p>\n","protected":false},"featured_media":9546,"comment_status":"open","ping_status":"closed","template":"","meta":{"neve_meta_sidebar":"","neve_meta_container":"","neve_meta_enable_content_width":"off","neve_meta_content_width":100,"neve_meta_title_alignment":"","neve_meta_author_avatar":"","neve_post_elements_order":"","neve_meta_disable_header":"","neve_meta_disable_footer":"","neve_meta_disable_title":""},"product_brand":[],"product_cat":[37,16,167],"product_tag":[],"class_list":{"0":"post-9547","1":"product","2":"type-product","3":"status-publish","4":"has-post-thumbnail","6":"product_cat-belgique","7":"product_cat-ceramique","8":"product_cat-peintures-et-sculptures","10":"first","11":"instock","12":"shipping-taxable","13":"purchasable","14":"product-type-simple"},"_links":{"self":[{"href":"https:\/\/legrenierdelatour.be\/brocante\/wp-json\/wp\/v2\/product\/9547","targetHints":{"allow":["GET"]}}],"collection":[{"href":"https:\/\/legrenierdelatour.be\/brocante\/wp-json\/wp\/v2\/product"}],"about":[{"href":"https:\/\/legrenierdelatour.be\/brocante\/wp-json\/wp\/v2\/types\/product"}],"replies":[{"embeddable":true,"href":"https:\/\/legrenierdelatour.be\/brocante\/wp-json\/wp\/v2\/comments?post=9547"}],"wp:featuredmedia":[{"embeddable":true,"href":"https:\/\/legrenierdelatour.be\/brocante\/wp-json\/wp\/v2\/media\/9546"}],"wp:attachment":[{"href":"https:\/\/legrenierdelatour.be\/brocante\/wp-json\/wp\/v2\/media?parent=9547"}],"wp:term":[{"taxonomy":"product_brand","embeddable":true,"href":"https:\/\/legrenierdelatour.be\/brocante\/wp-json\/wp\/v2\/product_brand?post=9547"},{"taxonomy":"product_cat","embeddable":true,"href":"https:\/\/legrenierdelatour.be\/brocante\/wp-json\/wp\/v2\/product_cat?post=9547"},{"taxonomy":"product_tag","embeddable":true,"href":"https:\/\/legrenierdelatour.be\/brocante\/wp-json\/wp\/v2\/product_tag?post=9547"}],"curies":[{"name":"wp","href":"https:\/\/api.w.org\/{rel}","templated":true}]}}