{"id":9534,"date":"2024-11-18T12:03:24","date_gmt":"2024-11-18T11:03:24","guid":{"rendered":"https:\/\/legrenierdelatour.be\/brocante\/?post_type=product&#038;p=9534"},"modified":"2024-11-18T12:03:24","modified_gmt":"2024-11-18T11:03:24","slug":"peinture-village-de-la-semois-henri-spitsaert","status":"publish","type":"product","link":"https:\/\/legrenierdelatour.be\/brocante\/produit\/peinture-village-de-la-semois-henri-spitsaert\/","title":{"rendered":"Peinture \u00ab\u00a0Village de la Semois\u00a0\u00bb, Henri Spitsaert"},"content":{"rendered":"<p>Peinture \u00e0 l\u2019huile sur panneau (65x56cm cadre compris) repr\u00e9sentant un village sans doute de la Semois. Cette peinture est sign\u00e9e H. Spitsaert. Henri Spitsaert (1928-1974) est class\u00e9 parmi les ma\u00eetres ardennais des peintures d\u2019hiver. Sa carri\u00e8re est assez courte car il souffre du coeur, mais il nous fait d\u00e9couvrir des dons de coloriste et s\u2019installe parmi les peintres du post-impressionisme wallon. Install\u00e9 \u00e0 Vresse, il ch\u00e9rit les paysages et les hameaux ardennais dont il a tir\u00e9 le meilleur de ses oeuvres.<\/p>\n<div>R\u00e9f 37.15<\/div>\n","protected":false},"excerpt":{"rendered":"<p>Peinture \u00e0 l\u2019huile sur panneau (65x56cm cadre compris) repr\u00e9sentant un village sans doute de la Semois. Cette peinture est sign\u00e9e H. Spitsaert. Henri Spitsaert (1928-1974) est class\u00e9 parmi les ma\u00eetres ardennais des peintures d\u2019hiver. Sa carri\u00e8re est assez courte car il souffre du coeur, mais il nous fait d\u00e9couvrir des dons de coloriste et s\u2019installe&hellip;&nbsp;<a href=\"https:\/\/legrenierdelatour.be\/brocante\/produit\/peinture-village-de-la-semois-henri-spitsaert\/\" class=\"\" rel=\"bookmark\">Lire la suite &raquo;<span class=\"screen-reader-text\">Peinture \u00ab\u00a0Village de la Semois\u00a0\u00bb, Henri Spitsaert<\/span><\/a><\/p>\n","protected":false},"featured_media":9535,"comment_status":"open","ping_status":"closed","template":"","meta":{"neve_meta_sidebar":"","neve_meta_container":"","neve_meta_enable_content_width":"off","neve_meta_content_width":100,"neve_meta_title_alignment":"","neve_meta_author_avatar":"","neve_post_elements_order":"","neve_meta_disable_header":"","neve_meta_disable_footer":"","neve_meta_disable_title":""},"product_brand":[],"product_cat":[31,167],"product_tag":[],"class_list":{"0":"post-9534","1":"product","2":"type-product","3":"status-publish","4":"has-post-thumbnail","6":"product_cat-pays-darlon","7":"product_cat-peintures-et-sculptures","9":"first","10":"instock","11":"shipping-taxable","12":"purchasable","13":"product-type-simple"},"_links":{"self":[{"href":"https:\/\/legrenierdelatour.be\/brocante\/wp-json\/wp\/v2\/product\/9534","targetHints":{"allow":["GET"]}}],"collection":[{"href":"https:\/\/legrenierdelatour.be\/brocante\/wp-json\/wp\/v2\/product"}],"about":[{"href":"https:\/\/legrenierdelatour.be\/brocante\/wp-json\/wp\/v2\/types\/product"}],"replies":[{"embeddable":true,"href":"https:\/\/legrenierdelatour.be\/brocante\/wp-json\/wp\/v2\/comments?post=9534"}],"wp:featuredmedia":[{"embeddable":true,"href":"https:\/\/legrenierdelatour.be\/brocante\/wp-json\/wp\/v2\/media\/9535"}],"wp:attachment":[{"href":"https:\/\/legrenierdelatour.be\/brocante\/wp-json\/wp\/v2\/media?parent=9534"}],"wp:term":[{"taxonomy":"product_brand","embeddable":true,"href":"https:\/\/legrenierdelatour.be\/brocante\/wp-json\/wp\/v2\/product_brand?post=9534"},{"taxonomy":"product_cat","embeddable":true,"href":"https:\/\/legrenierdelatour.be\/brocante\/wp-json\/wp\/v2\/product_cat?post=9534"},{"taxonomy":"product_tag","embeddable":true,"href":"https:\/\/legrenierdelatour.be\/brocante\/wp-json\/wp\/v2\/product_tag?post=9534"}],"curies":[{"name":"wp","href":"https:\/\/api.w.org\/{rel}","templated":true}]}}