{"id":9513,"date":"2024-11-17T15:59:49","date_gmt":"2024-11-17T14:59:49","guid":{"rendered":"https:\/\/legrenierdelatour.be\/brocante\/?post_type=product&#038;p=9513"},"modified":"2024-11-17T15:59:49","modified_gmt":"2024-11-17T14:59:49","slug":"coupe-en-verre-souffle-bordeau","status":"publish","type":"product","link":"https:\/\/legrenierdelatour.be\/brocante\/produit\/coupe-en-verre-souffle-bordeau\/","title":{"rendered":"Coupe en verre souffl\u00e9 bordeau"},"content":{"rendered":"<p>Belle coupe en verre souffl\u00e9 (23 cm de diam\u00e8tre) produite peut-\u00eatre par un verrier de Murano, mais ele n\u2019est pas sign\u00e9e. Elle date sans doute des ann\u00e9es 1960-70. Elle est en parfait \u00e9tat.<\/p>\n<div>R\u00e9f 37.08<\/div>\n","protected":false},"excerpt":{"rendered":"<p>Belle coupe en verre souffl\u00e9 (23 cm de diam\u00e8tre) produite peut-\u00eatre par un verrier de Murano, mais ele n\u2019est pas sign\u00e9e. Elle date sans doute des ann\u00e9es 1960-70. Elle est en parfait \u00e9tat. R\u00e9f 37.08<\/p>\n","protected":false},"featured_media":9514,"comment_status":"open","ping_status":"closed","template":"","meta":{"neve_meta_sidebar":"","neve_meta_container":"","neve_meta_enable_content_width":"off","neve_meta_content_width":100,"neve_meta_title_alignment":"","neve_meta_author_avatar":"","neve_post_elements_order":"","neve_meta_disable_header":"","neve_meta_disable_footer":"","neve_meta_disable_title":""},"product_brand":[],"product_cat":[60,22],"product_tag":[],"class_list":{"0":"post-9513","1":"product","2":"type-product","3":"status-publish","4":"has-post-thumbnail","6":"product_cat-murano","7":"product_cat-verrerie","9":"first","10":"instock","11":"shipping-taxable","12":"purchasable","13":"product-type-simple"},"_links":{"self":[{"href":"https:\/\/legrenierdelatour.be\/brocante\/wp-json\/wp\/v2\/product\/9513","targetHints":{"allow":["GET"]}}],"collection":[{"href":"https:\/\/legrenierdelatour.be\/brocante\/wp-json\/wp\/v2\/product"}],"about":[{"href":"https:\/\/legrenierdelatour.be\/brocante\/wp-json\/wp\/v2\/types\/product"}],"replies":[{"embeddable":true,"href":"https:\/\/legrenierdelatour.be\/brocante\/wp-json\/wp\/v2\/comments?post=9513"}],"wp:featuredmedia":[{"embeddable":true,"href":"https:\/\/legrenierdelatour.be\/brocante\/wp-json\/wp\/v2\/media\/9514"}],"wp:attachment":[{"href":"https:\/\/legrenierdelatour.be\/brocante\/wp-json\/wp\/v2\/media?parent=9513"}],"wp:term":[{"taxonomy":"product_brand","embeddable":true,"href":"https:\/\/legrenierdelatour.be\/brocante\/wp-json\/wp\/v2\/product_brand?post=9513"},{"taxonomy":"product_cat","embeddable":true,"href":"https:\/\/legrenierdelatour.be\/brocante\/wp-json\/wp\/v2\/product_cat?post=9513"},{"taxonomy":"product_tag","embeddable":true,"href":"https:\/\/legrenierdelatour.be\/brocante\/wp-json\/wp\/v2\/product_tag?post=9513"}],"curies":[{"name":"wp","href":"https:\/\/api.w.org\/{rel}","templated":true}]}}