{"id":9505,"date":"2024-11-17T15:15:37","date_gmt":"2024-11-17T14:15:37","guid":{"rendered":"https:\/\/legrenierdelatour.be\/brocante\/?post_type=product&#038;p=9505"},"modified":"2025-05-20T16:10:54","modified_gmt":"2025-05-20T14:10:54","slug":"ensemble-de-toilette-valambert-val-st-lambert","status":"publish","type":"product","link":"https:\/\/legrenierdelatour.be\/brocante\/produit\/ensemble-de-toilette-valambert-val-st-lambert\/","title":{"rendered":"Ensemble de toilette \u00ab\u00a0Valambert\u00a0\u00bb, Val St Lambert"},"content":{"rendered":"<p>Bel ensemble de garniture de toilette compos\u00e9 de diff\u00e9rents \u00e9l\u00e9ments en cristal moul\u00e9 bicolore transparant et ambre. C\u2019est une production de la manufacture Val St Lambert (sign\u00e9 sous certains \u00e9l\u00e9ments) de la collection Luxval, Art d\u00e9co. Cette collection a \u00e9t\u00e9 dessin\u00e9e par les designers Charles Graffart et Ren\u00e9 Delvenne, en cristal coul\u00e9, dans les ann\u00e9es 1930. Il s\u2019agit de la collection Valambert.<\/p>\n<div>Les diff\u00e9rents \u00e9l\u00e9ments sont vendus \u00e0 la pi\u00e8ce au prix allant de 10 \u00e0 25\u20ac. Certains \u00e9l\u00e9ments ne sont plus disponibles.<\/div>\n<div>R\u00e9f 37.05<\/div>\n","protected":false},"excerpt":{"rendered":"<p>Bel ensemble de garniture de toilette compos\u00e9 de diff\u00e9rents \u00e9l\u00e9ments en cristal moul\u00e9 bicolore transparant et ambre. C\u2019est une production de la manufacture Val St Lambert (sign\u00e9 sous certains \u00e9l\u00e9ments) de la collection Luxval, Art d\u00e9co. Cette collection a \u00e9t\u00e9 dessin\u00e9e par les designers Charles Graffart et Ren\u00e9 Delvenne, en cristal coul\u00e9, dans les ann\u00e9es&hellip;&nbsp;<a href=\"https:\/\/legrenierdelatour.be\/brocante\/produit\/ensemble-de-toilette-valambert-val-st-lambert\/\" class=\"\" rel=\"bookmark\">Lire la suite &raquo;<span class=\"screen-reader-text\">Ensemble de toilette \u00ab\u00a0Valambert\u00a0\u00bb, Val St Lambert<\/span><\/a><\/p>\n","protected":false},"featured_media":9506,"comment_status":"open","ping_status":"closed","template":"","meta":{"neve_meta_sidebar":"","neve_meta_container":"","neve_meta_enable_content_width":"off","neve_meta_content_width":100,"neve_meta_title_alignment":"","neve_meta_author_avatar":"","neve_post_elements_order":"","neve_meta_disable_header":"","neve_meta_disable_footer":"","neve_meta_disable_title":""},"product_brand":[],"product_cat":[64,162,63,22],"product_tag":[],"class_list":{"0":"post-9505","1":"product","2":"type-product","3":"status-publish","4":"has-post-thumbnail","6":"product_cat-luxval","7":"product_cat-productions-belges","8":"product_cat-val-saint-lambert","9":"product_cat-verrerie","11":"first","12":"instock","13":"shipping-taxable","14":"purchasable","15":"product-type-simple"},"_links":{"self":[{"href":"https:\/\/legrenierdelatour.be\/brocante\/wp-json\/wp\/v2\/product\/9505","targetHints":{"allow":["GET"]}}],"collection":[{"href":"https:\/\/legrenierdelatour.be\/brocante\/wp-json\/wp\/v2\/product"}],"about":[{"href":"https:\/\/legrenierdelatour.be\/brocante\/wp-json\/wp\/v2\/types\/product"}],"replies":[{"embeddable":true,"href":"https:\/\/legrenierdelatour.be\/brocante\/wp-json\/wp\/v2\/comments?post=9505"}],"wp:featuredmedia":[{"embeddable":true,"href":"https:\/\/legrenierdelatour.be\/brocante\/wp-json\/wp\/v2\/media\/9506"}],"wp:attachment":[{"href":"https:\/\/legrenierdelatour.be\/brocante\/wp-json\/wp\/v2\/media?parent=9505"}],"wp:term":[{"taxonomy":"product_brand","embeddable":true,"href":"https:\/\/legrenierdelatour.be\/brocante\/wp-json\/wp\/v2\/product_brand?post=9505"},{"taxonomy":"product_cat","embeddable":true,"href":"https:\/\/legrenierdelatour.be\/brocante\/wp-json\/wp\/v2\/product_cat?post=9505"},{"taxonomy":"product_tag","embeddable":true,"href":"https:\/\/legrenierdelatour.be\/brocante\/wp-json\/wp\/v2\/product_tag?post=9505"}],"curies":[{"name":"wp","href":"https:\/\/api.w.org\/{rel}","templated":true}]}}