{"id":9501,"date":"2024-11-11T17:50:30","date_gmt":"2024-11-11T16:50:30","guid":{"rendered":"https:\/\/legrenierdelatour.be\/brocante\/?post_type=product&#038;p=9501"},"modified":"2024-11-11T17:50:30","modified_gmt":"2024-11-11T16:50:30","slug":"aquarelle-berthe-morisot-maurice-marischal","status":"publish","type":"product","link":"https:\/\/legrenierdelatour.be\/brocante\/produit\/aquarelle-berthe-morisot-maurice-marischal\/","title":{"rendered":"Aquarelle \u00ab\u00a0Berthe Morisot\u00a0\u00bb, Maurice Marischal"},"content":{"rendered":"<p>Aquarelle (40&#215;27 cm cadre compris), repr\u00e9sentant \u00ab\u00a0Berthe Morisot au bouquet de violettes\u00a0\u00bb, une oeuvre de Edouard Manet en 1872 (huile sur toile)? Il s\u2019agit ici d\u2019une reproduction \u00e0 l\u2019aquarelle sign\u00e9e Maurice Marischal. Maurice Marischal, artiste discret, qui a peint en Lorraine essentiellement. N\u00e9 en 1929 \u00e0 Virton, il est un grand admirateur de Camille Barth\u00e9l\u00e9my et de Jean Lejour. Apr\u00e8s avoir v\u00e9cu de nombreuses ann\u00e9es \u00e0 Bastogne, il s\u2019installe d\u00e8s qu\u2019il en a la possibilit\u00e9, \u00e0 Metzert, village proche d\u2019Arlon. S\u2019il a peint \u00e0 l\u2019acrylique, il excelle particuli\u00e8rement dans la technique de l\u2019aquarelle.<\/p>\n<div>R\u00e9f 36.99<\/div>\n","protected":false},"excerpt":{"rendered":"<p>Aquarelle (40&#215;27 cm cadre compris), repr\u00e9sentant \u00ab\u00a0Berthe Morisot au bouquet de violettes\u00a0\u00bb, une oeuvre de Edouard Manet en 1872 (huile sur toile)? Il s\u2019agit ici d\u2019une reproduction \u00e0 l\u2019aquarelle sign\u00e9e Maurice Marischal. Maurice Marischal, artiste discret, qui a peint en Lorraine essentiellement. N\u00e9 en 1929 \u00e0 Virton, il est un grand admirateur de Camille Barth\u00e9l\u00e9my&hellip;&nbsp;<a href=\"https:\/\/legrenierdelatour.be\/brocante\/produit\/aquarelle-berthe-morisot-maurice-marischal\/\" class=\"\" rel=\"bookmark\">Lire la suite &raquo;<span class=\"screen-reader-text\">Aquarelle \u00ab\u00a0Berthe Morisot\u00a0\u00bb, Maurice Marischal<\/span><\/a><\/p>\n","protected":false},"featured_media":9502,"comment_status":"open","ping_status":"closed","template":"","meta":{"neve_meta_sidebar":"","neve_meta_container":"","neve_meta_enable_content_width":"off","neve_meta_content_width":100,"neve_meta_title_alignment":"","neve_meta_author_avatar":"","neve_post_elements_order":"","neve_meta_disable_header":"","neve_meta_disable_footer":"","neve_meta_disable_title":""},"product_brand":[],"product_cat":[31,167],"product_tag":[],"class_list":{"0":"post-9501","1":"product","2":"type-product","3":"status-publish","4":"has-post-thumbnail","6":"product_cat-pays-darlon","7":"product_cat-peintures-et-sculptures","9":"first","10":"instock","11":"shipping-taxable","12":"purchasable","13":"product-type-simple"},"_links":{"self":[{"href":"https:\/\/legrenierdelatour.be\/brocante\/wp-json\/wp\/v2\/product\/9501","targetHints":{"allow":["GET"]}}],"collection":[{"href":"https:\/\/legrenierdelatour.be\/brocante\/wp-json\/wp\/v2\/product"}],"about":[{"href":"https:\/\/legrenierdelatour.be\/brocante\/wp-json\/wp\/v2\/types\/product"}],"replies":[{"embeddable":true,"href":"https:\/\/legrenierdelatour.be\/brocante\/wp-json\/wp\/v2\/comments?post=9501"}],"wp:featuredmedia":[{"embeddable":true,"href":"https:\/\/legrenierdelatour.be\/brocante\/wp-json\/wp\/v2\/media\/9502"}],"wp:attachment":[{"href":"https:\/\/legrenierdelatour.be\/brocante\/wp-json\/wp\/v2\/media?parent=9501"}],"wp:term":[{"taxonomy":"product_brand","embeddable":true,"href":"https:\/\/legrenierdelatour.be\/brocante\/wp-json\/wp\/v2\/product_brand?post=9501"},{"taxonomy":"product_cat","embeddable":true,"href":"https:\/\/legrenierdelatour.be\/brocante\/wp-json\/wp\/v2\/product_cat?post=9501"},{"taxonomy":"product_tag","embeddable":true,"href":"https:\/\/legrenierdelatour.be\/brocante\/wp-json\/wp\/v2\/product_tag?post=9501"}],"curies":[{"name":"wp","href":"https:\/\/api.w.org\/{rel}","templated":true}]}}