{"id":9473,"date":"2024-11-10T12:30:31","date_gmt":"2024-11-10T11:30:31","guid":{"rendered":"https:\/\/legrenierdelatour.be\/brocante\/?post_type=product&#038;p=9473"},"modified":"2024-11-10T12:30:31","modified_gmt":"2024-11-10T11:30:31","slug":"vierge-a-lenfant-odette-dijeux","status":"publish","type":"product","link":"https:\/\/legrenierdelatour.be\/brocante\/produit\/vierge-a-lenfant-odette-dijeux\/","title":{"rendered":"Vierge \u00e0 l&rsquo;Enfant, Odette Dijeux"},"content":{"rendered":"<p>Belle plaque c\u00e9ramique (19&#215;6,5 cm) repr\u00e9sentant une Vierge \u00e0 l&rsquo;Enfant. C\u2019est une oeuvre de Odette Dijeux (1921-2020), c\u00e9ramiste d&rsquo;Art \u00e0 Namur. El\u00e8ve d\u2019Albert Dandoy \u00e0 l\u2019Ecole des Beaux-Arts de Namur, c\u2019est en 1952 qu\u2019elle se d\u00e9couvre une v\u00e9ritable passion, pour la c\u00e9ramique, obtenant le Premier Prix avec distinction de la classe de Marise Rogister.Cette plaque est dans un \u00e9tat impeccable et date sans doute des ann\u00e9es 1960-70.<\/p>\n<div>R\u00e9f 36.88<\/div>\n","protected":false},"excerpt":{"rendered":"<p>Belle plaque c\u00e9ramique (19&#215;6,5 cm) repr\u00e9sentant une Vierge \u00e0 l&rsquo;Enfant. C\u2019est une oeuvre de Odette Dijeux (1921-2020), c\u00e9ramiste d&rsquo;Art \u00e0 Namur. El\u00e8ve d\u2019Albert Dandoy \u00e0 l\u2019Ecole des Beaux-Arts de Namur, c\u2019est en 1952 qu\u2019elle se d\u00e9couvre une v\u00e9ritable passion, pour la c\u00e9ramique, obtenant le Premier Prix avec distinction de la classe de Marise Rogister.Cette plaque&hellip;&nbsp;<a href=\"https:\/\/legrenierdelatour.be\/brocante\/produit\/vierge-a-lenfant-odette-dijeux\/\" class=\"\" rel=\"bookmark\">Lire la suite &raquo;<span class=\"screen-reader-text\">Vierge \u00e0 l&rsquo;Enfant, Odette Dijeux<\/span><\/a><\/p>\n","protected":false},"featured_media":9474,"comment_status":"open","ping_status":"closed","template":"","meta":{"neve_meta_sidebar":"","neve_meta_container":"","neve_meta_enable_content_width":"off","neve_meta_content_width":100,"neve_meta_title_alignment":"","neve_meta_author_avatar":"","neve_post_elements_order":"","neve_meta_disable_header":"","neve_meta_disable_footer":"","neve_meta_disable_title":""},"product_brand":[],"product_cat":[37,16,167],"product_tag":[],"class_list":{"0":"post-9473","1":"product","2":"type-product","3":"status-publish","4":"has-post-thumbnail","6":"product_cat-belgique","7":"product_cat-ceramique","8":"product_cat-peintures-et-sculptures","10":"first","11":"instock","12":"shipping-taxable","13":"purchasable","14":"product-type-simple"},"_links":{"self":[{"href":"https:\/\/legrenierdelatour.be\/brocante\/wp-json\/wp\/v2\/product\/9473","targetHints":{"allow":["GET"]}}],"collection":[{"href":"https:\/\/legrenierdelatour.be\/brocante\/wp-json\/wp\/v2\/product"}],"about":[{"href":"https:\/\/legrenierdelatour.be\/brocante\/wp-json\/wp\/v2\/types\/product"}],"replies":[{"embeddable":true,"href":"https:\/\/legrenierdelatour.be\/brocante\/wp-json\/wp\/v2\/comments?post=9473"}],"wp:featuredmedia":[{"embeddable":true,"href":"https:\/\/legrenierdelatour.be\/brocante\/wp-json\/wp\/v2\/media\/9474"}],"wp:attachment":[{"href":"https:\/\/legrenierdelatour.be\/brocante\/wp-json\/wp\/v2\/media?parent=9473"}],"wp:term":[{"taxonomy":"product_brand","embeddable":true,"href":"https:\/\/legrenierdelatour.be\/brocante\/wp-json\/wp\/v2\/product_brand?post=9473"},{"taxonomy":"product_cat","embeddable":true,"href":"https:\/\/legrenierdelatour.be\/brocante\/wp-json\/wp\/v2\/product_cat?post=9473"},{"taxonomy":"product_tag","embeddable":true,"href":"https:\/\/legrenierdelatour.be\/brocante\/wp-json\/wp\/v2\/product_tag?post=9473"}],"curies":[{"name":"wp","href":"https:\/\/api.w.org\/{rel}","templated":true}]}}