{"id":9465,"date":"2024-11-10T12:06:33","date_gmt":"2024-11-10T11:06:33","guid":{"rendered":"https:\/\/legrenierdelatour.be\/brocante\/?post_type=product&#038;p=9465"},"modified":"2024-11-10T12:06:33","modified_gmt":"2024-11-10T11:06:33","slug":"vase-west-germany-54-20-bubbles-bodo-mans","status":"publish","type":"product","link":"https:\/\/legrenierdelatour.be\/brocante\/produit\/vase-west-germany-54-20-bubbles-bodo-mans\/","title":{"rendered":"Vase West Germany, 54-20 Bubbles, Bodo Mans"},"content":{"rendered":"<p>Vase en fa\u00efence \u00e9maill\u00e9e (20 cm de haut)issu de la manufacture Bay (1933-1980) en Allemagne de l\u2019Ouest. Ce vase au d\u00e9cor en relief est en parfait \u00e9tat et porte le num\u00e9ro de forme 54 17. Il date des ann\u00e9es 1967-1972. De couleur jaune et orange avec son d\u00e9cor de demi-boules \u00ab\u00a0Bulbes\u00a0\u00bb, il s\u2019agit d\u2019une cr\u00e9ation du designer Bodo Mans (1935-2001).<\/p>\n<div>R\u00e9f 36.85<\/div>\n","protected":false},"excerpt":{"rendered":"<p>Vase en fa\u00efence \u00e9maill\u00e9e (20 cm de haut)issu de la manufacture Bay (1933-1980) en Allemagne de l\u2019Ouest. Ce vase au d\u00e9cor en relief est en parfait \u00e9tat et porte le num\u00e9ro de forme 54 17. Il date des ann\u00e9es 1967-1972. De couleur jaune et orange avec son d\u00e9cor de demi-boules \u00ab\u00a0Bulbes\u00a0\u00bb, il s\u2019agit d\u2019une cr\u00e9ation&hellip;&nbsp;<a href=\"https:\/\/legrenierdelatour.be\/brocante\/produit\/vase-west-germany-54-20-bubbles-bodo-mans\/\" class=\"\" rel=\"bookmark\">Lire la suite &raquo;<span class=\"screen-reader-text\">Vase West Germany, 54-20 Bubbles, Bodo Mans<\/span><\/a><\/p>\n","protected":false},"featured_media":9466,"comment_status":"open","ping_status":"closed","template":"","meta":{"neve_meta_sidebar":"","neve_meta_container":"","neve_meta_enable_content_width":"off","neve_meta_content_width":100,"neve_meta_title_alignment":"","neve_meta_author_avatar":"","neve_post_elements_order":"","neve_meta_disable_header":"","neve_meta_disable_footer":"","neve_meta_disable_title":""},"product_brand":[],"product_cat":[48,53,16,47],"product_tag":[],"class_list":{"0":"post-9465","1":"product","2":"type-product","3":"status-publish","4":"has-post-thumbnail","6":"product_cat-allemagne","7":"product_cat-bay","8":"product_cat-ceramique","9":"product_cat-west-germany","11":"first","12":"instock","13":"shipping-taxable","14":"purchasable","15":"product-type-simple"},"_links":{"self":[{"href":"https:\/\/legrenierdelatour.be\/brocante\/wp-json\/wp\/v2\/product\/9465","targetHints":{"allow":["GET"]}}],"collection":[{"href":"https:\/\/legrenierdelatour.be\/brocante\/wp-json\/wp\/v2\/product"}],"about":[{"href":"https:\/\/legrenierdelatour.be\/brocante\/wp-json\/wp\/v2\/types\/product"}],"replies":[{"embeddable":true,"href":"https:\/\/legrenierdelatour.be\/brocante\/wp-json\/wp\/v2\/comments?post=9465"}],"wp:featuredmedia":[{"embeddable":true,"href":"https:\/\/legrenierdelatour.be\/brocante\/wp-json\/wp\/v2\/media\/9466"}],"wp:attachment":[{"href":"https:\/\/legrenierdelatour.be\/brocante\/wp-json\/wp\/v2\/media?parent=9465"}],"wp:term":[{"taxonomy":"product_brand","embeddable":true,"href":"https:\/\/legrenierdelatour.be\/brocante\/wp-json\/wp\/v2\/product_brand?post=9465"},{"taxonomy":"product_cat","embeddable":true,"href":"https:\/\/legrenierdelatour.be\/brocante\/wp-json\/wp\/v2\/product_cat?post=9465"},{"taxonomy":"product_tag","embeddable":true,"href":"https:\/\/legrenierdelatour.be\/brocante\/wp-json\/wp\/v2\/product_tag?post=9465"}],"curies":[{"name":"wp","href":"https:\/\/api.w.org\/{rel}","templated":true}]}}