{"id":946,"date":"2022-03-23T16:35:48","date_gmt":"2022-03-23T15:35:48","guid":{"rendered":"https:\/\/legrenierdelatour.be\/brocante\/?post_type=product&#038;p=946"},"modified":"2022-03-23T16:35:48","modified_gmt":"2022-03-23T15:35:48","slug":"paire-de-lampes-suspension-avec-globe-opalin","status":"publish","type":"product","link":"https:\/\/legrenierdelatour.be\/brocante\/produit\/paire-de-lampes-suspension-avec-globe-opalin\/","title":{"rendered":"Paire de lampes suspension avec globe opalin"},"content":{"rendered":"<p>Paire de lampes \u00e0 suspension, avec joli globe opalin ourl\u00e9, avec gravures de motofs floraux stylis\u00e9s. En bon \u00e9tat, l\u2019ensemble devrait dater des ann\u00e9es 1950-60.<\/p>\n<div>R\u00e9f 9.97<\/div>\n","protected":false},"excerpt":{"rendered":"<p>Paire de lampes \u00e0 suspension, avec joli globe opalin ourl\u00e9, avec gravures de motofs floraux stylis\u00e9s. En bon \u00e9tat, l\u2019ensemble devrait dater des ann\u00e9es 1950-60. R\u00e9f 9.97<\/p>\n","protected":false},"featured_media":947,"comment_status":"open","ping_status":"closed","template":"","meta":{"neve_meta_sidebar":"","neve_meta_container":"","neve_meta_enable_content_width":"off","neve_meta_content_width":100,"neve_meta_title_alignment":"","neve_meta_author_avatar":"","neve_post_elements_order":"","neve_meta_disable_header":"","neve_meta_disable_footer":"","neve_meta_disable_title":""},"product_brand":[],"product_cat":[23,24,22],"product_tag":[91,28],"class_list":{"0":"post-946","1":"product","2":"type-product","3":"status-publish","4":"has-post-thumbnail","6":"product_cat-mobilier","7":"product_cat-luminaires","8":"product_cat-verrerie","9":"product_tag-lampe","10":"product_tag-vintage","12":"first","13":"instock","14":"shipping-taxable","15":"purchasable","16":"product-type-simple"},"_links":{"self":[{"href":"https:\/\/legrenierdelatour.be\/brocante\/wp-json\/wp\/v2\/product\/946","targetHints":{"allow":["GET"]}}],"collection":[{"href":"https:\/\/legrenierdelatour.be\/brocante\/wp-json\/wp\/v2\/product"}],"about":[{"href":"https:\/\/legrenierdelatour.be\/brocante\/wp-json\/wp\/v2\/types\/product"}],"replies":[{"embeddable":true,"href":"https:\/\/legrenierdelatour.be\/brocante\/wp-json\/wp\/v2\/comments?post=946"}],"wp:featuredmedia":[{"embeddable":true,"href":"https:\/\/legrenierdelatour.be\/brocante\/wp-json\/wp\/v2\/media\/947"}],"wp:attachment":[{"href":"https:\/\/legrenierdelatour.be\/brocante\/wp-json\/wp\/v2\/media?parent=946"}],"wp:term":[{"taxonomy":"product_brand","embeddable":true,"href":"https:\/\/legrenierdelatour.be\/brocante\/wp-json\/wp\/v2\/product_brand?post=946"},{"taxonomy":"product_cat","embeddable":true,"href":"https:\/\/legrenierdelatour.be\/brocante\/wp-json\/wp\/v2\/product_cat?post=946"},{"taxonomy":"product_tag","embeddable":true,"href":"https:\/\/legrenierdelatour.be\/brocante\/wp-json\/wp\/v2\/product_tag?post=946"}],"curies":[{"name":"wp","href":"https:\/\/api.w.org\/{rel}","templated":true}]}}