{"id":9454,"date":"2024-11-04T17:44:04","date_gmt":"2024-11-04T16:44:04","guid":{"rendered":"https:\/\/legrenierdelatour.be\/brocante\/?post_type=product&#038;p=9454"},"modified":"2024-11-07T15:35:47","modified_gmt":"2024-11-07T14:35:47","slug":"petites-assiettes-ornas-waechtersbach","status":"publish","type":"product","link":"https:\/\/legrenierdelatour.be\/brocante\/produit\/petites-assiettes-ornas-waechtersbach\/","title":{"rendered":"Petites assiettes Ornas, Waechtersbach"},"content":{"rendered":"<p>6 assiettes (17 cm de c\u00f4t\u00e9) repr\u00e9sentant des canards (4 motifs diff\u00e9rents), en parfait \u00e9tat. Elles sont issues de la manufacture Waechtersbach en Bavi\u00e8re, de la collection Ornis et portent le num\u00e9ro de moule 10252\/2. Elles datent des ann\u00e9es 1950.<\/p>\n<div>Elles sont vendues \u00e0 6\u20ac pi\u00e8ce<\/div>\n<div>R\u00e9f 36.82<\/div>\n","protected":false},"excerpt":{"rendered":"<p>6 assiettes (17 cm de c\u00f4t\u00e9) repr\u00e9sentant des canards (4 motifs diff\u00e9rents), en parfait \u00e9tat. Elles sont issues de la manufacture Waechtersbach en Bavi\u00e8re, de la collection Ornis et portent le num\u00e9ro de moule 10252\/2. Elles datent des ann\u00e9es 1950. Elles sont vendues \u00e0 6\u20ac pi\u00e8ce R\u00e9f 36.82<\/p>\n","protected":false},"featured_media":9455,"comment_status":"open","ping_status":"closed","template":"","meta":{"neve_meta_sidebar":"","neve_meta_container":"","neve_meta_enable_content_width":"off","neve_meta_content_width":100,"neve_meta_title_alignment":"","neve_meta_author_avatar":"","neve_post_elements_order":"","neve_meta_disable_header":"","neve_meta_disable_footer":"","neve_meta_disable_title":""},"product_brand":[],"product_cat":[48,168,16],"product_tag":[],"class_list":{"0":"post-9454","1":"product","2":"type-product","3":"status-publish","4":"has-post-thumbnail","6":"product_cat-allemagne","7":"product_cat-bavaria","8":"product_cat-ceramique","10":"first","11":"instock","12":"shipping-taxable","13":"purchasable","14":"product-type-simple"},"_links":{"self":[{"href":"https:\/\/legrenierdelatour.be\/brocante\/wp-json\/wp\/v2\/product\/9454","targetHints":{"allow":["GET"]}}],"collection":[{"href":"https:\/\/legrenierdelatour.be\/brocante\/wp-json\/wp\/v2\/product"}],"about":[{"href":"https:\/\/legrenierdelatour.be\/brocante\/wp-json\/wp\/v2\/types\/product"}],"replies":[{"embeddable":true,"href":"https:\/\/legrenierdelatour.be\/brocante\/wp-json\/wp\/v2\/comments?post=9454"}],"wp:featuredmedia":[{"embeddable":true,"href":"https:\/\/legrenierdelatour.be\/brocante\/wp-json\/wp\/v2\/media\/9455"}],"wp:attachment":[{"href":"https:\/\/legrenierdelatour.be\/brocante\/wp-json\/wp\/v2\/media?parent=9454"}],"wp:term":[{"taxonomy":"product_brand","embeddable":true,"href":"https:\/\/legrenierdelatour.be\/brocante\/wp-json\/wp\/v2\/product_brand?post=9454"},{"taxonomy":"product_cat","embeddable":true,"href":"https:\/\/legrenierdelatour.be\/brocante\/wp-json\/wp\/v2\/product_cat?post=9454"},{"taxonomy":"product_tag","embeddable":true,"href":"https:\/\/legrenierdelatour.be\/brocante\/wp-json\/wp\/v2\/product_tag?post=9454"}],"curies":[{"name":"wp","href":"https:\/\/api.w.org\/{rel}","templated":true}]}}