{"id":9452,"date":"2024-11-04T15:40:20","date_gmt":"2024-11-04T14:40:20","guid":{"rendered":"https:\/\/legrenierdelatour.be\/brocante\/?post_type=product&#038;p=9452"},"modified":"2024-11-04T15:40:20","modified_gmt":"2024-11-04T14:40:20","slug":"plat-en-verre-moule-art-deco-allemagne","status":"publish","type":"product","link":"https:\/\/legrenierdelatour.be\/brocante\/produit\/plat-en-verre-moule-art-deco-allemagne\/","title":{"rendered":"Plat en verre moul\u00e9, Art d\u00e9co, Allemagne"},"content":{"rendered":"<p>Plat en verre moul\u00e9 fum\u00e9 (27 cm de diam\u00e8tre) produit en Allemagne, de style Art d\u00e9co, sans doute vers les ann\u00e9es 1930-50.<\/p>\n<div>R\u00e9f 36.80<\/div>\n","protected":false},"excerpt":{"rendered":"<p>Plat en verre moul\u00e9 fum\u00e9 (27 cm de diam\u00e8tre) produit en Allemagne, de style Art d\u00e9co, sans doute vers les ann\u00e9es 1930-50. R\u00e9f 36.80<\/p>\n","protected":false},"featured_media":9447,"comment_status":"open","ping_status":"closed","template":"","meta":{"neve_meta_sidebar":"","neve_meta_container":"","neve_meta_enable_content_width":"off","neve_meta_content_width":100,"neve_meta_title_alignment":"","neve_meta_author_avatar":"","neve_post_elements_order":"","neve_meta_disable_header":"","neve_meta_disable_footer":"","neve_meta_disable_title":""},"product_brand":[],"product_cat":[172,22],"product_tag":[],"class_list":{"0":"post-9452","1":"product","2":"type-product","3":"status-publish","4":"has-post-thumbnail","6":"product_cat-en-cuisine","7":"product_cat-verrerie","9":"first","10":"instock","11":"shipping-taxable","12":"purchasable","13":"product-type-simple"},"_links":{"self":[{"href":"https:\/\/legrenierdelatour.be\/brocante\/wp-json\/wp\/v2\/product\/9452","targetHints":{"allow":["GET"]}}],"collection":[{"href":"https:\/\/legrenierdelatour.be\/brocante\/wp-json\/wp\/v2\/product"}],"about":[{"href":"https:\/\/legrenierdelatour.be\/brocante\/wp-json\/wp\/v2\/types\/product"}],"replies":[{"embeddable":true,"href":"https:\/\/legrenierdelatour.be\/brocante\/wp-json\/wp\/v2\/comments?post=9452"}],"wp:featuredmedia":[{"embeddable":true,"href":"https:\/\/legrenierdelatour.be\/brocante\/wp-json\/wp\/v2\/media\/9447"}],"wp:attachment":[{"href":"https:\/\/legrenierdelatour.be\/brocante\/wp-json\/wp\/v2\/media?parent=9452"}],"wp:term":[{"taxonomy":"product_brand","embeddable":true,"href":"https:\/\/legrenierdelatour.be\/brocante\/wp-json\/wp\/v2\/product_brand?post=9452"},{"taxonomy":"product_cat","embeddable":true,"href":"https:\/\/legrenierdelatour.be\/brocante\/wp-json\/wp\/v2\/product_cat?post=9452"},{"taxonomy":"product_tag","embeddable":true,"href":"https:\/\/legrenierdelatour.be\/brocante\/wp-json\/wp\/v2\/product_tag?post=9452"}],"curies":[{"name":"wp","href":"https:\/\/api.w.org\/{rel}","templated":true}]}}